{"id":83,"date":"2024-06-17T12:55:09","date_gmt":"2024-06-17T10:55:09","guid":{"rendered":"https:\/\/voltacademie.fr\/?page_id=83"},"modified":"2025-01-04T12:48:13","modified_gmt":"2025-01-04T11:48:13","slug":"nos-formations-habilitation-eelctrique","status":"publish","type":"page","link":"https:\/\/voltacademie.fr\/?page_id=83","title":{"rendered":"H0V B0"},"content":{"rendered":"\n<figure class=\"wp-block-image aligncenter size-full\"><img loading=\"lazy\" decoding=\"async\" width=\"480\" height=\"360\" src=\"https:\/\/voltacademie.fr\/wp-content\/uploads\/2024\/06\/elecreseau.gif\" alt=\"\" class=\"wp-image-84\"\/><\/figure>\n\n\n\n<h2 class=\"wp-block-heading has-text-align-center\">Habilitation Electrique H0V B0<\/h2>\n\n\n\n<h2 class=\"wp-block-heading has-large-font-size\">Public concern\u00e9 ?<\/h2>\n\n\n\n<p class=\"has-text-align-center\">Tous les collaborateurs non-\u00e9lectricien dont les activit\u00e9s les am\u00e8nent \u00e0 \u00e9voluer \u00e0 proximit\u00e9 d\u2019installations \u00e9lectriques en tr\u00e8s basse tension (de 0 \u00e0 50 volts), en basse tension (de 50 \u00e0 1000 volts) et en haute tension (au-del\u00e0 de 1000 volts) sans pour autant agir sur un organe \u00e9lectrique.<\/p>\n\n\n\n<p class=\"has-text-align-center\">L\u2019ensemble des op\u00e9rations \u00e9tant d\u2019ordre \u00ab non- \u00e9lectrique \u00bb.<\/p>\n\n\n\n<p class=\"has-text-align-center\">Cette formation permet d\u2019acqu\u00e9rir les \u00e9l\u00e9ments leurs permettant de se pr\u00e9munir du risque \u00e9lectrique par une analyse du risque dans l\u2019environnement<\/p>\n\n\n\n<h2 class=\"wp-block-heading has-large-font-size\">Pr\u00e9requis ?<\/h2>\n\n\n\n<p class=\"has-text-align-center\"> Il est conseill\u00e9 de conna\u00eetre les fondamentaux de l\u2019\u00e9lectricit\u00e9 et de poss\u00e9der une ma\u00eetrise correcte de la langue fran\u00e7aise.<\/p>\n\n\n\n<h2 class=\"wp-block-heading has-large-font-size\">Objectifs<\/h2>\n\n\n\n<p class=\"has-text-align-center\">Cette formation vise \u00e0 faire habiliter par l\u2019employeur les collaborateurs non-\u00e9lectriciens dont les taches reposent sur la r\u00e9alisation de travaux d\u2019ordre \u00e9lectrique sur des installations ou \u00e9lectriques en basse tension.<\/p>\n\n\n\n<p class=\"has-text-align-center has-medium-font-size\">\u00c0 l\u2019issue de la formation, les participants seront en mesure :<\/p>\n\n\n\n<ul class=\"wp-block-list\">\n<li>D\u2019analyser et appr\u00e9hender le facteur \u00ab risque \u00e9lectrique \u00bb dans leur environnement de travail(Article D.3.1.9.2 norme NFC18-510),<\/li>\n\n\n\n<li>De conna\u00eetre, d\u2019appliquer et de faire appliquer les prescriptions de la norme NFC 18-510(version de janvier 2012) visant \u00e0 se pr\u00e9munir du risque \u00e9lectrique (Article D.3.1.9.2 normeNFC18-510),<\/li>\n\n\n\n<li>De conna\u00eetre les limites de leurs attributions et domaines d\u2019intervention sur les installations\u00e9lectriques existantes (Article D.3.1.9.2 norme NFC18-510),<\/li>\n\n\n\n<li>De diff\u00e9rencier les domaines de tensions (Article 3.3.2 norme NFC18-510),<\/li>\n\n\n\n<li>De connaitre et diff\u00e9rencier les op\u00e9rations d&rsquo;ordres \u00e9lectriques et non-\u00e9lectriques,<\/li>\n\n\n\n<li>De se pr\u00e9munir du risque \u00e9lectrique li\u00e9 \u00e0 l&rsquo;utilisation d&rsquo;outils \u00e0 main, portatifs ou m\u00e9caniques,<\/li>\n\n\n\n<li>De nommer un surveillant de s\u00e9curit\u00e9 et\/ou de limite,<\/li>\n\n\n\n<li>D\u2019adopter une conduite adapt\u00e9e en cas d\u2019accident ou d\u2019incendie d\u2019origine \u00e9lectrique (Article 13 norme NFC18-510).<\/li>\n<\/ul>\n\n\n\n<h2 class=\"wp-block-heading has-large-font-size\">Base r\u00e9glementaire<\/h2>\n\n\n\n<ul class=\"wp-block-list\">\n<li>D\u00e9cret n\u00b02010-1118 du 22 septembre 2010<\/li>\n\n\n\n<li>Articles R4544-9 et R4544-10 du code dutravail<\/li>\n\n\n\n<li>NORME NFC18-510 (Janvier 2012)<\/li>\n\n\n\n<li>Documents INRS (ED6127 et ED6187)<\/li>\n<\/ul>\n\n\n\n<h2 class=\"wp-block-heading has-large-font-size\">M\u00e9thodes p\u00e9dagogiques<\/h2>\n\n\n\n<p>Les apports th\u00e9oriques sont \u00e9tay\u00e9s par des mises en pratique.<\/p>\n\n\n\n<p>La m\u00e9thode participative est privil\u00e9gi\u00e9e pour permettre aux participants d\u2019\u00e9changer sur leurs pratiques professionnelles et partager leurs exp\u00e9riences propres.<\/p>\n\n\n\n<h2 class=\"wp-block-heading has-large-font-size\">Moyens p\u00e9dagogiques<\/h2>\n\n\n\n<p>La formation est conduite dans une salle \u00e9quip\u00e9e d\u2019un vid\u00e9oprojecteur ou d&rsquo;un \u00e9cran et de supports pour cours (tableau, storyboard).<\/p>\n\n\n\n<p>Des documents normalis\u00e9s sont utilis\u00e9s en support de mise enpratique de la norme NFC18-510.<\/p>\n\n\n\n<p>Des maquettes p\u00e9dagogiques sont mises \u00e0 dispositions pour les apports pratiques (tableaux \u00e9lectriques).<\/p>\n\n\n\n<p>Des \u00e9quipements de protection individuelle sont mis \u00e0 disposition des participants (tapis, VAT, gant, \u00e9cran facial,cadenas, macaron, etc\u2026).<\/p>\n\n\n\n<h2 class=\"wp-block-heading has-large-font-size\">Programme et contenu des comp\u00e9tences socles<\/h2>\n\n\n\n<p>1. Th\u00e9matiques th\u00e9oriques<\/p>\n\n\n\n<p>Module 1 R\u00e9f\u00e9rentiel INRS \u2013 Th\u00e8mes communs<\/p>\n\n\n\n<ol class=\"wp-block-list\">\n<li>Grandeurs \u00e9lectriques rencontr\u00e9es lors des diff\u00e9rentes op\u00e9rations,<\/li>\n\n\n\n<li>Effets du courant sur le corps humain : \u00e9lectrisation, \u00e9lectrocution, br\u00fblure,<\/li>\n\n\n\n<li>Ouvrages ou installations : domaines de tension, limites et reconnaissance des mat\u00e9riels,<\/li>\n\n\n\n<li>Zones d\u2019environnements et leurs limites,<\/li>\n\n\n\n<li>Habilitation : principe, symboles, limites et formalisation,<\/li>\n\n\n\n<li>Prescriptions de s\u00e9curit\u00e9 associ\u00e9es aux zones d\u2019environnement et aux op\u00e9rations,<\/li>\n\n\n\n<li>Protection collective : mesures, \u00e9quipements et signalisation<\/li>\n\n\n\n<li>Equipements de travail utilis\u00e9s (\u00e9chelles, outils \u00e0 main\u2026) : risques et mise en \u0153uvre,<\/li>\n\n\n\n<li>Incendies et accidents sur ou pr\u00e8s des ouvrages et installations \u00e9lectriques,<\/li>\n\n\n\n<li>Evaluation du risque \u00e9lectrique.<\/li>\n<\/ol>\n\n\n\n<p>2. Th\u00e9matiques pratiques<\/p>\n\n\n\n<p>Module 7 &#8211; R\u00e9f\u00e9rentiel INRS<\/p>\n\n\n\n<ol class=\"wp-block-list\">\n<li>Acteurs concern\u00e9s par les travaux (r\u00f4le et fonction)<\/li>\n\n\n\n<li>Habilitation indice 0 : limites, analyse des risques et mesures de pr\u00e9vention<\/li>\n<\/ol>\n\n\n\n<h2 class=\"wp-block-heading has-large-font-size\">Conditions de r\u00e9ussite<\/h2>\n\n\n\n<p>Les apports th\u00e9oriques et pratiques sont consid\u00e9r\u00e9s comme acquis sous r\u00e9serve :<\/p>\n\n\n\n<ul class=\"wp-block-list\">\n<li>D\u2019avoir suivi la formation sur les 7 heures cons\u00e9cutives,<\/li>\n\n\n\n<li>D\u2019avoir obtenu un r\u00e9sultat satisfaisant au QCM <\/li>\n\n\n\n<li>D\u2019avoir r\u00e9ussi les \u00e9preuves de mises en pratique.<\/li>\n<\/ul>\n\n\n\n<h2 class=\"wp-block-heading has-large-font-size\">Modalit\u00e9s d&rsquo;\u00e9valuation<\/h2>\n\n\n\n<p>Th\u00e9oriques : Questionnaires \u00e0 choix multiples (QCM).<\/p>\n\n\n\n<p>Pratiques : <\/p>\n\n\n\n<ul class=\"wp-block-list\">\n<li>Reconna\u00eetre l\u2019appartenance des mat\u00e9riels \u00e0 leur domaine de tension,<\/li>\n\n\n\n<li>Identifier les limites de la zone d\u2019environnement,<\/li>\n\n\n\n<li>Lire et exploiter le contenu d\u2019un titre d\u2019habilitation,<\/li>\n\n\n\n<li>Reconna\u00eetre la zone de travail ainsi que les signalisations et rep\u00e9rages associ\u00e9s,<\/li>\n\n\n\n<li>Appliquer les proc\u00e9dures et consignes en cas d\u2019accident corporel ou d\u2019incendie dans un environnement \u00e9lectrique.<\/li>\n<\/ul>\n\n\n\n<h2 class=\"wp-block-heading has-large-font-size\">Dur\u00e9e de la formation<\/h2>\n\n\n\n<p class=\"has-text-align-center\">Formation initiale ou recyclage : 1 jour &#8211; 7 heures<\/p>\n\n\n\n<h2 class=\"wp-block-heading has-large-font-size\">Co\u00fbt p\u00e9dagogique<\/h2>\n\n\n\n<p>En session inter-entreprises : 300\u20ac par stagiaire<\/p>\n\n\n\n<p>En session intra-entreprises : nous contacter<\/p>\n\n\n\n<div class=\"wp-block-buttons is-content-justification-center is-layout-flex wp-container-core-buttons-is-layout-a89b3969 wp-block-buttons-is-layout-flex\">\n<div class=\"wp-block-button\"><a class=\"wp-block-button__link has-text-align-center wp-element-button\" href=\"https:\/\/voltacademie.fr\/?page_id=136\">Contactez-nous !<\/a><\/div>\n<\/div>\n\n\n\n<div data-wp-interactive=\"core\/file\" class=\"wp-block-file aligncenter\"><object data-wp-bind--hidden=\"!state.hasPdfPreview\" hidden class=\"wp-block-file__embed\" data=\"https:\/\/voltacademie.fr\/wp-content\/uploads\/2025\/01\/Fiche-formation-H0V-B0-VOLT.pdf\" type=\"application\/pdf\" style=\"width:100%;height:600px\" aria-label=\"Contenu embarqu\u00e9 Fiche formation H0V B0 VOLT.\"><\/object><a id=\"wp-block-file--media-b769aa0b-3b29-47c8-84cd-19a902fdb80e\" href=\"https:\/\/voltacademie.fr\/wp-content\/uploads\/2025\/01\/Fiche-formation-H0V-B0-VOLT.pdf\">Fiche formation H0V B0 VOLT<\/a><a href=\"https:\/\/voltacademie.fr\/wp-content\/uploads\/2025\/01\/Fiche-formation-H0V-B0-VOLT.pdf\" class=\"wp-block-file__button wp-element-button\" download aria-describedby=\"wp-block-file--media-b769aa0b-3b29-47c8-84cd-19a902fdb80e\">T\u00e9l\u00e9charger<\/a><\/div>\n","protected":false},"excerpt":{"rendered":"<p>Habilitation Electrique H0V B0 Public concern\u00e9 ? Tous les collaborateurs non-\u00e9lectricien dont les activit\u00e9s les am\u00e8nent \u00e0 \u00e9voluer \u00e0 proximit\u00e9 d\u2019installations \u00e9lectriques en tr\u00e8s basse tension (de 0 \u00e0 50 volts), en basse tension (de 50 \u00e0 1000 volts) et en haute tension (au-del\u00e0 de 1000 volts) sans pour autant agir sur un organe \u00e9lectrique. [&hellip;]<\/p>\n","protected":false},"author":1,"featured_media":0,"parent":0,"menu_order":0,"comment_status":"closed","ping_status":"closed","template":"","meta":{"footnotes":""},"class_list":["post-83","page","type-page","status-publish","hentry"],"blocksy_meta":[],"yoast_head":"<!-- This site is optimized with the Yoast SEO plugin v27.1.1 - https:\/\/yoast.com\/product\/yoast-seo-wordpress\/ -->\n<title>Habilitation Electrique H0V B0 Paca Marseille Nice Aix Toulon Avignon Volt Acad\u00e9mie<\/title>\n<meta name=\"description\" content=\"Formation Habilitation Electrique H0V B0 pour les travailleurs non-\u00e9lectriciens. Apprenez \u00e0 intervenir en toute s\u00e9curit\u00e9 \u00e0 proximit\u00e9 des installations \u00e9lectriques, \u00e0 identifier les risques \u00e9lectriques et \u00e0 appliquer les mesures de pr\u00e9vention. Formation \u00e0 destination des entreprises \u00e0 Nice, Cannes, Antibes (Alpes-Maritimes - 06), Marseille, Aix-en-Provence, Arles (Bouches-du-Rh\u00f4ne - 13), Toulon, Fr\u00e9jus, Draguignan (Var - 83), Avignon, Carpentras, Cavaillon (Vaucluse - 84).\" \/>\n<meta name=\"robots\" content=\"index, follow, max-snippet:-1, max-image-preview:large, max-video-preview:-1\" \/>\n<link rel=\"canonical\" href=\"https:\/\/voltacademie.fr\/?page_id=83\" \/>\n<meta property=\"og:locale\" content=\"fr_FR\" \/>\n<meta property=\"og:type\" content=\"article\" \/>\n<meta property=\"og:title\" content=\"Habilitation Electrique H0V B0 Paca Marseille Nice Aix Toulon Avignon Volt Acad\u00e9mie\" \/>\n<meta property=\"og:description\" content=\"Formation Habilitation Electrique H0V B0 pour les travailleurs non-\u00e9lectriciens. Apprenez \u00e0 intervenir en toute s\u00e9curit\u00e9 \u00e0 proximit\u00e9 des installations \u00e9lectriques, \u00e0 identifier les risques \u00e9lectriques et \u00e0 appliquer les mesures de pr\u00e9vention. Formation \u00e0 destination des entreprises \u00e0 Nice, Cannes, Antibes (Alpes-Maritimes - 06), Marseille, Aix-en-Provence, Arles (Bouches-du-Rh\u00f4ne - 13), Toulon, Fr\u00e9jus, Draguignan (Var - 83), Avignon, Carpentras, Cavaillon (Vaucluse - 84).\" \/>\n<meta property=\"og:url\" content=\"https:\/\/voltacademie.fr\/?page_id=83\" \/>\n<meta property=\"og:site_name\" content=\"VOLT Acad\u00e9mie\" \/>\n<meta property=\"article:publisher\" content=\"https:\/\/www.facebook.com\/IpFibreAcademie\" \/>\n<meta property=\"article:modified_time\" content=\"2025-01-04T11:48:13+00:00\" \/>\n<meta property=\"og:image\" content=\"https:\/\/voltacademie.fr\/wp-content\/uploads\/2024\/06\/elecreseau.gif\" \/>\n\t<meta property=\"og:image:width\" content=\"480\" \/>\n\t<meta property=\"og:image:height\" content=\"360\" \/>\n\t<meta property=\"og:image:type\" content=\"image\/gif\" \/>\n<meta name=\"twitter:card\" content=\"summary_large_image\" \/>\n<meta name=\"twitter:label1\" content=\"Dur\u00e9e de lecture estim\u00e9e\" \/>\n\t<meta name=\"twitter:data1\" content=\"4 minutes\" \/>\n<script type=\"application\/ld+json\" class=\"yoast-schema-graph\">{\"@context\":\"https:\/\/schema.org\",\"@graph\":[{\"@type\":\"WebPage\",\"@id\":\"https:\/\/voltacademie.fr\/?page_id=83\",\"url\":\"https:\/\/voltacademie.fr\/?page_id=83\",\"name\":\"Habilitation Electrique H0V B0 Paca Marseille Nice Aix Toulon Avignon Volt Acad\u00e9mie\",\"isPartOf\":{\"@id\":\"https:\/\/voltacademie.fr\/#website\"},\"primaryImageOfPage\":{\"@id\":\"https:\/\/voltacademie.fr\/?page_id=83#primaryimage\"},\"image\":{\"@id\":\"https:\/\/voltacademie.fr\/?page_id=83#primaryimage\"},\"thumbnailUrl\":\"https:\/\/voltacademie.fr\/wp-content\/uploads\/2024\/06\/elecreseau.gif\",\"datePublished\":\"2024-06-17T10:55:09+00:00\",\"dateModified\":\"2025-01-04T11:48:13+00:00\",\"description\":\"Formation Habilitation Electrique H0V B0 pour les travailleurs non-\u00e9lectriciens. Apprenez \u00e0 intervenir en toute s\u00e9curit\u00e9 \u00e0 proximit\u00e9 des installations \u00e9lectriques, \u00e0 identifier les risques \u00e9lectriques et \u00e0 appliquer les mesures de pr\u00e9vention. Formation \u00e0 destination des entreprises \u00e0 Nice, Cannes, Antibes (Alpes-Maritimes - 06), Marseille, Aix-en-Provence, Arles (Bouches-du-Rh\u00f4ne - 13), Toulon, Fr\u00e9jus, Draguignan (Var - 83), Avignon, Carpentras, Cavaillon (Vaucluse - 84).\",\"breadcrumb\":{\"@id\":\"https:\/\/voltacademie.fr\/?page_id=83#breadcrumb\"},\"inLanguage\":\"fr-FR\",\"potentialAction\":[{\"@type\":\"ReadAction\",\"target\":[\"https:\/\/voltacademie.fr\/?page_id=83\"]}]},{\"@type\":\"ImageObject\",\"inLanguage\":\"fr-FR\",\"@id\":\"https:\/\/voltacademie.fr\/?page_id=83#primaryimage\",\"url\":\"https:\/\/voltacademie.fr\/wp-content\/uploads\/2024\/06\/elecreseau.gif\",\"contentUrl\":\"https:\/\/voltacademie.fr\/wp-content\/uploads\/2024\/06\/elecreseau.gif\",\"width\":480,\"height\":360},{\"@type\":\"BreadcrumbList\",\"@id\":\"https:\/\/voltacademie.fr\/?page_id=83#breadcrumb\",\"itemListElement\":[{\"@type\":\"ListItem\",\"position\":1,\"name\":\"Accueil\",\"item\":\"https:\/\/voltacademie.fr\/\"},{\"@type\":\"ListItem\",\"position\":2,\"name\":\"H0V B0\"}]},{\"@type\":\"WebSite\",\"@id\":\"https:\/\/voltacademie.fr\/#website\",\"url\":\"https:\/\/voltacademie.fr\/\",\"name\":\"VOLT Acad\u00e9mie\",\"description\":\"Centre de formation - S\u00e9curit\u00e9 Electricit\u00e9 IRVE Photovolta\u00efque AIPR Hablitations Electriques - Pertuis - Aix - Marseille - Nice - PACA\",\"publisher\":{\"@id\":\"https:\/\/voltacademie.fr\/#organization\"},\"potentialAction\":[{\"@type\":\"SearchAction\",\"target\":{\"@type\":\"EntryPoint\",\"urlTemplate\":\"https:\/\/voltacademie.fr\/?s={search_term_string}\"},\"query-input\":{\"@type\":\"PropertyValueSpecification\",\"valueRequired\":true,\"valueName\":\"search_term_string\"}}],\"inLanguage\":\"fr-FR\"},{\"@type\":\"Organization\",\"@id\":\"https:\/\/voltacademie.fr\/#organization\",\"name\":\"VOLT Acad\u00e9mie\",\"url\":\"https:\/\/voltacademie.fr\/\",\"logo\":{\"@type\":\"ImageObject\",\"inLanguage\":\"fr-FR\",\"@id\":\"https:\/\/voltacademie.fr\/#\/schema\/logo\/image\/\",\"url\":\"https:\/\/voltacademie.fr\/wp-content\/uploads\/2024\/06\/cropped-cropped-ySrmBZ4JSla_GJpKTBpLMg-1.webp\",\"contentUrl\":\"https:\/\/voltacademie.fr\/wp-content\/uploads\/2024\/06\/cropped-cropped-ySrmBZ4JSla_GJpKTBpLMg-1.webp\",\"width\":512,\"height\":384,\"caption\":\"VOLT Acad\u00e9mie\"},\"image\":{\"@id\":\"https:\/\/voltacademie.fr\/#\/schema\/logo\/image\/\"},\"sameAs\":[\"https:\/\/www.facebook.com\/IpFibreAcademie\",\"https:\/\/www.linkedin.com\/company\/ip-fibre-academie\/\"]}]}<\/script>\n<!-- \/ Yoast SEO plugin. -->","yoast_head_json":{"title":"Habilitation Electrique H0V B0 Paca Marseille Nice Aix Toulon Avignon Volt Acad\u00e9mie","description":"Formation Habilitation Electrique H0V B0 pour les travailleurs non-\u00e9lectriciens. Apprenez \u00e0 intervenir en toute s\u00e9curit\u00e9 \u00e0 proximit\u00e9 des installations \u00e9lectriques, \u00e0 identifier les risques \u00e9lectriques et \u00e0 appliquer les mesures de pr\u00e9vention. Formation \u00e0 destination des entreprises \u00e0 Nice, Cannes, Antibes (Alpes-Maritimes - 06), Marseille, Aix-en-Provence, Arles (Bouches-du-Rh\u00f4ne - 13), Toulon, Fr\u00e9jus, Draguignan (Var - 83), Avignon, Carpentras, Cavaillon (Vaucluse - 84).","robots":{"index":"index","follow":"follow","max-snippet":"max-snippet:-1","max-image-preview":"max-image-preview:large","max-video-preview":"max-video-preview:-1"},"canonical":"https:\/\/voltacademie.fr\/?page_id=83","og_locale":"fr_FR","og_type":"article","og_title":"Habilitation Electrique H0V B0 Paca Marseille Nice Aix Toulon Avignon Volt Acad\u00e9mie","og_description":"Formation Habilitation Electrique H0V B0 pour les travailleurs non-\u00e9lectriciens. Apprenez \u00e0 intervenir en toute s\u00e9curit\u00e9 \u00e0 proximit\u00e9 des installations \u00e9lectriques, \u00e0 identifier les risques \u00e9lectriques et \u00e0 appliquer les mesures de pr\u00e9vention. Formation \u00e0 destination des entreprises \u00e0 Nice, Cannes, Antibes (Alpes-Maritimes - 06), Marseille, Aix-en-Provence, Arles (Bouches-du-Rh\u00f4ne - 13), Toulon, Fr\u00e9jus, Draguignan (Var - 83), Avignon, Carpentras, Cavaillon (Vaucluse - 84).","og_url":"https:\/\/voltacademie.fr\/?page_id=83","og_site_name":"VOLT Acad\u00e9mie","article_publisher":"https:\/\/www.facebook.com\/IpFibreAcademie","article_modified_time":"2025-01-04T11:48:13+00:00","og_image":[{"url":"https:\/\/voltacademie.fr\/wp-content\/uploads\/2024\/06\/elecreseau.gif","width":480,"height":360,"type":"image\/gif"}],"twitter_card":"summary_large_image","twitter_misc":{"Dur\u00e9e de lecture estim\u00e9e":"4 minutes"},"schema":{"@context":"https:\/\/schema.org","@graph":[{"@type":"WebPage","@id":"https:\/\/voltacademie.fr\/?page_id=83","url":"https:\/\/voltacademie.fr\/?page_id=83","name":"Habilitation Electrique H0V B0 Paca Marseille Nice Aix Toulon Avignon Volt Acad\u00e9mie","isPartOf":{"@id":"https:\/\/voltacademie.fr\/#website"},"primaryImageOfPage":{"@id":"https:\/\/voltacademie.fr\/?page_id=83#primaryimage"},"image":{"@id":"https:\/\/voltacademie.fr\/?page_id=83#primaryimage"},"thumbnailUrl":"https:\/\/voltacademie.fr\/wp-content\/uploads\/2024\/06\/elecreseau.gif","datePublished":"2024-06-17T10:55:09+00:00","dateModified":"2025-01-04T11:48:13+00:00","description":"Formation Habilitation Electrique H0V B0 pour les travailleurs non-\u00e9lectriciens. Apprenez \u00e0 intervenir en toute s\u00e9curit\u00e9 \u00e0 proximit\u00e9 des installations \u00e9lectriques, \u00e0 identifier les risques \u00e9lectriques et \u00e0 appliquer les mesures de pr\u00e9vention. Formation \u00e0 destination des entreprises \u00e0 Nice, Cannes, Antibes (Alpes-Maritimes - 06), Marseille, Aix-en-Provence, Arles (Bouches-du-Rh\u00f4ne - 13), Toulon, Fr\u00e9jus, Draguignan (Var - 83), Avignon, Carpentras, Cavaillon (Vaucluse - 84).","breadcrumb":{"@id":"https:\/\/voltacademie.fr\/?page_id=83#breadcrumb"},"inLanguage":"fr-FR","potentialAction":[{"@type":"ReadAction","target":["https:\/\/voltacademie.fr\/?page_id=83"]}]},{"@type":"ImageObject","inLanguage":"fr-FR","@id":"https:\/\/voltacademie.fr\/?page_id=83#primaryimage","url":"https:\/\/voltacademie.fr\/wp-content\/uploads\/2024\/06\/elecreseau.gif","contentUrl":"https:\/\/voltacademie.fr\/wp-content\/uploads\/2024\/06\/elecreseau.gif","width":480,"height":360},{"@type":"BreadcrumbList","@id":"https:\/\/voltacademie.fr\/?page_id=83#breadcrumb","itemListElement":[{"@type":"ListItem","position":1,"name":"Accueil","item":"https:\/\/voltacademie.fr\/"},{"@type":"ListItem","position":2,"name":"H0V B0"}]},{"@type":"WebSite","@id":"https:\/\/voltacademie.fr\/#website","url":"https:\/\/voltacademie.fr\/","name":"VOLT Acad\u00e9mie","description":"Centre de formation - S\u00e9curit\u00e9 Electricit\u00e9 IRVE Photovolta\u00efque AIPR Hablitations Electriques - Pertuis - Aix - Marseille - Nice - PACA","publisher":{"@id":"https:\/\/voltacademie.fr\/#organization"},"potentialAction":[{"@type":"SearchAction","target":{"@type":"EntryPoint","urlTemplate":"https:\/\/voltacademie.fr\/?s={search_term_string}"},"query-input":{"@type":"PropertyValueSpecification","valueRequired":true,"valueName":"search_term_string"}}],"inLanguage":"fr-FR"},{"@type":"Organization","@id":"https:\/\/voltacademie.fr\/#organization","name":"VOLT Acad\u00e9mie","url":"https:\/\/voltacademie.fr\/","logo":{"@type":"ImageObject","inLanguage":"fr-FR","@id":"https:\/\/voltacademie.fr\/#\/schema\/logo\/image\/","url":"https:\/\/voltacademie.fr\/wp-content\/uploads\/2024\/06\/cropped-cropped-ySrmBZ4JSla_GJpKTBpLMg-1.webp","contentUrl":"https:\/\/voltacademie.fr\/wp-content\/uploads\/2024\/06\/cropped-cropped-ySrmBZ4JSla_GJpKTBpLMg-1.webp","width":512,"height":384,"caption":"VOLT Acad\u00e9mie"},"image":{"@id":"https:\/\/voltacademie.fr\/#\/schema\/logo\/image\/"},"sameAs":["https:\/\/www.facebook.com\/IpFibreAcademie","https:\/\/www.linkedin.com\/company\/ip-fibre-academie\/"]}]}},"_links":{"self":[{"href":"https:\/\/voltacademie.fr\/index.php?rest_route=\/wp\/v2\/pages\/83","targetHints":{"allow":["GET"]}}],"collection":[{"href":"https:\/\/voltacademie.fr\/index.php?rest_route=\/wp\/v2\/pages"}],"about":[{"href":"https:\/\/voltacademie.fr\/index.php?rest_route=\/wp\/v2\/types\/page"}],"author":[{"embeddable":true,"href":"https:\/\/voltacademie.fr\/index.php?rest_route=\/wp\/v2\/users\/1"}],"replies":[{"embeddable":true,"href":"https:\/\/voltacademie.fr\/index.php?rest_route=%2Fwp%2Fv2%2Fcomments&post=83"}],"version-history":[{"count":7,"href":"https:\/\/voltacademie.fr\/index.php?rest_route=\/wp\/v2\/pages\/83\/revisions"}],"predecessor-version":[{"id":349,"href":"https:\/\/voltacademie.fr\/index.php?rest_route=\/wp\/v2\/pages\/83\/revisions\/349"}],"wp:attachment":[{"href":"https:\/\/voltacademie.fr\/index.php?rest_route=%2Fwp%2Fv2%2Fmedia&parent=83"}],"curies":[{"name":"wp","href":"https:\/\/api.w.org\/{rel}","templated":true}]}}