{"id":64,"date":"2024-06-17T11:36:00","date_gmt":"2024-06-17T09:36:00","guid":{"rendered":"https:\/\/voltacademie.fr\/?page_id=64"},"modified":"2024-06-19T18:27:40","modified_gmt":"2024-06-19T16:27:40","slug":"habilitations-electriques","status":"publish","type":"page","link":"https:\/\/voltacademie.fr\/?page_id=64","title":{"rendered":"Habilitations Electriques"},"content":{"rendered":"\n<p><strong>Qu\u2019est-ce que l\u2019habilitation \u00e9lectri<\/strong><strong>que&nbsp;?<\/strong><\/p>\n\n\n\n<div class=\"wp-block-group is-layout-constrained wp-block-group-is-layout-constrained\">\n<blockquote class=\"wp-block-quote is-layout-flow wp-block-quote-is-layout-flow\">\n<p class=\"has-text-align-center\">L\u2019habilitation est la reconnaissance, par l\u2019employeur, de la capacit\u00e9 d\u2019une personne plac\u00e9e sous son autorit\u00e9 \u00e0 accomplir, en s\u00e9curit\u00e9 vis-\u00e0-vis du risque \u00e9lectrique, les t\u00e2ches qui lui sont confi\u00e9es. Avant d\u2019\u00eatre habilit\u00e9, le travailleur doit avoir \u00e9t\u00e9 form\u00e9 et avoir \u00e9t\u00e9 d\u00e9clar\u00e9 apte par le m\u00e9decin du travail.<\/p>\n\n\n\n<p class=\"has-text-align-center has-foreground-color has-text-color has-link-color wp-elements-e77b2d66270b56170d2468d9656134cd\">L\u2019habilitation des travailleurs s\u2019appuie sur les dispositions du Code du travail et sur les r\u00e8gles techniques de la norme fran\u00e7aise NFC 18-510 de janvier 2012 \u00ab&nbsp;Op\u00e9rations sur les ouvrages et installations \u00e9lectriques et dans un environnement \u00e9lectrique \u2013 Pr\u00e9vention du risque \u00e9lectrique&nbsp;\u00bb et ses \u00e9ventuelles amendements.<\/p>\n\n\n\n<p class=\"has-text-align-center\">\u00c0 chaque type d\u2019habilitation correspond un symbole comprenant des lettres, des chiffres et si n\u00e9cessaire un attribut (par exemple B2V pour un charg\u00e9 de travaux du domaine basse tension et pouvant travailler dans le voisinage de pi\u00e8ces nues sous tension).<\/p>\n\n\n\n<p class=\"has-text-align-center\">L\u2019habilitation \u00e9lectrique compl\u00e8te l\u2019ensemble des r\u00e8gles du Code du travail r\u00e9gissant la conception et l\u2019utilisation des installations \u00e9lectriques applicable \u00e0 l\u2019employeur.<\/p>\n\n\n\n<p class=\"has-text-align-center\">L\u2019habilitation n\u2019autorise pas, \u00e0 elle seule, un titulaire \u00e0 effectuer de son propre chef des op\u00e9rations pour lesquelles il est habilit\u00e9. Il doit \u00eatre d\u00e9sign\u00e9 par son employeur pour l\u2019ex\u00e9cution de ces op\u00e9rations. L\u2019affectation \u00e0 un poste de travail peut constituer une d\u00e9signation implicite.<\/p>\n<cite><a href=\"https:\/\/www.inrs.fr\/risques\/electriques\/habilitation-electrique-foire-aux-questions.html\">INRS<\/a><\/cite><\/blockquote>\n<\/div>\n\n\n\n<p class=\"has-text-align-center\">Voir la brochure <a href=\"https:\/\/www.inrs.fr\/media.html?refINRS=ED%206127\">ED 6127<\/a>, <a href=\"https:\/\/www.inrs.fr\/media.html?refINRS=ED%206127\">Habilitation \u00e9lectrique<\/a>.<\/p>\n\n\n\n<figure class=\"wp-block-image aligncenter size-full is-resized\"><img loading=\"lazy\" decoding=\"async\" width=\"1024\" height=\"1024\" src=\"http:\/\/voltacademie.fr\/wp-content\/uploads\/2024\/06\/a-stunning-3d-render-illustration-of-a-diligent-so-h2r9iBVNRxSZtklCmNxIvg-ttKKgwsMSMiXKW_uQ3Nemg.jpeg\" alt=\"\" class=\"wp-image-45\" style=\"width:312px;height:auto\" srcset=\"https:\/\/voltacademie.fr\/wp-content\/uploads\/2024\/06\/a-stunning-3d-render-illustration-of-a-diligent-so-h2r9iBVNRxSZtklCmNxIvg-ttKKgwsMSMiXKW_uQ3Nemg.jpeg 1024w, https:\/\/voltacademie.fr\/wp-content\/uploads\/2024\/06\/a-stunning-3d-render-illustration-of-a-diligent-so-h2r9iBVNRxSZtklCmNxIvg-ttKKgwsMSMiXKW_uQ3Nemg-300x300.jpeg 300w, https:\/\/voltacademie.fr\/wp-content\/uploads\/2024\/06\/a-stunning-3d-render-illustration-of-a-diligent-so-h2r9iBVNRxSZtklCmNxIvg-ttKKgwsMSMiXKW_uQ3Nemg-150x150.jpeg 150w, https:\/\/voltacademie.fr\/wp-content\/uploads\/2024\/06\/a-stunning-3d-render-illustration-of-a-diligent-so-h2r9iBVNRxSZtklCmNxIvg-ttKKgwsMSMiXKW_uQ3Nemg-768x768.jpeg 768w\" sizes=\"auto, (max-width: 1024px) 100vw, 1024px\" \/><\/figure>\n\n\n\n<blockquote class=\"wp-block-quote is-layout-flow wp-block-quote-is-layout-flow\">\n<p>La d\u00e9marche d\u2019habilitation comprend plusieurs \u00e9tapes&nbsp;:<\/p>\n\n\n\n<ol class=\"wp-block-list\">\n<li><strong>l\u2019analyse de l\u2019activit\u00e9<\/strong>&nbsp;qui sera confi\u00e9e au travailleur (type d\u2019op\u00e9ration, fonction du travailleur, caract\u00e9ristiques des installations et des appareillages\u2026)&nbsp;;<\/li>\n\n\n\n<li><strong>la prise en compte des comp\u00e9tences et des aptitudes du travailleur devant \u00eatre habilit\u00e9&nbsp;:<\/strong> \u00e9valuation de ses comp\u00e9tences techniques (dipl\u00f4mes, titres, certificats professionnels, exp\u00e9rience) et de ses aptitudes (exp\u00e9rience, savoir-\u00eatre, aptitude m\u00e9dicale\u2026)&nbsp;;<\/li>\n\n\n\n<li><strong>la v\u00e9rification de l\u2019ad\u00e9quation entre l\u2019activit\u00e9, les comp\u00e9tences et les aptitudes du travailleur&nbsp;;<\/strong><\/li>\n\n\n\n<li><strong>la formation pr\u00e9paratoire \u00e0 l\u2019habilitation&nbsp;:<\/strong> l\u2019objectif de la formation pr\u00e9paratoire \u00e0 l\u2019habilitation est de faire acqu\u00e9rir une comp\u00e9tence professionnelle dans le domaine de la s\u00e9curit\u00e9 \u00e9lectrique pour l\u2019ex\u00e9cution des op\u00e9rations et les mesures d\u2019urgence \u00e0 prendre en cas d\u2019accident ou d\u2019incendie d\u2019origine \u00e9lectrique. La formation doit comprendre une partie th\u00e9orique et une partie pratique.<\/li>\n<\/ol>\n<cite>INRS<\/cite><\/blockquote>\n\n\n\n<figure class=\"wp-block-image aligncenter size-full\"><img loading=\"lazy\" decoding=\"async\" width=\"480\" height=\"366\" src=\"https:\/\/voltacademie.fr\/wp-content\/uploads\/2024\/06\/elec1.gif\" alt=\"\" class=\"wp-image-75\"\/><\/figure>\n\n\n\n<blockquote class=\"wp-block-quote is-layout-flow wp-block-quote-is-layout-flow\">\n<h4 class=\"wp-block-heading\">Dans quels cas l\u2019habilitation est-elle requise&nbsp;?<\/h4>\n\n\n\n<p>L\u2019habilitation \u00e9lectrique au sens de l\u2019article R. 4544-9 du Code du travail est requise&nbsp;:<\/p>\n\n\n\n<ul class=\"wp-block-list\">\n<li>pour les op\u00e9rations sur les installations \u00e9lectriques&nbsp;;<\/li>\n\n\n\n<li>pour les op\u00e9rations d\u2019ordre \u00e9lectrique (interventions, travaux, op\u00e9rations sp\u00e9cifiques) ou non \u00e9lectrique (nettoyage, peinture, ma\u00e7onnerie\u2026) au voisinage des installations \u00e9lectriques&nbsp;;<\/li>\n\n\n\n<li>pour acc\u00e9der sans surveillance aux locaux \u00e0 risques particuliers de choc \u00e9lectrique.<\/li>\n<\/ul>\n\n\n\n<p>L\u2019habilitation \u00e9lectrique est \u00e9galement obligatoire pour les op\u00e9rations sur les ouvrages de distribution d\u2019\u00e9nergie \u00e9lectrique tels que des lignes \u00e0 haute tension (d\u00e9cret n\u00b0 82-167 du 16 f\u00e9vrier 1982).<\/p>\n\n\n\n<p>Ni la norme, ni la r\u00e9glementation ne d\u00e9finissent de niveau de risque minimum pour habiliter les personnes.<\/p>\n\n\n\n<p>Dans tous les cas, il faut prendre en compte les risques de court-circuit et les risques d\u2019\u00e9lectrisation.<\/p>\n\n\n\n<p>Le risque d\u2019\u00e9lectrisation peut parfois \u00eatre n\u00e9glig\u00e9 en basse tension&nbsp;:<\/p>\n\n\n\n<ul class=\"wp-block-list\">\n<li>s\u2019il s\u2019agit de tr\u00e8s basse tension de protection&nbsp;: \u00e0 condition que la tension soit inf\u00e9rieure ou \u00e9gale \u00e0 12 V c.a. ou 30 V c.c.&nbsp;;<\/li>\n\n\n\n<li>s\u2019il s\u2019agit de tr\u00e8s basse tension de s\u00e9curit\u00e9&nbsp;: \u00e0 condition que la tension soit inf\u00e9rieure ou \u00e9gale \u00e0 25 V c.a. ou 60 V c.c.<\/li>\n<\/ul>\n<cite>INRS<\/cite><\/blockquote>\n\n\n\n<figure class=\"wp-block-table aligncenter has-small-font-size\"><table style=\"border-width:1px\"><thead><tr><th colspan=\"4\"><strong>Syst\u00e8me de classification des habilitations \u00e9lectriques<\/strong><\/th><\/tr><\/thead><tbody><tr><td><strong>1<sup>er<\/sup> caract\u00e8re<\/strong><\/td><td><strong>2<sup>e<\/sup> caract\u00e8re<\/strong><\/td><td><strong>3<sup>e<\/sup> caract\u00e8re<\/strong><\/td><td><strong>Attributs<\/strong><\/td><\/tr><tr><td><strong>B<\/strong>&nbsp;: Basse tension<br><strong>H<\/strong>&nbsp;: Haute tension<\/td><td><strong>0 <\/strong>&nbsp;: Op\u00e9ration d\u2019ordre non \u00e9lectrique pour ex\u00e9cutant ou charg\u00e9 de chantier&nbsp;<br><strong>F<\/strong>&nbsp;: Travaux en fouilles dans l\u2019environnement des canalisations isol\u00e9es pour ex\u00e9cutant ou charg\u00e9 de chantier<br><strong>1 <\/strong>&nbsp;: Ex\u00e9cutant op\u00e9ration d\u2019ordre \u00e9lectrique<br><strong>2 <\/strong>&nbsp;: Charg\u00e9 de travaux d&rsquo;ordre \u00e9lectrique<br><strong>C <\/strong>&nbsp;: Consignation<br><strong>R <\/strong>&nbsp;: Intervention BT g\u00e9n\u00e9rale<br><strong>S <\/strong>&nbsp;: Intervention BT \u00e9l\u00e9mentaire<br><strong>E <\/strong>&nbsp;: Op\u00e9rations sp\u00e9cifiques<br><strong>P <\/strong>&nbsp;: Op\u00e9rations BT \u00e9l\u00e9mentaires sur cha\u00eene photovolta\u00efque&nbsp;<\/td><td><strong>T<\/strong>&nbsp;: Travaux sous tension<br><strong>V<\/strong>&nbsp;: Travaux au voisinage<br><strong>N<\/strong>&nbsp;: Nettoyage sous tension<br><strong>X<\/strong>&nbsp;: Sp\u00e9ciale<\/td><td><strong>Essai<\/strong><br><strong>V\u00e9rification<\/strong><br><strong>Mesurage<\/strong><br><strong>Man\u0153uvre<\/strong><\/td><\/tr><\/tbody><\/table><figcaption class=\"wp-element-caption\"><strong> classification des habilitations \u00e9lectriques<\/strong><\/figcaption><\/figure>\n\n\n\n<p>Cette classification est d\u00e9taill\u00e9e dans la norme NF C18-510&nbsp; pour les ouvrages et installations \u00e9lectriques.<\/p>\n\n\n\n<figure class=\"wp-block-table\"><table style=\"border-width:1px\"><thead><tr><th colspan=\"5\"><strong>Syst\u00e8me de classification des habilitations \u00e9lectriques<\/strong><\/th><\/tr><\/thead><tbody><tr><td><strong>1<sup>er <\/sup>caract\u00e8re<\/strong><\/td><td><strong>2<sup>e<\/sup> caract\u00e8re<\/strong><\/td><td><strong>3<sup>e<\/sup> caract\u00e8re<\/strong><\/td><td><strong>Derni\u00e8re lettre<\/strong><\/td><td><strong>Attributs<\/strong><\/td><\/tr><tr><td rowspan=\"5\"><strong>B&nbsp;<\/strong>&nbsp;: Basse tension et tr\u00e8s basse tension<br>(valeur nominale de tension inf\u00e9rieure \u00e0 1 000 V en courant alternatif et 1 500 V en courant continu)<\/td><td><strong>0<\/strong>\u00a0: Op\u00e9rations d\u2019ordre non \u00e9lectrique<br><strong>1<\/strong>\u00a0: Ex\u00e9cutant de travaux d\u2019ordre \u00e9lectrique<br><strong>2<\/strong>\u00a0: Charg\u00e9 de travaux d\u2019ordre \u00e9lectrique<br><strong>C<\/strong>\u00a0: Consignation \u00e9lectrique<br><strong>R<\/strong>\u00a0: Intervention<br><strong>E<\/strong>\u00a0: Essai ou expertise<\/td><td><strong>T<\/strong>\u00a0: Travaux sous tension (y compris nettoyage)<br><strong>V<\/strong>\u00a0: Travaux au voisinage<br><strong>X<\/strong>\u00a0: Op\u00e9rations particuli\u00e8res li\u00e9es aux m\u00e9tiers<\/td><td rowspan=\"5\"><strong>L&nbsp;<\/strong>&nbsp;: Op\u00e9rations sur les v\u00e9hicules ou engins \u00e0 \u00e9nergie \u00e9lectrique embarqu\u00e9e<\/td><td><strong>Charg\u00e9 de r\u00e9paration<\/strong><br><strong>Ex\u00e9cutant<\/strong> &nbsp; &nbsp; &nbsp; &nbsp; &nbsp; &nbsp; &nbsp; <strong>D\u00e9pannage remorquage<\/strong><br><strong>D\u00e9construction<\/strong><br><strong>Contr\u00f4le technique<\/strong><br><strong>Crash-test et homologation<\/strong><br><strong>Services de secours<\/strong><br><strong>Op\u00e9ration batteries<\/strong> &nbsp; &nbsp; &nbsp; &nbsp; <strong>Essai<\/strong><br><strong>Expertise auto<\/strong><\/td><\/tr><\/tbody><\/table><figcaption class=\"wp-element-caption\"><strong>Op\u00e9rations sur v\u00e9hicules et engins \u00e0 motorisation thermique, \u00e9lectrique ou hybride ayant une source d\u2019\u00e9nergie \u00e9lectrique embarqu\u00e9e<\/strong><\/figcaption><\/figure>\n\n\n\n<figure class=\"wp-block-image aligncenter size-full\"><img loading=\"lazy\" decoding=\"async\" width=\"432\" height=\"306\" src=\"https:\/\/voltacademie.fr\/wp-content\/uploads\/2024\/06\/elec2.gif\" alt=\"\" class=\"wp-image-77\"\/><\/figure>\n\n\n\n<p class=\"has-text-align-center\"><strong>VOLT Acad\u00e9mie<\/strong>, centre de formation Habilitations Electriques \u00e0 Pertuis, Aix, Marseille, Nice, Avignon, Toulon, Nimes, Montpellier, Cavaillon, Salon-de-Provence, Antibes, Sophia-Antipolis, Cannes &#8211; Actes non \u00e9lectriques, actes \u00e9lectriques, BP, BR Photovolta\u00efque, V\u00e9hicules Electriques. H0 H0V B0 B1 B1V B2 B2V BS BE BR BC BP BXL BRL &#8230;.<\/p>\n\n\n\n<div class=\"wp-block-buttons is-content-justification-center is-layout-flex wp-container-core-buttons-is-layout-a89b3969 wp-block-buttons-is-layout-flex\">\n<div class=\"wp-block-button\"><a class=\"wp-block-button__link wp-element-button\" href=\"https:\/\/voltacademie.fr\/?page_id=136\">Contactez-nous !<\/a><\/div>\n<\/div>\n","protected":false},"excerpt":{"rendered":"<p>Qu\u2019est-ce que l\u2019habilitation \u00e9lectrique&nbsp;? L\u2019habilitation est la reconnaissance, par l\u2019employeur, de la capacit\u00e9 d\u2019une personne plac\u00e9e sous son autorit\u00e9 \u00e0 accomplir, en s\u00e9curit\u00e9 vis-\u00e0-vis du risque \u00e9lectrique, les t\u00e2ches qui lui sont confi\u00e9es. Avant d\u2019\u00eatre habilit\u00e9, le travailleur doit avoir \u00e9t\u00e9 form\u00e9 et avoir \u00e9t\u00e9 d\u00e9clar\u00e9 apte par le m\u00e9decin du travail. L\u2019habilitation des travailleurs [&hellip;]<\/p>\n","protected":false},"author":1,"featured_media":0,"parent":0,"menu_order":0,"comment_status":"closed","ping_status":"closed","template":"","meta":{"footnotes":""},"class_list":["post-64","page","type-page","status-publish","hentry"],"blocksy_meta":[],"yoast_head":"<!-- This site is optimized with the Yoast SEO plugin v27.1.1 - https:\/\/yoast.com\/product\/yoast-seo-wordpress\/ -->\n<title>Formations Habilitation Electriques PACA Pertuis, Aix, Marseille, Nice, Avignon, Toulon, Nimes, Montpellier, Cavaillon, Salon-de-Provence, Antibes, Sophia-Antipolis, Cannes PACA BP, BR Photovolta\u00efque, V\u00e9hicules Electriques. H0 H0V B0 B1 B1V B2 B2V BS BE BR BC BP BXL BRL<\/title>\n<meta name=\"description\" content=\"VOLT Acad\u00e9mie, centre de formation Habilitations Electriques \u00e0 Pertuis, Aix, Marseille, Nice, Avignon, Toulon, Nimes, Montpellier, Cavaillon, Salon-de-Provence, Antibes, Sophia-Antipolis, Cannes PACA BP, BR Photovolta\u00efque, V\u00e9hicules Electriques. H0 H0V B0 B1 B1V B2 B2V BS BE BR BC BP BXL BRL\" \/>\n<meta name=\"robots\" content=\"index, follow, max-snippet:-1, max-image-preview:large, max-video-preview:-1\" \/>\n<link rel=\"canonical\" href=\"https:\/\/voltacademie.fr\/?page_id=64\" \/>\n<meta property=\"og:locale\" content=\"fr_FR\" \/>\n<meta property=\"og:type\" content=\"article\" \/>\n<meta property=\"og:title\" content=\"Formations Habilitation Electriques PACA Pertuis, Aix, Marseille, Nice, Avignon, Toulon, Nimes, Montpellier, Cavaillon, Salon-de-Provence, Antibes, Sophia-Antipolis, Cannes PACA BP, BR Photovolta\u00efque, V\u00e9hicules Electriques. H0 H0V B0 B1 B1V B2 B2V BS BE BR BC BP BXL BRL\" \/>\n<meta property=\"og:description\" content=\"VOLT Acad\u00e9mie, centre de formation Habilitations Electriques \u00e0 Pertuis, Aix, Marseille, Nice, Avignon, Toulon, Nimes, Montpellier, Cavaillon, Salon-de-Provence, Antibes, Sophia-Antipolis, Cannes PACA BP, BR Photovolta\u00efque, V\u00e9hicules Electriques. H0 H0V B0 B1 B1V B2 B2V BS BE BR BC BP BXL BRL\" \/>\n<meta property=\"og:url\" content=\"https:\/\/voltacademie.fr\/?page_id=64\" \/>\n<meta property=\"og:site_name\" content=\"VOLT Acad\u00e9mie\" \/>\n<meta property=\"article:publisher\" content=\"https:\/\/www.facebook.com\/IpFibreAcademie\" \/>\n<meta property=\"article:modified_time\" content=\"2024-06-19T16:27:40+00:00\" \/>\n<meta property=\"og:image\" content=\"http:\/\/voltacademie.fr\/wp-content\/uploads\/2024\/06\/a-stunning-3d-render-illustration-of-a-diligent-so-h2r9iBVNRxSZtklCmNxIvg-ttKKgwsMSMiXKW_uQ3Nemg.jpeg\" \/>\n<meta name=\"twitter:card\" content=\"summary_large_image\" \/>\n<meta name=\"twitter:label1\" content=\"Dur\u00e9e de lecture estim\u00e9e\" \/>\n\t<meta name=\"twitter:data1\" content=\"3 minutes\" \/>\n<script type=\"application\/ld+json\" class=\"yoast-schema-graph\">{\"@context\":\"https:\/\/schema.org\",\"@graph\":[{\"@type\":\"WebPage\",\"@id\":\"https:\/\/voltacademie.fr\/?page_id=64\",\"url\":\"https:\/\/voltacademie.fr\/?page_id=64\",\"name\":\"Formations Habilitation Electriques PACA Pertuis, Aix, Marseille, Nice, Avignon, Toulon, Nimes, Montpellier, Cavaillon, Salon-de-Provence, Antibes, Sophia-Antipolis, Cannes PACA BP, BR Photovolta\u00efque, V\u00e9hicules Electriques. H0 H0V B0 B1 B1V B2 B2V BS BE BR BC BP BXL BRL\",\"isPartOf\":{\"@id\":\"https:\/\/voltacademie.fr\/#website\"},\"primaryImageOfPage\":{\"@id\":\"https:\/\/voltacademie.fr\/?page_id=64#primaryimage\"},\"image\":{\"@id\":\"https:\/\/voltacademie.fr\/?page_id=64#primaryimage\"},\"thumbnailUrl\":\"http:\/\/voltacademie.fr\/wp-content\/uploads\/2024\/06\/a-stunning-3d-render-illustration-of-a-diligent-so-h2r9iBVNRxSZtklCmNxIvg-ttKKgwsMSMiXKW_uQ3Nemg.jpeg\",\"datePublished\":\"2024-06-17T09:36:00+00:00\",\"dateModified\":\"2024-06-19T16:27:40+00:00\",\"description\":\"VOLT Acad\u00e9mie, centre de formation Habilitations Electriques \u00e0 Pertuis, Aix, Marseille, Nice, Avignon, Toulon, Nimes, Montpellier, Cavaillon, Salon-de-Provence, Antibes, Sophia-Antipolis, Cannes PACA BP, BR Photovolta\u00efque, V\u00e9hicules Electriques. H0 H0V B0 B1 B1V B2 B2V BS BE BR BC BP BXL BRL\",\"breadcrumb\":{\"@id\":\"https:\/\/voltacademie.fr\/?page_id=64#breadcrumb\"},\"inLanguage\":\"fr-FR\",\"potentialAction\":[{\"@type\":\"ReadAction\",\"target\":[\"https:\/\/voltacademie.fr\/?page_id=64\"]}]},{\"@type\":\"ImageObject\",\"inLanguage\":\"fr-FR\",\"@id\":\"https:\/\/voltacademie.fr\/?page_id=64#primaryimage\",\"url\":\"https:\/\/voltacademie.fr\/wp-content\/uploads\/2024\/06\/a-stunning-3d-render-illustration-of-a-diligent-so-h2r9iBVNRxSZtklCmNxIvg-ttKKgwsMSMiXKW_uQ3Nemg.jpeg\",\"contentUrl\":\"https:\/\/voltacademie.fr\/wp-content\/uploads\/2024\/06\/a-stunning-3d-render-illustration-of-a-diligent-so-h2r9iBVNRxSZtklCmNxIvg-ttKKgwsMSMiXKW_uQ3Nemg.jpeg\",\"width\":1024,\"height\":1024},{\"@type\":\"BreadcrumbList\",\"@id\":\"https:\/\/voltacademie.fr\/?page_id=64#breadcrumb\",\"itemListElement\":[{\"@type\":\"ListItem\",\"position\":1,\"name\":\"Accueil\",\"item\":\"https:\/\/voltacademie.fr\/\"},{\"@type\":\"ListItem\",\"position\":2,\"name\":\"Habilitations Electriques\"}]},{\"@type\":\"WebSite\",\"@id\":\"https:\/\/voltacademie.fr\/#website\",\"url\":\"https:\/\/voltacademie.fr\/\",\"name\":\"VOLT Acad\u00e9mie\",\"description\":\"Centre de formation - S\u00e9curit\u00e9 Electricit\u00e9 IRVE Photovolta\u00efque AIPR Hablitations Electriques - Pertuis - Aix - Marseille - Nice - PACA\",\"publisher\":{\"@id\":\"https:\/\/voltacademie.fr\/#organization\"},\"potentialAction\":[{\"@type\":\"SearchAction\",\"target\":{\"@type\":\"EntryPoint\",\"urlTemplate\":\"https:\/\/voltacademie.fr\/?s={search_term_string}\"},\"query-input\":{\"@type\":\"PropertyValueSpecification\",\"valueRequired\":true,\"valueName\":\"search_term_string\"}}],\"inLanguage\":\"fr-FR\"},{\"@type\":\"Organization\",\"@id\":\"https:\/\/voltacademie.fr\/#organization\",\"name\":\"VOLT Acad\u00e9mie\",\"url\":\"https:\/\/voltacademie.fr\/\",\"logo\":{\"@type\":\"ImageObject\",\"inLanguage\":\"fr-FR\",\"@id\":\"https:\/\/voltacademie.fr\/#\/schema\/logo\/image\/\",\"url\":\"https:\/\/voltacademie.fr\/wp-content\/uploads\/2024\/06\/cropped-cropped-ySrmBZ4JSla_GJpKTBpLMg-1.webp\",\"contentUrl\":\"https:\/\/voltacademie.fr\/wp-content\/uploads\/2024\/06\/cropped-cropped-ySrmBZ4JSla_GJpKTBpLMg-1.webp\",\"width\":512,\"height\":384,\"caption\":\"VOLT Acad\u00e9mie\"},\"image\":{\"@id\":\"https:\/\/voltacademie.fr\/#\/schema\/logo\/image\/\"},\"sameAs\":[\"https:\/\/www.facebook.com\/IpFibreAcademie\",\"https:\/\/www.linkedin.com\/company\/ip-fibre-academie\/\"]}]}<\/script>\n<!-- \/ Yoast SEO plugin. -->","yoast_head_json":{"title":"Formations Habilitation Electriques PACA Pertuis, Aix, Marseille, Nice, Avignon, Toulon, Nimes, Montpellier, Cavaillon, Salon-de-Provence, Antibes, Sophia-Antipolis, Cannes PACA BP, BR Photovolta\u00efque, V\u00e9hicules Electriques. H0 H0V B0 B1 B1V B2 B2V BS BE BR BC BP BXL BRL","description":"VOLT Acad\u00e9mie, centre de formation Habilitations Electriques \u00e0 Pertuis, Aix, Marseille, Nice, Avignon, Toulon, Nimes, Montpellier, Cavaillon, Salon-de-Provence, Antibes, Sophia-Antipolis, Cannes PACA BP, BR Photovolta\u00efque, V\u00e9hicules Electriques. H0 H0V B0 B1 B1V B2 B2V BS BE BR BC BP BXL BRL","robots":{"index":"index","follow":"follow","max-snippet":"max-snippet:-1","max-image-preview":"max-image-preview:large","max-video-preview":"max-video-preview:-1"},"canonical":"https:\/\/voltacademie.fr\/?page_id=64","og_locale":"fr_FR","og_type":"article","og_title":"Formations Habilitation Electriques PACA Pertuis, Aix, Marseille, Nice, Avignon, Toulon, Nimes, Montpellier, Cavaillon, Salon-de-Provence, Antibes, Sophia-Antipolis, Cannes PACA BP, BR Photovolta\u00efque, V\u00e9hicules Electriques. H0 H0V B0 B1 B1V B2 B2V BS BE BR BC BP BXL BRL","og_description":"VOLT Acad\u00e9mie, centre de formation Habilitations Electriques \u00e0 Pertuis, Aix, Marseille, Nice, Avignon, Toulon, Nimes, Montpellier, Cavaillon, Salon-de-Provence, Antibes, Sophia-Antipolis, Cannes PACA BP, BR Photovolta\u00efque, V\u00e9hicules Electriques. H0 H0V B0 B1 B1V B2 B2V BS BE BR BC BP BXL BRL","og_url":"https:\/\/voltacademie.fr\/?page_id=64","og_site_name":"VOLT Acad\u00e9mie","article_publisher":"https:\/\/www.facebook.com\/IpFibreAcademie","article_modified_time":"2024-06-19T16:27:40+00:00","og_image":[{"url":"http:\/\/voltacademie.fr\/wp-content\/uploads\/2024\/06\/a-stunning-3d-render-illustration-of-a-diligent-so-h2r9iBVNRxSZtklCmNxIvg-ttKKgwsMSMiXKW_uQ3Nemg.jpeg","type":"","width":"","height":""}],"twitter_card":"summary_large_image","twitter_misc":{"Dur\u00e9e de lecture estim\u00e9e":"3 minutes"},"schema":{"@context":"https:\/\/schema.org","@graph":[{"@type":"WebPage","@id":"https:\/\/voltacademie.fr\/?page_id=64","url":"https:\/\/voltacademie.fr\/?page_id=64","name":"Formations Habilitation Electriques PACA Pertuis, Aix, Marseille, Nice, Avignon, Toulon, Nimes, Montpellier, Cavaillon, Salon-de-Provence, Antibes, Sophia-Antipolis, Cannes PACA BP, BR Photovolta\u00efque, V\u00e9hicules Electriques. H0 H0V B0 B1 B1V B2 B2V BS BE BR BC BP BXL BRL","isPartOf":{"@id":"https:\/\/voltacademie.fr\/#website"},"primaryImageOfPage":{"@id":"https:\/\/voltacademie.fr\/?page_id=64#primaryimage"},"image":{"@id":"https:\/\/voltacademie.fr\/?page_id=64#primaryimage"},"thumbnailUrl":"http:\/\/voltacademie.fr\/wp-content\/uploads\/2024\/06\/a-stunning-3d-render-illustration-of-a-diligent-so-h2r9iBVNRxSZtklCmNxIvg-ttKKgwsMSMiXKW_uQ3Nemg.jpeg","datePublished":"2024-06-17T09:36:00+00:00","dateModified":"2024-06-19T16:27:40+00:00","description":"VOLT Acad\u00e9mie, centre de formation Habilitations Electriques \u00e0 Pertuis, Aix, Marseille, Nice, Avignon, Toulon, Nimes, Montpellier, Cavaillon, Salon-de-Provence, Antibes, Sophia-Antipolis, Cannes PACA BP, BR Photovolta\u00efque, V\u00e9hicules Electriques. H0 H0V B0 B1 B1V B2 B2V BS BE BR BC BP BXL BRL","breadcrumb":{"@id":"https:\/\/voltacademie.fr\/?page_id=64#breadcrumb"},"inLanguage":"fr-FR","potentialAction":[{"@type":"ReadAction","target":["https:\/\/voltacademie.fr\/?page_id=64"]}]},{"@type":"ImageObject","inLanguage":"fr-FR","@id":"https:\/\/voltacademie.fr\/?page_id=64#primaryimage","url":"https:\/\/voltacademie.fr\/wp-content\/uploads\/2024\/06\/a-stunning-3d-render-illustration-of-a-diligent-so-h2r9iBVNRxSZtklCmNxIvg-ttKKgwsMSMiXKW_uQ3Nemg.jpeg","contentUrl":"https:\/\/voltacademie.fr\/wp-content\/uploads\/2024\/06\/a-stunning-3d-render-illustration-of-a-diligent-so-h2r9iBVNRxSZtklCmNxIvg-ttKKgwsMSMiXKW_uQ3Nemg.jpeg","width":1024,"height":1024},{"@type":"BreadcrumbList","@id":"https:\/\/voltacademie.fr\/?page_id=64#breadcrumb","itemListElement":[{"@type":"ListItem","position":1,"name":"Accueil","item":"https:\/\/voltacademie.fr\/"},{"@type":"ListItem","position":2,"name":"Habilitations Electriques"}]},{"@type":"WebSite","@id":"https:\/\/voltacademie.fr\/#website","url":"https:\/\/voltacademie.fr\/","name":"VOLT Acad\u00e9mie","description":"Centre de formation - S\u00e9curit\u00e9 Electricit\u00e9 IRVE Photovolta\u00efque AIPR Hablitations Electriques - Pertuis - Aix - Marseille - Nice - PACA","publisher":{"@id":"https:\/\/voltacademie.fr\/#organization"},"potentialAction":[{"@type":"SearchAction","target":{"@type":"EntryPoint","urlTemplate":"https:\/\/voltacademie.fr\/?s={search_term_string}"},"query-input":{"@type":"PropertyValueSpecification","valueRequired":true,"valueName":"search_term_string"}}],"inLanguage":"fr-FR"},{"@type":"Organization","@id":"https:\/\/voltacademie.fr\/#organization","name":"VOLT Acad\u00e9mie","url":"https:\/\/voltacademie.fr\/","logo":{"@type":"ImageObject","inLanguage":"fr-FR","@id":"https:\/\/voltacademie.fr\/#\/schema\/logo\/image\/","url":"https:\/\/voltacademie.fr\/wp-content\/uploads\/2024\/06\/cropped-cropped-ySrmBZ4JSla_GJpKTBpLMg-1.webp","contentUrl":"https:\/\/voltacademie.fr\/wp-content\/uploads\/2024\/06\/cropped-cropped-ySrmBZ4JSla_GJpKTBpLMg-1.webp","width":512,"height":384,"caption":"VOLT Acad\u00e9mie"},"image":{"@id":"https:\/\/voltacademie.fr\/#\/schema\/logo\/image\/"},"sameAs":["https:\/\/www.facebook.com\/IpFibreAcademie","https:\/\/www.linkedin.com\/company\/ip-fibre-academie\/"]}]}},"_links":{"self":[{"href":"https:\/\/voltacademie.fr\/index.php?rest_route=\/wp\/v2\/pages\/64","targetHints":{"allow":["GET"]}}],"collection":[{"href":"https:\/\/voltacademie.fr\/index.php?rest_route=\/wp\/v2\/pages"}],"about":[{"href":"https:\/\/voltacademie.fr\/index.php?rest_route=\/wp\/v2\/types\/page"}],"author":[{"embeddable":true,"href":"https:\/\/voltacademie.fr\/index.php?rest_route=\/wp\/v2\/users\/1"}],"replies":[{"embeddable":true,"href":"https:\/\/voltacademie.fr\/index.php?rest_route=%2Fwp%2Fv2%2Fcomments&post=64"}],"version-history":[{"count":13,"href":"https:\/\/voltacademie.fr\/index.php?rest_route=\/wp\/v2\/pages\/64\/revisions"}],"predecessor-version":[{"id":211,"href":"https:\/\/voltacademie.fr\/index.php?rest_route=\/wp\/v2\/pages\/64\/revisions\/211"}],"wp:attachment":[{"href":"https:\/\/voltacademie.fr\/index.php?rest_route=%2Fwp%2Fv2%2Fmedia&parent=64"}],"curies":[{"name":"wp","href":"https:\/\/api.w.org\/{rel}","templated":true}]}}