{"id":350,"date":"2025-01-05T16:21:58","date_gmt":"2025-01-05T15:21:58","guid":{"rendered":"https:\/\/voltacademie.fr\/?page_id=350"},"modified":"2025-01-05T16:21:59","modified_gmt":"2025-01-05T15:21:59","slug":"chiffres-annee-2024","status":"publish","type":"page","link":"https:\/\/voltacademie.fr\/?page_id=350","title":{"rendered":"Chiffres &#8211; ann\u00e9e 2024"},"content":{"rendered":"\n<p>Bienvenue sur notre page des actualit\u00e9s !<\/p>\n\n\n\n<p>Ici, vous trouverez les donn\u00e9es relatives au nombre de stagiaires inscrits \u00e0 nos formations tout au long de l&rsquo;ann\u00e9e 2024. Ces chiffres refl\u00e8tent l&rsquo;engagement et l\u2019int\u00e9r\u00eat croissant pour nos programmes, et nous sommes ravis de partager ces succ\u00e8s avec vous.<\/p>\n\n\n\n<p>Nombre de stagiaires en 2024 : 263 &#8211; 100% de r\u00e9ussite<\/p>\n\n\n\n<p class=\"has-text-align-center\">AIPR (tous niveaux) : 72 stagiaires &#8211; 100% de r\u00e9ussite \/ Habilitation Electrique B0 : 10 stagiaires &#8211; 100% de r\u00e9ussite \/ Habilitation Electrique B2 et BR : 130 stagiaires &#8211; 100% de r\u00e9ussite &#8211; Habilitation Electrique HF BF : 3 stagiaires &#8211; 100% de r\u00e9ussite &#8211; Habilitation Electrique Photovolta\u00efque : 33 stagiaires &#8211; 100% de r\u00e9ussite &#8211; Monteurs de panneaux Photovolta\u00efques : 4 stagiaires &#8211; 100% de r\u00e9ussite &#8211; Travail en Hauteur \/ Port des EPI : 11 stagiaires &#8211; 100% de r\u00e9ussite.<\/p>\n\n\n\n<figure class=\"wp-block-image aligncenter size-full is-resized\"><img loading=\"lazy\" decoding=\"async\" width=\"749\" height=\"407\" src=\"https:\/\/voltacademie.fr\/wp-content\/uploads\/2025\/01\/image-9.png\" alt=\"\" class=\"wp-image-352\" style=\"width:763px;height:auto\" srcset=\"https:\/\/voltacademie.fr\/wp-content\/uploads\/2025\/01\/image-9.png 749w, https:\/\/voltacademie.fr\/wp-content\/uploads\/2025\/01\/image-9-300x163.png 300w\" sizes=\"auto, (max-width: 749px) 100vw, 749px\" \/><\/figure>\n\n\n\n<figure class=\"wp-block-image aligncenter size-large is-resized\"><img loading=\"lazy\" decoding=\"async\" width=\"1024\" height=\"576\" src=\"http:\/\/voltacademie.fr\/wp-content\/uploads\/2024\/06\/vtttWRO_S9G2jYCaig_M3Q-1024x576.webp\" alt=\"\" class=\"wp-image-148\" style=\"width:768px;height:auto\" srcset=\"https:\/\/voltacademie.fr\/wp-content\/uploads\/2024\/06\/vtttWRO_S9G2jYCaig_M3Q-1024x576.webp 1024w, https:\/\/voltacademie.fr\/wp-content\/uploads\/2024\/06\/vtttWRO_S9G2jYCaig_M3Q-300x169.webp 300w, https:\/\/voltacademie.fr\/wp-content\/uploads\/2024\/06\/vtttWRO_S9G2jYCaig_M3Q-768x432.webp 768w, https:\/\/voltacademie.fr\/wp-content\/uploads\/2024\/06\/vtttWRO_S9G2jYCaig_M3Q.webp 1280w\" sizes=\"auto, (max-width: 1024px) 100vw, 1024px\" \/><\/figure>\n","protected":false},"excerpt":{"rendered":"<p>Bienvenue sur notre page des actualit\u00e9s ! Ici, vous trouverez les donn\u00e9es relatives au nombre de stagiaires inscrits \u00e0 nos formations tout au long de l&rsquo;ann\u00e9e 2024. Ces chiffres refl\u00e8tent l&rsquo;engagement et l\u2019int\u00e9r\u00eat croissant pour nos programmes, et nous sommes ravis de partager ces succ\u00e8s avec vous. Nombre de stagiaires en 2024 : 263 &#8211; [&hellip;]<\/p>\n","protected":false},"author":1,"featured_media":0,"parent":0,"menu_order":0,"comment_status":"closed","ping_status":"closed","template":"","meta":{"footnotes":""},"class_list":["post-350","page","type-page","status-publish","hentry"],"blocksy_meta":[],"yoast_head":"<!-- This site is optimized with the Yoast SEO plugin v27.1.1 - https:\/\/yoast.com\/product\/yoast-seo-wordpress\/ -->\n<title>Chiffres - ann\u00e9e 2024 - VOLT Acad\u00e9mie<\/title>\n<meta name=\"description\" content=\"D\u00e9couvrez les chiffres cl\u00e9s de 2024 de Volt Acad\u00e9mie : nombre de stagiaires form\u00e9s, taux de r\u00e9ussite par formation et autres statistiques marquantes. Une ann\u00e9e pleine de succ\u00e8s pour notre centre de formation certifi\u00e9 Qualiopi !\" \/>\n<meta name=\"robots\" content=\"index, follow, max-snippet:-1, max-image-preview:large, max-video-preview:-1\" \/>\n<link rel=\"canonical\" href=\"https:\/\/voltacademie.fr\/?page_id=350\" \/>\n<meta property=\"og:locale\" content=\"fr_FR\" \/>\n<meta property=\"og:type\" content=\"article\" \/>\n<meta property=\"og:title\" content=\"Chiffres - ann\u00e9e 2024 - VOLT Acad\u00e9mie\" \/>\n<meta property=\"og:description\" content=\"D\u00e9couvrez les chiffres cl\u00e9s de 2024 de Volt Acad\u00e9mie : nombre de stagiaires form\u00e9s, taux de r\u00e9ussite par formation et autres statistiques marquantes. Une ann\u00e9e pleine de succ\u00e8s pour notre centre de formation certifi\u00e9 Qualiopi !\" \/>\n<meta property=\"og:url\" content=\"https:\/\/voltacademie.fr\/?page_id=350\" \/>\n<meta property=\"og:site_name\" content=\"VOLT Acad\u00e9mie\" \/>\n<meta property=\"article:publisher\" content=\"https:\/\/www.facebook.com\/IpFibreAcademie\" \/>\n<meta property=\"article:modified_time\" content=\"2025-01-05T15:21:59+00:00\" \/>\n<meta property=\"og:image\" content=\"https:\/\/voltacademie.fr\/wp-content\/uploads\/2025\/01\/image-9.png\" \/>\n\t<meta property=\"og:image:width\" content=\"749\" \/>\n\t<meta property=\"og:image:height\" content=\"407\" \/>\n\t<meta property=\"og:image:type\" content=\"image\/png\" \/>\n<meta name=\"twitter:card\" content=\"summary_large_image\" \/>\n<meta name=\"twitter:label1\" content=\"Dur\u00e9e de lecture estim\u00e9e\" \/>\n\t<meta name=\"twitter:data1\" content=\"2 minutes\" \/>\n<script type=\"application\/ld+json\" class=\"yoast-schema-graph\">{\"@context\":\"https:\/\/schema.org\",\"@graph\":[{\"@type\":\"WebPage\",\"@id\":\"https:\/\/voltacademie.fr\/?page_id=350\",\"url\":\"https:\/\/voltacademie.fr\/?page_id=350\",\"name\":\"Chiffres - ann\u00e9e 2024 - VOLT Acad\u00e9mie\",\"isPartOf\":{\"@id\":\"https:\/\/voltacademie.fr\/#website\"},\"primaryImageOfPage\":{\"@id\":\"https:\/\/voltacademie.fr\/?page_id=350#primaryimage\"},\"image\":{\"@id\":\"https:\/\/voltacademie.fr\/?page_id=350#primaryimage\"},\"thumbnailUrl\":\"https:\/\/voltacademie.fr\/wp-content\/uploads\/2025\/01\/image-9.png\",\"datePublished\":\"2025-01-05T15:21:58+00:00\",\"dateModified\":\"2025-01-05T15:21:59+00:00\",\"description\":\"D\u00e9couvrez les chiffres cl\u00e9s de 2024 de Volt Acad\u00e9mie : nombre de stagiaires form\u00e9s, taux de r\u00e9ussite par formation et autres statistiques marquantes. Une ann\u00e9e pleine de succ\u00e8s pour notre centre de formation certifi\u00e9 Qualiopi !\",\"breadcrumb\":{\"@id\":\"https:\/\/voltacademie.fr\/?page_id=350#breadcrumb\"},\"inLanguage\":\"fr-FR\",\"potentialAction\":[{\"@type\":\"ReadAction\",\"target\":[\"https:\/\/voltacademie.fr\/?page_id=350\"]}]},{\"@type\":\"ImageObject\",\"inLanguage\":\"fr-FR\",\"@id\":\"https:\/\/voltacademie.fr\/?page_id=350#primaryimage\",\"url\":\"https:\/\/voltacademie.fr\/wp-content\/uploads\/2025\/01\/image-9.png\",\"contentUrl\":\"https:\/\/voltacademie.fr\/wp-content\/uploads\/2025\/01\/image-9.png\",\"width\":749,\"height\":407},{\"@type\":\"BreadcrumbList\",\"@id\":\"https:\/\/voltacademie.fr\/?page_id=350#breadcrumb\",\"itemListElement\":[{\"@type\":\"ListItem\",\"position\":1,\"name\":\"Accueil\",\"item\":\"https:\/\/voltacademie.fr\/\"},{\"@type\":\"ListItem\",\"position\":2,\"name\":\"Chiffres &#8211; ann\u00e9e 2024\"}]},{\"@type\":\"WebSite\",\"@id\":\"https:\/\/voltacademie.fr\/#website\",\"url\":\"https:\/\/voltacademie.fr\/\",\"name\":\"VOLT Acad\u00e9mie\",\"description\":\"Centre de formation - S\u00e9curit\u00e9 Electricit\u00e9 IRVE Photovolta\u00efque AIPR Hablitations Electriques - Pertuis - Aix - Marseille - Nice - PACA\",\"publisher\":{\"@id\":\"https:\/\/voltacademie.fr\/#organization\"},\"potentialAction\":[{\"@type\":\"SearchAction\",\"target\":{\"@type\":\"EntryPoint\",\"urlTemplate\":\"https:\/\/voltacademie.fr\/?s={search_term_string}\"},\"query-input\":{\"@type\":\"PropertyValueSpecification\",\"valueRequired\":true,\"valueName\":\"search_term_string\"}}],\"inLanguage\":\"fr-FR\"},{\"@type\":\"Organization\",\"@id\":\"https:\/\/voltacademie.fr\/#organization\",\"name\":\"VOLT Acad\u00e9mie\",\"url\":\"https:\/\/voltacademie.fr\/\",\"logo\":{\"@type\":\"ImageObject\",\"inLanguage\":\"fr-FR\",\"@id\":\"https:\/\/voltacademie.fr\/#\/schema\/logo\/image\/\",\"url\":\"https:\/\/voltacademie.fr\/wp-content\/uploads\/2024\/06\/cropped-cropped-ySrmBZ4JSla_GJpKTBpLMg-1.webp\",\"contentUrl\":\"https:\/\/voltacademie.fr\/wp-content\/uploads\/2024\/06\/cropped-cropped-ySrmBZ4JSla_GJpKTBpLMg-1.webp\",\"width\":512,\"height\":384,\"caption\":\"VOLT Acad\u00e9mie\"},\"image\":{\"@id\":\"https:\/\/voltacademie.fr\/#\/schema\/logo\/image\/\"},\"sameAs\":[\"https:\/\/www.facebook.com\/IpFibreAcademie\",\"https:\/\/www.linkedin.com\/company\/ip-fibre-academie\/\"]}]}<\/script>\n<!-- \/ Yoast SEO plugin. -->","yoast_head_json":{"title":"Chiffres - ann\u00e9e 2024 - VOLT Acad\u00e9mie","description":"D\u00e9couvrez les chiffres cl\u00e9s de 2024 de Volt Acad\u00e9mie : nombre de stagiaires form\u00e9s, taux de r\u00e9ussite par formation et autres statistiques marquantes. Une ann\u00e9e pleine de succ\u00e8s pour notre centre de formation certifi\u00e9 Qualiopi !","robots":{"index":"index","follow":"follow","max-snippet":"max-snippet:-1","max-image-preview":"max-image-preview:large","max-video-preview":"max-video-preview:-1"},"canonical":"https:\/\/voltacademie.fr\/?page_id=350","og_locale":"fr_FR","og_type":"article","og_title":"Chiffres - ann\u00e9e 2024 - VOLT Acad\u00e9mie","og_description":"D\u00e9couvrez les chiffres cl\u00e9s de 2024 de Volt Acad\u00e9mie : nombre de stagiaires form\u00e9s, taux de r\u00e9ussite par formation et autres statistiques marquantes. Une ann\u00e9e pleine de succ\u00e8s pour notre centre de formation certifi\u00e9 Qualiopi !","og_url":"https:\/\/voltacademie.fr\/?page_id=350","og_site_name":"VOLT Acad\u00e9mie","article_publisher":"https:\/\/www.facebook.com\/IpFibreAcademie","article_modified_time":"2025-01-05T15:21:59+00:00","og_image":[{"width":749,"height":407,"url":"https:\/\/voltacademie.fr\/wp-content\/uploads\/2025\/01\/image-9.png","type":"image\/png"}],"twitter_card":"summary_large_image","twitter_misc":{"Dur\u00e9e de lecture estim\u00e9e":"2 minutes"},"schema":{"@context":"https:\/\/schema.org","@graph":[{"@type":"WebPage","@id":"https:\/\/voltacademie.fr\/?page_id=350","url":"https:\/\/voltacademie.fr\/?page_id=350","name":"Chiffres - ann\u00e9e 2024 - VOLT Acad\u00e9mie","isPartOf":{"@id":"https:\/\/voltacademie.fr\/#website"},"primaryImageOfPage":{"@id":"https:\/\/voltacademie.fr\/?page_id=350#primaryimage"},"image":{"@id":"https:\/\/voltacademie.fr\/?page_id=350#primaryimage"},"thumbnailUrl":"https:\/\/voltacademie.fr\/wp-content\/uploads\/2025\/01\/image-9.png","datePublished":"2025-01-05T15:21:58+00:00","dateModified":"2025-01-05T15:21:59+00:00","description":"D\u00e9couvrez les chiffres cl\u00e9s de 2024 de Volt Acad\u00e9mie : nombre de stagiaires form\u00e9s, taux de r\u00e9ussite par formation et autres statistiques marquantes. Une ann\u00e9e pleine de succ\u00e8s pour notre centre de formation certifi\u00e9 Qualiopi !","breadcrumb":{"@id":"https:\/\/voltacademie.fr\/?page_id=350#breadcrumb"},"inLanguage":"fr-FR","potentialAction":[{"@type":"ReadAction","target":["https:\/\/voltacademie.fr\/?page_id=350"]}]},{"@type":"ImageObject","inLanguage":"fr-FR","@id":"https:\/\/voltacademie.fr\/?page_id=350#primaryimage","url":"https:\/\/voltacademie.fr\/wp-content\/uploads\/2025\/01\/image-9.png","contentUrl":"https:\/\/voltacademie.fr\/wp-content\/uploads\/2025\/01\/image-9.png","width":749,"height":407},{"@type":"BreadcrumbList","@id":"https:\/\/voltacademie.fr\/?page_id=350#breadcrumb","itemListElement":[{"@type":"ListItem","position":1,"name":"Accueil","item":"https:\/\/voltacademie.fr\/"},{"@type":"ListItem","position":2,"name":"Chiffres &#8211; ann\u00e9e 2024"}]},{"@type":"WebSite","@id":"https:\/\/voltacademie.fr\/#website","url":"https:\/\/voltacademie.fr\/","name":"VOLT Acad\u00e9mie","description":"Centre de formation - S\u00e9curit\u00e9 Electricit\u00e9 IRVE Photovolta\u00efque AIPR Hablitations Electriques - Pertuis - Aix - Marseille - Nice - PACA","publisher":{"@id":"https:\/\/voltacademie.fr\/#organization"},"potentialAction":[{"@type":"SearchAction","target":{"@type":"EntryPoint","urlTemplate":"https:\/\/voltacademie.fr\/?s={search_term_string}"},"query-input":{"@type":"PropertyValueSpecification","valueRequired":true,"valueName":"search_term_string"}}],"inLanguage":"fr-FR"},{"@type":"Organization","@id":"https:\/\/voltacademie.fr\/#organization","name":"VOLT Acad\u00e9mie","url":"https:\/\/voltacademie.fr\/","logo":{"@type":"ImageObject","inLanguage":"fr-FR","@id":"https:\/\/voltacademie.fr\/#\/schema\/logo\/image\/","url":"https:\/\/voltacademie.fr\/wp-content\/uploads\/2024\/06\/cropped-cropped-ySrmBZ4JSla_GJpKTBpLMg-1.webp","contentUrl":"https:\/\/voltacademie.fr\/wp-content\/uploads\/2024\/06\/cropped-cropped-ySrmBZ4JSla_GJpKTBpLMg-1.webp","width":512,"height":384,"caption":"VOLT Acad\u00e9mie"},"image":{"@id":"https:\/\/voltacademie.fr\/#\/schema\/logo\/image\/"},"sameAs":["https:\/\/www.facebook.com\/IpFibreAcademie","https:\/\/www.linkedin.com\/company\/ip-fibre-academie\/"]}]}},"_links":{"self":[{"href":"https:\/\/voltacademie.fr\/index.php?rest_route=\/wp\/v2\/pages\/350","targetHints":{"allow":["GET"]}}],"collection":[{"href":"https:\/\/voltacademie.fr\/index.php?rest_route=\/wp\/v2\/pages"}],"about":[{"href":"https:\/\/voltacademie.fr\/index.php?rest_route=\/wp\/v2\/types\/page"}],"author":[{"embeddable":true,"href":"https:\/\/voltacademie.fr\/index.php?rest_route=\/wp\/v2\/users\/1"}],"replies":[{"embeddable":true,"href":"https:\/\/voltacademie.fr\/index.php?rest_route=%2Fwp%2Fv2%2Fcomments&post=350"}],"version-history":[{"count":1,"href":"https:\/\/voltacademie.fr\/index.php?rest_route=\/wp\/v2\/pages\/350\/revisions"}],"predecessor-version":[{"id":353,"href":"https:\/\/voltacademie.fr\/index.php?rest_route=\/wp\/v2\/pages\/350\/revisions\/353"}],"wp:attachment":[{"href":"https:\/\/voltacademie.fr\/index.php?rest_route=%2Fwp%2Fv2%2Fmedia&parent=350"}],"curies":[{"name":"wp","href":"https:\/\/api.w.org\/{rel}","templated":true}]}}