{"id":340,"date":"2025-01-04T12:21:50","date_gmt":"2025-01-04T11:21:50","guid":{"rendered":"https:\/\/voltacademie.fr\/?page_id=340"},"modified":"2025-01-04T12:32:05","modified_gmt":"2025-01-04T11:32:05","slug":"habilitation-electrique-hf-bf","status":"publish","type":"page","link":"https:\/\/voltacademie.fr\/?page_id=340","title":{"rendered":"Habilitation Electrique HF BF"},"content":{"rendered":"\n<h2 class=\"wp-block-heading has-text-align-center\">Habilitation Electrique HF BF<\/h2>\n\n\n\n<h2 class=\"wp-block-heading\">Public concern\u00e9 ?<\/h2>\n\n\n\n<p>Cette formation s\u2019adresse aux travailleurs et aux intervenants amen\u00e9s \u00e0 r\u00e9aliser des travaux de fouilles pr\u00e8s de r\u00e9seaux \u00e9lectriques <strong>haute tension<\/strong> (HF) et <strong>basse tension<\/strong> (BF). Elle est particuli\u00e8rement adapt\u00e9e pour :<\/p>\n\n\n\n<ul class=\"wp-block-list\">\n<li>Les techniciens et op\u00e9rateurs qui interviennent pr\u00e8s des infrastructures \u00e9lectriques souterraines (c\u00e2bles, r\u00e9seaux \u00e9lectriques enterr\u00e9s).<\/li>\n\n\n\n<li>Les entreprises de BTP,<\/li>\n\n\n\n<li>Les \u00e9quipes d\u2019intervention sur les chantiers de voirie et r\u00e9seaux divers (VRD),<\/li>\n<\/ul>\n\n\n\n<h2 class=\"wp-block-heading\">Pr\u00e9requis ?<\/h2>\n\n\n\n<p>Il est conseill\u00e9 de conna\u00eetre les fondamentaux de l\u2019\u00e9lectricit\u00e9 et de poss\u00e9der une ma\u00eetrise correcte de la langue fran\u00e7aise.<\/p>\n\n\n\n<h2 class=\"wp-block-heading\">Objectifs<\/h2>\n\n\n\n<p>L\u2019objectif principal de cette formation est de former les travailleurs \u00e0 s\u00e9curiser leur intervention dans un environnement o\u00f9 des r\u00e9seaux \u00e9lectriques peuvent \u00eatre pr\u00e9sents. \u00c0 l\u2019issue de la formation, les participants seront capables de :<\/p>\n\n\n\n<ul class=\"wp-block-list\">\n<li>Identifier les risques \u00e9lectriques associ\u00e9s aux fouilles \u00e0 proximit\u00e9 de c\u00e2bles \u00e9lectriques.<\/li>\n\n\n\n<li>Mettre en place les mesures de s\u00e9curit\u00e9 n\u00e9cessaires pour intervenir en toute s\u00e9curit\u00e9 pr\u00e8s des r\u00e9seaux haute et basse tension.<\/li>\n\n\n\n<li>Respecter les proc\u00e9dures de pr\u00e9vention des risques \u00e9lectriques lors des travaux de fouilles.<\/li>\n\n\n\n<li>Utiliser les \u00e9quipements de protection adapt\u00e9s (tels que les d\u00e9tecteurs de c\u00e2bles, les \u00e9quipements de protection individuelle).<\/li>\n\n\n\n<li>R\u00e9agir de mani\u00e8re appropri\u00e9e en cas d\u2019incident (accident \u00e9lectrique, coupure, etc.).<\/li>\n<\/ul>\n\n\n\n<h2 class=\"wp-block-heading\">M\u00e9thodes p\u00e9dagogiques<\/h2>\n\n\n\n<p>Les apports th\u00e9oriques sont \u00e9tay\u00e9s par des mises en pratique.<\/p>\n\n\n\n<p>La m\u00e9thode participative est privil\u00e9gi\u00e9e pour permettre aux participants d\u2019\u00e9changer sur leurs pratiques professionnelles et partager leurs exp\u00e9riences propres.<\/p>\n\n\n\n<h2 class=\"wp-block-heading\">Moyens p\u00e9dagogiques<\/h2>\n\n\n\n<p>La formation est conduite dans une salle \u00e9quip\u00e9e d\u2019un vid\u00e9oprojecteur ou d\u2019un \u00e9cran et de supports pour cours (tableau, storyboard).<\/p>\n\n\n\n<p>Des documents normalis\u00e9s sont utilis\u00e9s en support de mise enpratique de la norme NFC18-510.<\/p>\n\n\n\n<p>Des maquettes p\u00e9dagogiques sont mises \u00e0 dispositions pour les apports pratiques (tableaux \u00e9lectriques).<\/p>\n\n\n\n<p>Des \u00e9quipements de protection individuelle sont mis \u00e0 disposition des participants (tapis, VAT, gant, \u00e9cran facial,cadenas, macaron, etc\u2026).<\/p>\n\n\n\n<h2 class=\"wp-block-heading\">Programme et contenu des comp\u00e9tences socles<\/h2>\n\n\n\n<p>T<strong>h\u00e9matiques th\u00e9oriques :<\/strong><\/p>\n\n\n\n<ul class=\"wp-block-list\">\n<li>Identification des r\u00e9seaux \u00e9lectriques \u00e0 haute et basse tension enfouis.<\/li>\n\n\n\n<li>Les risques \u00e9lectriques li\u00e9s aux fouilles et aux interventions \u00e0 proximit\u00e9 de c\u00e2bles sous tension.<\/li>\n\n\n\n<li>Les outils et \u00e9quipements pour d\u00e9tecter les c\u00e2bles \u00e9lectriques (d\u00e9tecteurs de c\u00e2bles, tests de tension).<\/li>\n\n\n\n<li>Les mesures de s\u00e9curit\u00e9 et proc\u00e9dures pour travailler \u00e0 proximit\u00e9 des installations \u00e9lectriques enterr\u00e9es.<\/li>\n\n\n\n<li>Responsabilit\u00e9s de l\u2019employeur et de l\u2019op\u00e9rateur lors de l\u2019intervention.<\/li>\n<\/ul>\n\n\n\n<p><strong>Th\u00e9matiques pratiques :<\/strong><\/p>\n\n\n\n<ul class=\"wp-block-list\">\n<li>Simulation d\u2019incidents et gestion des risques \u00e9lectriques sur chantier.<\/li>\n\n\n\n<li>Mise en place d\u2019un p\u00e9rim\u00e8tre de s\u00e9curit\u00e9 lors de fouilles \u00e0 proximit\u00e9 de r\u00e9seaux \u00e9lectriques.<\/li>\n\n\n\n<li>Manipulation et utilisation des \u00e9quipements de protection individuelle (gants, chaussures isolantes, etc.).<\/li>\n\n\n\n<li>D\u00e9tection de c\u00e2bles \u00e9lectriques \u00e0 l\u2019aide de d\u00e9tecteurs sp\u00e9cifiques.<\/li>\n<\/ul>\n\n\n\n<ol class=\"wp-block-list\">\n<li><\/li>\n<\/ol>\n\n\n\n<h2 class=\"wp-block-heading\">Conditions de r\u00e9ussite<\/h2>\n\n\n\n<p>Les apports th\u00e9oriques et pratiques sont consid\u00e9r\u00e9s comme acquis sous r\u00e9serve :<\/p>\n\n\n\n<ul class=\"wp-block-list\">\n<li>D\u2019avoir suivi la formation sur les 7 heures cons\u00e9cutives,<\/li>\n\n\n\n<li>D\u2019avoir obtenu un r\u00e9sultat satisfaisant au QCM<\/li>\n\n\n\n<li>D\u2019avoir r\u00e9ussi les \u00e9preuves de mises en pratique.<\/li>\n<\/ul>\n\n\n\n<h2 class=\"wp-block-heading\">Modalit\u00e9s d\u2019\u00e9valuation<\/h2>\n\n\n\n<p>Questionnaire \u00e0 choix multiples (QCM).<\/p>\n\n\n\n<h2 class=\"wp-block-heading\">Dur\u00e9e de la formation<\/h2>\n\n\n\n<p>Formation initiale ou recyclage : 1 jour \u2013 7 heures<\/p>\n\n\n\n<h2 class=\"wp-block-heading\">Co\u00fbt p\u00e9dagogique<\/h2>\n\n\n\n<p>En session inter-entreprises : 300\u20ac par stagiaire<\/p>\n\n\n\n<p>En session intra-entreprises : nous contacter<\/p>\n\n\n\n<h2 class=\"wp-block-heading\">Certifications Qualit\u00e9<\/h2>\n\n\n\n<p>VOLT Acad\u00e9mie est agr\u00e9\u00e9 QUALIOPI pour les actions de formation. A ce titre, les actions de formation conduites par VOLT Acad\u00e9mie peuvent faire l\u2019objet de financement de la part des OPCO (Op\u00e9rateur de Comp\u00e9tences) ainsi que par les financeurs publics<\/p>\n\n\n\n<p><a href=\"mailto:?subject=H0V%20B0%20BS&amp;body=https%3A%2F%2Fvoltacademie.fr%2F%3Fpage_id%3D198\"><\/a><\/p>\n\n\n\n<div data-wp-interactive=\"core\/file\" class=\"wp-block-file aligncenter\"><object data-wp-bind--hidden=\"!state.hasPdfPreview\" hidden class=\"wp-block-file__embed\" data=\"https:\/\/voltacademie.fr\/wp-content\/uploads\/2025\/01\/Fiche-formation-HF-BF-VOLT.pdf\" type=\"application\/pdf\" style=\"width:100%;height:600px\" aria-label=\"Contenu embarqu\u00e9 Fiche formation HF BF VOLT.\"><\/object><a id=\"wp-block-file--media-4c22cece-1e7d-48e6-a255-3d1f24099628\" href=\"https:\/\/voltacademie.fr\/wp-content\/uploads\/2025\/01\/Fiche-formation-HF-BF-VOLT.pdf\">Fiche formation HF BF VOLT<\/a><a href=\"https:\/\/voltacademie.fr\/wp-content\/uploads\/2025\/01\/Fiche-formation-HF-BF-VOLT.pdf\" class=\"wp-block-file__button wp-element-button\" download aria-describedby=\"wp-block-file--media-4c22cece-1e7d-48e6-a255-3d1f24099628\">T\u00e9l\u00e9charger<\/a><\/div>\n","protected":false},"excerpt":{"rendered":"<p>Habilitation Electrique HF BF Public concern\u00e9 ? Cette formation s\u2019adresse aux travailleurs et aux intervenants amen\u00e9s \u00e0 r\u00e9aliser des travaux de fouilles pr\u00e8s de r\u00e9seaux \u00e9lectriques haute tension (HF) et basse tension (BF). Elle est particuli\u00e8rement adapt\u00e9e pour : Pr\u00e9requis ? Il est conseill\u00e9 de conna\u00eetre les fondamentaux de l\u2019\u00e9lectricit\u00e9 et de poss\u00e9der une ma\u00eetrise [&hellip;]<\/p>\n","protected":false},"author":1,"featured_media":0,"parent":0,"menu_order":0,"comment_status":"closed","ping_status":"closed","template":"","meta":{"footnotes":""},"class_list":["post-340","page","type-page","status-publish","hentry"],"blocksy_meta":[],"yoast_head":"<!-- This site is optimized with the Yoast SEO plugin v27.1.1 - https:\/\/yoast.com\/product\/yoast-seo-wordpress\/ -->\n<title>Habilitation Electrique HF BF - VOLT Acad\u00e9mie<\/title>\n<meta name=\"description\" content=\"Formation Habilitation Electrique HF BF (Fouilles en Haute et Basse Tension) \u00e0 destination des entreprises de la r\u00e9gion PACA, notamment \u00e0 Nice, Marseille, Toulon, Aix-en-Provence et dans les d\u00e9partements des Alpes-Maritimes (06), des Bouches-du-Rh\u00f4ne (13), du Var (83) et du Vaucluse (84). Apprenez \u00e0 intervenir en toute s\u00e9curit\u00e9 \u00e0 proximit\u00e9 de r\u00e9seaux \u00e9lectriques enterr\u00e9s, \u00e0 identifier les risques \u00e9lectriques et \u00e0 appliquer les bonnes pratiques de pr\u00e9vention.\" \/>\n<meta name=\"robots\" content=\"index, follow, max-snippet:-1, max-image-preview:large, max-video-preview:-1\" \/>\n<link rel=\"canonical\" href=\"https:\/\/voltacademie.fr\/?page_id=340\" \/>\n<meta property=\"og:locale\" content=\"fr_FR\" \/>\n<meta property=\"og:type\" content=\"article\" \/>\n<meta property=\"og:title\" content=\"Habilitation Electrique HF BF - VOLT Acad\u00e9mie\" \/>\n<meta property=\"og:description\" content=\"Formation Habilitation Electrique HF BF (Fouilles en Haute et Basse Tension) \u00e0 destination des entreprises de la r\u00e9gion PACA, notamment \u00e0 Nice, Marseille, Toulon, Aix-en-Provence et dans les d\u00e9partements des Alpes-Maritimes (06), des Bouches-du-Rh\u00f4ne (13), du Var (83) et du Vaucluse (84). Apprenez \u00e0 intervenir en toute s\u00e9curit\u00e9 \u00e0 proximit\u00e9 de r\u00e9seaux \u00e9lectriques enterr\u00e9s, \u00e0 identifier les risques \u00e9lectriques et \u00e0 appliquer les bonnes pratiques de pr\u00e9vention.\" \/>\n<meta property=\"og:url\" content=\"https:\/\/voltacademie.fr\/?page_id=340\" \/>\n<meta property=\"og:site_name\" content=\"VOLT Acad\u00e9mie\" \/>\n<meta property=\"article:publisher\" content=\"https:\/\/www.facebook.com\/IpFibreAcademie\" \/>\n<meta property=\"article:modified_time\" content=\"2025-01-04T11:32:05+00:00\" \/>\n<meta property=\"og:image\" content=\"https:\/\/voltacademie.fr\/wp-content\/uploads\/2024\/06\/8j5ZEm3URG21e2Yf03UOqg.webp\" \/>\n\t<meta property=\"og:image:width\" content=\"1024\" \/>\n\t<meta property=\"og:image:height\" content=\"1024\" \/>\n\t<meta property=\"og:image:type\" content=\"image\/webp\" \/>\n<meta name=\"twitter:card\" content=\"summary_large_image\" \/>\n<meta name=\"twitter:label1\" content=\"Dur\u00e9e de lecture estim\u00e9e\" \/>\n\t<meta name=\"twitter:data1\" content=\"3 minutes\" \/>\n<script type=\"application\/ld+json\" class=\"yoast-schema-graph\">{\"@context\":\"https:\/\/schema.org\",\"@graph\":[{\"@type\":\"WebPage\",\"@id\":\"https:\/\/voltacademie.fr\/?page_id=340\",\"url\":\"https:\/\/voltacademie.fr\/?page_id=340\",\"name\":\"Habilitation Electrique HF BF - VOLT Acad\u00e9mie\",\"isPartOf\":{\"@id\":\"https:\/\/voltacademie.fr\/#website\"},\"datePublished\":\"2025-01-04T11:21:50+00:00\",\"dateModified\":\"2025-01-04T11:32:05+00:00\",\"description\":\"Formation Habilitation Electrique HF BF (Fouilles en Haute et Basse Tension) \u00e0 destination des entreprises de la r\u00e9gion PACA, notamment \u00e0 Nice, Marseille, Toulon, Aix-en-Provence et dans les d\u00e9partements des Alpes-Maritimes (06), des Bouches-du-Rh\u00f4ne (13), du Var (83) et du Vaucluse (84). Apprenez \u00e0 intervenir en toute s\u00e9curit\u00e9 \u00e0 proximit\u00e9 de r\u00e9seaux \u00e9lectriques enterr\u00e9s, \u00e0 identifier les risques \u00e9lectriques et \u00e0 appliquer les bonnes pratiques de pr\u00e9vention.\",\"breadcrumb\":{\"@id\":\"https:\/\/voltacademie.fr\/?page_id=340#breadcrumb\"},\"inLanguage\":\"fr-FR\",\"potentialAction\":[{\"@type\":\"ReadAction\",\"target\":[\"https:\/\/voltacademie.fr\/?page_id=340\"]}]},{\"@type\":\"BreadcrumbList\",\"@id\":\"https:\/\/voltacademie.fr\/?page_id=340#breadcrumb\",\"itemListElement\":[{\"@type\":\"ListItem\",\"position\":1,\"name\":\"Accueil\",\"item\":\"https:\/\/voltacademie.fr\/\"},{\"@type\":\"ListItem\",\"position\":2,\"name\":\"Habilitation Electrique HF BF\"}]},{\"@type\":\"WebSite\",\"@id\":\"https:\/\/voltacademie.fr\/#website\",\"url\":\"https:\/\/voltacademie.fr\/\",\"name\":\"VOLT Acad\u00e9mie\",\"description\":\"Centre de formation - S\u00e9curit\u00e9 Electricit\u00e9 IRVE Photovolta\u00efque AIPR Hablitations Electriques - Pertuis - Aix - Marseille - Nice - PACA\",\"publisher\":{\"@id\":\"https:\/\/voltacademie.fr\/#organization\"},\"potentialAction\":[{\"@type\":\"SearchAction\",\"target\":{\"@type\":\"EntryPoint\",\"urlTemplate\":\"https:\/\/voltacademie.fr\/?s={search_term_string}\"},\"query-input\":{\"@type\":\"PropertyValueSpecification\",\"valueRequired\":true,\"valueName\":\"search_term_string\"}}],\"inLanguage\":\"fr-FR\"},{\"@type\":\"Organization\",\"@id\":\"https:\/\/voltacademie.fr\/#organization\",\"name\":\"VOLT Acad\u00e9mie\",\"url\":\"https:\/\/voltacademie.fr\/\",\"logo\":{\"@type\":\"ImageObject\",\"inLanguage\":\"fr-FR\",\"@id\":\"https:\/\/voltacademie.fr\/#\/schema\/logo\/image\/\",\"url\":\"https:\/\/voltacademie.fr\/wp-content\/uploads\/2024\/06\/cropped-cropped-ySrmBZ4JSla_GJpKTBpLMg-1.webp\",\"contentUrl\":\"https:\/\/voltacademie.fr\/wp-content\/uploads\/2024\/06\/cropped-cropped-ySrmBZ4JSla_GJpKTBpLMg-1.webp\",\"width\":512,\"height\":384,\"caption\":\"VOLT Acad\u00e9mie\"},\"image\":{\"@id\":\"https:\/\/voltacademie.fr\/#\/schema\/logo\/image\/\"},\"sameAs\":[\"https:\/\/www.facebook.com\/IpFibreAcademie\",\"https:\/\/www.linkedin.com\/company\/ip-fibre-academie\/\"]}]}<\/script>\n<!-- \/ Yoast SEO plugin. -->","yoast_head_json":{"title":"Habilitation Electrique HF BF - VOLT Acad\u00e9mie","description":"Formation Habilitation Electrique HF BF (Fouilles en Haute et Basse Tension) \u00e0 destination des entreprises de la r\u00e9gion PACA, notamment \u00e0 Nice, Marseille, Toulon, Aix-en-Provence et dans les d\u00e9partements des Alpes-Maritimes (06), des Bouches-du-Rh\u00f4ne (13), du Var (83) et du Vaucluse (84). Apprenez \u00e0 intervenir en toute s\u00e9curit\u00e9 \u00e0 proximit\u00e9 de r\u00e9seaux \u00e9lectriques enterr\u00e9s, \u00e0 identifier les risques \u00e9lectriques et \u00e0 appliquer les bonnes pratiques de pr\u00e9vention.","robots":{"index":"index","follow":"follow","max-snippet":"max-snippet:-1","max-image-preview":"max-image-preview:large","max-video-preview":"max-video-preview:-1"},"canonical":"https:\/\/voltacademie.fr\/?page_id=340","og_locale":"fr_FR","og_type":"article","og_title":"Habilitation Electrique HF BF - VOLT Acad\u00e9mie","og_description":"Formation Habilitation Electrique HF BF (Fouilles en Haute et Basse Tension) \u00e0 destination des entreprises de la r\u00e9gion PACA, notamment \u00e0 Nice, Marseille, Toulon, Aix-en-Provence et dans les d\u00e9partements des Alpes-Maritimes (06), des Bouches-du-Rh\u00f4ne (13), du Var (83) et du Vaucluse (84). Apprenez \u00e0 intervenir en toute s\u00e9curit\u00e9 \u00e0 proximit\u00e9 de r\u00e9seaux \u00e9lectriques enterr\u00e9s, \u00e0 identifier les risques \u00e9lectriques et \u00e0 appliquer les bonnes pratiques de pr\u00e9vention.","og_url":"https:\/\/voltacademie.fr\/?page_id=340","og_site_name":"VOLT Acad\u00e9mie","article_publisher":"https:\/\/www.facebook.com\/IpFibreAcademie","article_modified_time":"2025-01-04T11:32:05+00:00","og_image":[{"width":1024,"height":1024,"url":"https:\/\/voltacademie.fr\/wp-content\/uploads\/2024\/06\/8j5ZEm3URG21e2Yf03UOqg.webp","type":"image\/webp"}],"twitter_card":"summary_large_image","twitter_misc":{"Dur\u00e9e de lecture estim\u00e9e":"3 minutes"},"schema":{"@context":"https:\/\/schema.org","@graph":[{"@type":"WebPage","@id":"https:\/\/voltacademie.fr\/?page_id=340","url":"https:\/\/voltacademie.fr\/?page_id=340","name":"Habilitation Electrique HF BF - VOLT Acad\u00e9mie","isPartOf":{"@id":"https:\/\/voltacademie.fr\/#website"},"datePublished":"2025-01-04T11:21:50+00:00","dateModified":"2025-01-04T11:32:05+00:00","description":"Formation Habilitation Electrique HF BF (Fouilles en Haute et Basse Tension) \u00e0 destination des entreprises de la r\u00e9gion PACA, notamment \u00e0 Nice, Marseille, Toulon, Aix-en-Provence et dans les d\u00e9partements des Alpes-Maritimes (06), des Bouches-du-Rh\u00f4ne (13), du Var (83) et du Vaucluse (84). Apprenez \u00e0 intervenir en toute s\u00e9curit\u00e9 \u00e0 proximit\u00e9 de r\u00e9seaux \u00e9lectriques enterr\u00e9s, \u00e0 identifier les risques \u00e9lectriques et \u00e0 appliquer les bonnes pratiques de pr\u00e9vention.","breadcrumb":{"@id":"https:\/\/voltacademie.fr\/?page_id=340#breadcrumb"},"inLanguage":"fr-FR","potentialAction":[{"@type":"ReadAction","target":["https:\/\/voltacademie.fr\/?page_id=340"]}]},{"@type":"BreadcrumbList","@id":"https:\/\/voltacademie.fr\/?page_id=340#breadcrumb","itemListElement":[{"@type":"ListItem","position":1,"name":"Accueil","item":"https:\/\/voltacademie.fr\/"},{"@type":"ListItem","position":2,"name":"Habilitation Electrique HF BF"}]},{"@type":"WebSite","@id":"https:\/\/voltacademie.fr\/#website","url":"https:\/\/voltacademie.fr\/","name":"VOLT Acad\u00e9mie","description":"Centre de formation - S\u00e9curit\u00e9 Electricit\u00e9 IRVE Photovolta\u00efque AIPR Hablitations Electriques - Pertuis - Aix - Marseille - Nice - PACA","publisher":{"@id":"https:\/\/voltacademie.fr\/#organization"},"potentialAction":[{"@type":"SearchAction","target":{"@type":"EntryPoint","urlTemplate":"https:\/\/voltacademie.fr\/?s={search_term_string}"},"query-input":{"@type":"PropertyValueSpecification","valueRequired":true,"valueName":"search_term_string"}}],"inLanguage":"fr-FR"},{"@type":"Organization","@id":"https:\/\/voltacademie.fr\/#organization","name":"VOLT Acad\u00e9mie","url":"https:\/\/voltacademie.fr\/","logo":{"@type":"ImageObject","inLanguage":"fr-FR","@id":"https:\/\/voltacademie.fr\/#\/schema\/logo\/image\/","url":"https:\/\/voltacademie.fr\/wp-content\/uploads\/2024\/06\/cropped-cropped-ySrmBZ4JSla_GJpKTBpLMg-1.webp","contentUrl":"https:\/\/voltacademie.fr\/wp-content\/uploads\/2024\/06\/cropped-cropped-ySrmBZ4JSla_GJpKTBpLMg-1.webp","width":512,"height":384,"caption":"VOLT Acad\u00e9mie"},"image":{"@id":"https:\/\/voltacademie.fr\/#\/schema\/logo\/image\/"},"sameAs":["https:\/\/www.facebook.com\/IpFibreAcademie","https:\/\/www.linkedin.com\/company\/ip-fibre-academie\/"]}]}},"_links":{"self":[{"href":"https:\/\/voltacademie.fr\/index.php?rest_route=\/wp\/v2\/pages\/340","targetHints":{"allow":["GET"]}}],"collection":[{"href":"https:\/\/voltacademie.fr\/index.php?rest_route=\/wp\/v2\/pages"}],"about":[{"href":"https:\/\/voltacademie.fr\/index.php?rest_route=\/wp\/v2\/types\/page"}],"author":[{"embeddable":true,"href":"https:\/\/voltacademie.fr\/index.php?rest_route=\/wp\/v2\/users\/1"}],"replies":[{"embeddable":true,"href":"https:\/\/voltacademie.fr\/index.php?rest_route=%2Fwp%2Fv2%2Fcomments&post=340"}],"version-history":[{"count":3,"href":"https:\/\/voltacademie.fr\/index.php?rest_route=\/wp\/v2\/pages\/340\/revisions"}],"predecessor-version":[{"id":346,"href":"https:\/\/voltacademie.fr\/index.php?rest_route=\/wp\/v2\/pages\/340\/revisions\/346"}],"wp:attachment":[{"href":"https:\/\/voltacademie.fr\/index.php?rest_route=%2Fwp%2Fv2%2Fmedia&parent=340"}],"curies":[{"name":"wp","href":"https:\/\/api.w.org\/{rel}","templated":true}]}}