{"id":307,"date":"2025-01-04T10:56:38","date_gmt":"2025-01-04T09:56:38","guid":{"rendered":"https:\/\/voltacademie.fr\/?page_id=307"},"modified":"2025-01-04T11:31:28","modified_gmt":"2025-01-04T10:31:28","slug":"monteur-panneaux-photovoltaiques","status":"publish","type":"page","link":"https:\/\/voltacademie.fr\/?page_id=307","title":{"rendered":"Monteur Panneaux Photovolta\u00efques"},"content":{"rendered":"\n<h2 class=\"wp-block-heading has-text-align-center\">Monteur Panneaux Photovolta\u00efques<\/h2>\n\n\n\n<figure class=\"wp-block-image aligncenter size-full is-resized\"><img loading=\"lazy\" decoding=\"async\" width=\"291\" height=\"130\" src=\"https:\/\/voltacademie.fr\/wp-content\/uploads\/2025\/01\/image-1.png\" alt=\"\" class=\"wp-image-309\" style=\"width:569px;height:auto\"\/><\/figure>\n\n\n\n<h2 class=\"wp-block-heading has-text-align-left has-large-font-size\">Public concern\u00e9 ?<\/h2>\n\n\n\n<p>Ce parcours est r\u00e9alis\u00e9 sp\u00e9cifiquement pour le personnel souhaitant acqu\u00e9rir de nouvelles comp\u00e9tences, sur l\u2019activit\u00e9 photovolta\u00efque.<\/p>\n\n\n\n<p>La formation s\u2019adresse aux techniciens d\u2019installation de centrales photovolta\u00efques chez des particuliers ou petites entreprises (centrales de moins de 36kWc).<\/p>\n\n\n\n<h2 class=\"wp-block-heading has-large-font-size\">Pr\u00e9requis ?<\/h2>\n\n\n\n<p class=\"has-text-align-left\">Il est conseill\u00e9 de maitriser la langue fran\u00e7aise.<\/p>\n\n\n\n<p>Il est obligatoire d&rsquo;\u00eatre apte m\u00e9dicalement au poste de travail.<\/p>\n\n\n\n<p class=\"has-text-align-left\">Il est n\u00e9cessaire d\u2019avoir des comp\u00e9tences en \u00e9lectricit\u00e9 (grandeurs \u00e9lectriques, types de courant, dispositifs de protection, \u00e9quipements \u00e9lectriques, lecture d\u2019un sch\u00e9ma \u00e9lectrique, utilisation d\u2019un appareil de mesure). <\/p>\n\n\n\n<p class=\"has-text-align-left\">Il est n\u00e9cessaire que chaque stagiaire apporte ses propres EPI.<\/p>\n\n\n\n<h2 class=\"wp-block-heading has-large-font-size\">Objectifs<\/h2>\n\n\n\n<ul class=\"wp-block-list\">\n<li>Ma\u00eetriser les EPI de protection antichute, et les r\u00e8gles de pr\u00e9vention du travail sur toiture.<\/li>\n\n\n\n<li>Connaitre les principes g\u00e9n\u00e9raux des panneaux solaires photovolta\u00efques.<\/li>\n\n\n\n<li>Connaitre les diff\u00e9rents types de toits et de couvertures.<\/li>\n\n\n\n<li>Connaitre les outils et \u00e9quipements de protection individuels et collectifs li\u00e9s \u00e0 la pose de panneaux photovolta\u00efques.<\/li>\n\n\n\n<li>Conna\u00eetre les diff\u00e9rents \u00e9l\u00e9ments d\u2019une centrale photovolta\u00efque et leurs caract\u00e9ristiques.<\/li>\n<\/ul>\n\n\n\n<p>\u00catre capable de&nbsp;:<\/p>\n\n\n\n<ul class=\"wp-block-list\">\n<li>Analyser les risques d\u2019un chantier et r\u00e9aliser la mise en s\u00e9curit\u00e9 de chacun<ul><li>r\u00e9aliser le balisage d\u2019un chantier photovolta\u00efque,<\/li><\/ul><ul><li>poser un syst\u00e8me d\u2019int\u00e9gration et des panneaux solaires photovolta\u00efques avec un ordre de travail contenant le plan de calepinage et de c\u00e2blage,<\/li><\/ul><ul><li>r\u00e9aliser des connecteurs MC4.<\/li><\/ul>\n<ul class=\"wp-block-list\">\n<li>r\u00e9aliser le raccordement \u00e9lectrique de la centrale photovolta\u00efque.<\/li>\n\n\n\n<li>r\u00e9aliser la mise en service d&rsquo;une centrale photvolta\u00efque.<\/li>\n<\/ul>\n<\/li>\n<\/ul>\n\n\n\n<h2 class=\"wp-block-heading has-large-font-size\">M\u00e9thodes p\u00e9dagogiques<\/h2>\n\n\n\n<p>Les apports th\u00e9oriques sont \u00e9tay\u00e9s par des mises en pratique. La m\u00e9thode participative est privil\u00e9gi\u00e9e pour permettre aux participants d\u2019\u00e9changer sur leurs pratiques professionnelles et partager leurs exp\u00e9riences propres.<\/p>\n\n\n\n<p>Pour la partie pratique, la formation inclue des modules pratiques sur diff\u00e9rentes plateformes p\u00e9dagogiques dot\u00e9e de toitures et de diff\u00e9rents types de couverture. Plusieurs panneaux photovolta\u00efques, micro-onduleurs, onduleurs, c\u00e2bles \u00e9lectriques, syst\u00e8mes d\u2019int\u00e9gration sur toit et au sol, c\u00e2bles \u00e9lectriques, tableaux AC et DC, protections \u00e9lectriques, sont mis \u00e0 disposition des stagiaires.<\/p>\n\n\n\n<h2 class=\"wp-block-heading has-large-font-size\">Programme et contenu des comp\u00e9tences socles<\/h2>\n\n\n\n<p><strong><em><u>Jour 1 <\/u>&nbsp;&nbsp;&nbsp;&nbsp;&nbsp;&nbsp;&nbsp;&nbsp;&nbsp;&nbsp;&nbsp;&nbsp; <\/em><\/strong><em>7 heures<\/em><\/p>\n\n\n\n<p>Notions \u00e9l\u00e9mentaires d\u2019\u00e9lectricit\u00e9<\/p>\n\n\n\n<ul class=\"wp-block-list\">\n<li>Les notions \u00e9l\u00e9mentaires d\u2019\u00e9lectricit\u00e9<\/li>\n\n\n\n<li>Les c\u00e2bles \u00e9lectriques<\/li>\n\n\n\n<li>Les dispositifs \u00e9lectriques<\/li>\n\n\n\n<li>Le tableau \u00e9lectrique<\/li>\n\n\n\n<li>Les protections \u00e9lectriques<\/li>\n\n\n\n<li>La terre et son r\u00f4le<\/li>\n<\/ul>\n\n\n\n<p><strong><em><u>Jour 2 <\/u><\/em><\/strong><strong><em>&nbsp;&nbsp;&nbsp;&nbsp;&nbsp;&nbsp;&nbsp;&nbsp;&nbsp;&nbsp;&nbsp; <\/em><\/strong><em>7 heures<\/em><\/p>\n\n\n\n<p>Principes g\u00e9n\u00e9raux du photovolta\u00efque<\/p>\n\n\n\n<ul class=\"wp-block-list\">\n<li>Les principes g\u00e9n\u00e9raux du photovolta\u00efque<\/li>\n\n\n\n<li>L\u2019effet photovolta\u00efque<\/li>\n\n\n\n<li>La fabrication des modules PV<\/li>\n\n\n\n<li>Le montage en s\u00e9rie des cellules<\/li>\n\n\n\n<li>Les caract\u00e9ristiques d\u2019un panneau photovolta\u00efque<\/li>\n\n\n\n<li>Le c\u00e2blage en s\u00e9rie ou en parall\u00e8le<\/li>\n\n\n\n<li>Onduleurs centraux et Micro-onduleurs<\/li>\n<\/ul>\n\n\n\n<p><strong><em><u>Jour 3 <\/u>&nbsp;&nbsp;&nbsp;&nbsp;&nbsp;&nbsp;&nbsp;&nbsp;&nbsp;&nbsp;&nbsp; <\/em><\/strong><em>7 heures<\/em><\/p>\n\n\n\n<ul class=\"wp-block-list\">\n<li>Notions sur les toitures et diff\u00e9rents types de couvertures<\/li>\n\n\n\n<li>L\u2019analyse des risques, le balisage et la mise en s\u00e9curit\u00e9 collective et\/ou individuelle<\/li>\n\n\n\n<li>Le mat\u00e9riel d\u2019une installation photovolta\u00efque et ses caract\u00e9ristiques<\/li>\n\n\n\n<li>Onduleurs, micro-onduleurs, optimiseurs et passerelles<\/li>\n\n\n\n<li>La pose du syst\u00e8me d\u2019int\u00e9gration (Tirefonds, rails, bouchons, jonctions, crochets de toits,<\/li>\n<\/ul>\n\n\n\n<p>mise \u00e0 la terre de la masse, lecture d\u2019un plan de calepinage)<\/p>\n\n\n\n<ul class=\"wp-block-list\">\n<li>Les petits travaux de ma\u00e7onnerie et couverture (tuiles, supports, \u00e9tanch\u00e9it\u00e9)<\/li>\n<\/ul>\n\n\n\n<p><strong><em><u>Jour 4 <\/u><\/em><\/strong><strong><em>&nbsp;&nbsp;&nbsp;&nbsp;&nbsp;&nbsp;&nbsp;&nbsp;&nbsp;&nbsp;&nbsp; <\/em><\/strong><em>7 heures<\/em><\/p>\n\n\n\n<ul class=\"wp-block-list\">\n<li>Le raccordement \u00e9lectrique d\u2019une centrale photovolta\u00efque<\/li>\n\n\n\n<li>Travail sur maquettes p\u00e9dagogiques (pose de syst\u00e8me d\u2019int\u00e9gration)<\/li>\n<\/ul>\n\n\n\n<p><strong><em><u>Jour 5 <\/u><\/em><\/strong><strong><em>&nbsp;&nbsp;&nbsp;&nbsp;&nbsp;&nbsp;&nbsp;&nbsp;&nbsp;&nbsp;&nbsp; <\/em><\/strong><em>7 heures<\/em><\/p>\n\n\n\n<ul class=\"wp-block-list\">\n<li>La mise en service<\/li>\n\n\n\n<li>Les attendus pour le suivi et les retours de chantiers, l\u2019autocontr\u00f4le avec checklist, le nettoyage du chantier<\/li>\n<\/ul>\n\n\n\n<p>Travail sur maquettes p\u00e9dagogiques (raccordement et mise en service)<\/p>\n\n\n\n<h2 class=\"wp-block-heading\">Conditions de r\u00e9ussite<\/h2>\n\n\n\n<p>Les apports th\u00e9oriques et pratiques sont consid\u00e9r\u00e9s comme acquis sous r\u00e9serve :<\/p>\n\n\n\n<ul class=\"wp-block-list\">\n<li>D\u2019avoir suivi l&rsquo;int\u00e9gralit\u00e9 de la formation,<\/li>\n\n\n\n<li>D\u2019avoir obtenu un r\u00e9sultat satisfaisant au QCM,<\/li>\n\n\n\n<li>D\u2019avoir r\u00e9ussi les \u00e9preuves de mises en pratique.<\/li>\n<\/ul>\n\n\n\n<h2 class=\"wp-block-heading has-large-font-size\">Modalit\u00e9s d&rsquo;\u00e9valuation<\/h2>\n\n\n\n<p>Th\u00e9oriques : Questionnaire \u00e0 choix multiples (QCM).<\/p>\n\n\n\n<p>Pratiques<\/p>\n\n\n\n<h2 class=\"wp-block-heading has-large-font-size\">Dur\u00e9e de la formation<\/h2>\n\n\n\n<p class=\"has-text-align-left\">5 jours &#8211; 35 heures<\/p>\n\n\n\n<h2 class=\"wp-block-heading has-large-font-size\">Co\u00fbt p\u00e9dagogique<\/h2>\n\n\n\n<p>En session inter-entreprises : 2500\u20ac par stagiaire<\/p>\n\n\n\n<p>En session intra-entreprises : nous contacter<\/p>\n\n\n\n<div class=\"wp-block-buttons is-content-justification-center is-layout-flex wp-container-core-buttons-is-layout-a89b3969 wp-block-buttons-is-layout-flex\">\n<div class=\"wp-block-button\"><a class=\"wp-block-button__link has-text-align-center wp-element-button\" href=\"https:\/\/voltacademie.fr\/?page_id=136\">Contactez-nous !<\/a><\/div>\n<\/div>\n\n\n\n<figure class=\"wp-block-image aligncenter size-full\"><img loading=\"lazy\" decoding=\"async\" width=\"362\" height=\"483\" src=\"https:\/\/voltacademie.fr\/wp-content\/uploads\/2025\/01\/image-2.png\" alt=\"\" class=\"wp-image-310\" srcset=\"https:\/\/voltacademie.fr\/wp-content\/uploads\/2025\/01\/image-2.png 362w, https:\/\/voltacademie.fr\/wp-content\/uploads\/2025\/01\/image-2-225x300.png 225w\" sizes=\"auto, (max-width: 362px) 100vw, 362px\" \/><\/figure>\n\n\n\n<div data-wp-interactive=\"core\/file\" class=\"wp-block-file aligncenter\"><object data-wp-bind--hidden=\"!state.hasPdfPreview\" hidden class=\"wp-block-file__embed\" data=\"https:\/\/voltacademie.fr\/wp-content\/uploads\/2025\/01\/Fiche-formation-Monteur-PV-5-Jours-VOLT.pdf\" type=\"application\/pdf\" style=\"width:100%;height:600px\" aria-label=\"Contenu embarqu\u00e9 Fiche formation Monteur PV 5 Jours VOLT.\"><\/object><a id=\"wp-block-file--media-72dc77ed-0061-4c19-b16a-c8f9f4d14466\" href=\"https:\/\/voltacademie.fr\/wp-content\/uploads\/2025\/01\/Fiche-formation-Monteur-PV-5-Jours-VOLT.pdf\">Fiche formation Monteur PV 5 Jours VOLT<\/a><a href=\"https:\/\/voltacademie.fr\/wp-content\/uploads\/2025\/01\/Fiche-formation-Monteur-PV-5-Jours-VOLT.pdf\" class=\"wp-block-file__button wp-element-button\" download aria-describedby=\"wp-block-file--media-72dc77ed-0061-4c19-b16a-c8f9f4d14466\">T\u00e9l\u00e9charger<\/a><\/div>\n","protected":false},"excerpt":{"rendered":"<p>Monteur Panneaux Photovolta\u00efques Public concern\u00e9 ? Ce parcours est r\u00e9alis\u00e9 sp\u00e9cifiquement pour le personnel souhaitant acqu\u00e9rir de nouvelles comp\u00e9tences, sur l\u2019activit\u00e9 photovolta\u00efque. La formation s\u2019adresse aux techniciens d\u2019installation de centrales photovolta\u00efques chez des particuliers ou petites entreprises (centrales de moins de 36kWc). Pr\u00e9requis ? Il est conseill\u00e9 de maitriser la langue fran\u00e7aise. Il est obligatoire [&hellip;]<\/p>\n","protected":false},"author":1,"featured_media":0,"parent":0,"menu_order":0,"comment_status":"closed","ping_status":"closed","template":"","meta":{"footnotes":""},"class_list":["post-307","page","type-page","status-publish","hentry"],"blocksy_meta":[],"yoast_head":"<!-- This site is optimized with the Yoast SEO plugin v27.1.1 - https:\/\/yoast.com\/product\/yoast-seo-wordpress\/ -->\n<title>Monteur Panneaux Photovolta\u00efques - VOLT Acad\u00e9mie<\/title>\n<meta name=\"description\" content=\"Devenez monteur de panneaux photovolta\u00efques gr\u00e2ce \u00e0 notre formation certifi\u00e9e \u00e0 Volt Acad\u00e9mie. Formation adapt\u00e9e aux besoins des entreprises en r\u00e9gion PACA : Alpes-Maritimes (06), Bouches-du-Rh\u00f4ne (13), Var (83), Vaucluse (84), et les grandes villes comme Marseille, Nice, Toulon, Aix-en-Provence, Avignon, Cannes, Hy\u00e8res, Fr\u00e9jus, Arles. Inscrivez-vous d\u00e8s maintenant pour un avenir dans l&#039;\u00e9nergie solaire !\" \/>\n<meta name=\"robots\" content=\"index, follow, max-snippet:-1, max-image-preview:large, max-video-preview:-1\" \/>\n<link rel=\"canonical\" href=\"https:\/\/voltacademie.fr\/?page_id=307\" \/>\n<meta property=\"og:locale\" content=\"fr_FR\" \/>\n<meta property=\"og:type\" content=\"article\" \/>\n<meta property=\"og:title\" content=\"Monteur Panneaux Photovolta\u00efques - VOLT Acad\u00e9mie\" \/>\n<meta property=\"og:description\" content=\"Devenez monteur de panneaux photovolta\u00efques gr\u00e2ce \u00e0 notre formation certifi\u00e9e \u00e0 Volt Acad\u00e9mie. Formation adapt\u00e9e aux besoins des entreprises en r\u00e9gion PACA : Alpes-Maritimes (06), Bouches-du-Rh\u00f4ne (13), Var (83), Vaucluse (84), et les grandes villes comme Marseille, Nice, Toulon, Aix-en-Provence, Avignon, Cannes, Hy\u00e8res, Fr\u00e9jus, Arles. Inscrivez-vous d\u00e8s maintenant pour un avenir dans l&#039;\u00e9nergie solaire !\" \/>\n<meta property=\"og:url\" content=\"https:\/\/voltacademie.fr\/?page_id=307\" \/>\n<meta property=\"og:site_name\" content=\"VOLT Acad\u00e9mie\" \/>\n<meta property=\"article:publisher\" content=\"https:\/\/www.facebook.com\/IpFibreAcademie\" \/>\n<meta property=\"article:modified_time\" content=\"2025-01-04T10:31:28+00:00\" \/>\n<meta property=\"og:image\" content=\"https:\/\/voltacademie.fr\/wp-content\/uploads\/2025\/01\/image-1.png\" \/>\n\t<meta property=\"og:image:width\" content=\"291\" \/>\n\t<meta property=\"og:image:height\" content=\"130\" \/>\n\t<meta property=\"og:image:type\" content=\"image\/png\" \/>\n<meta name=\"twitter:card\" content=\"summary_large_image\" \/>\n<meta name=\"twitter:label1\" content=\"Dur\u00e9e de lecture estim\u00e9e\" \/>\n\t<meta name=\"twitter:data1\" content=\"4 minutes\" \/>\n<script type=\"application\/ld+json\" class=\"yoast-schema-graph\">{\"@context\":\"https:\/\/schema.org\",\"@graph\":[{\"@type\":\"WebPage\",\"@id\":\"https:\/\/voltacademie.fr\/?page_id=307\",\"url\":\"https:\/\/voltacademie.fr\/?page_id=307\",\"name\":\"Monteur Panneaux Photovolta\u00efques - VOLT Acad\u00e9mie\",\"isPartOf\":{\"@id\":\"https:\/\/voltacademie.fr\/#website\"},\"primaryImageOfPage\":{\"@id\":\"https:\/\/voltacademie.fr\/?page_id=307#primaryimage\"},\"image\":{\"@id\":\"https:\/\/voltacademie.fr\/?page_id=307#primaryimage\"},\"thumbnailUrl\":\"https:\/\/voltacademie.fr\/wp-content\/uploads\/2025\/01\/image-1.png\",\"datePublished\":\"2025-01-04T09:56:38+00:00\",\"dateModified\":\"2025-01-04T10:31:28+00:00\",\"description\":\"Devenez monteur de panneaux photovolta\u00efques gr\u00e2ce \u00e0 notre formation certifi\u00e9e \u00e0 Volt Acad\u00e9mie. Formation adapt\u00e9e aux besoins des entreprises en r\u00e9gion PACA : Alpes-Maritimes (06), Bouches-du-Rh\u00f4ne (13), Var (83), Vaucluse (84), et les grandes villes comme Marseille, Nice, Toulon, Aix-en-Provence, Avignon, Cannes, Hy\u00e8res, Fr\u00e9jus, Arles. Inscrivez-vous d\u00e8s maintenant pour un avenir dans l'\u00e9nergie solaire !\",\"breadcrumb\":{\"@id\":\"https:\/\/voltacademie.fr\/?page_id=307#breadcrumb\"},\"inLanguage\":\"fr-FR\",\"potentialAction\":[{\"@type\":\"ReadAction\",\"target\":[\"https:\/\/voltacademie.fr\/?page_id=307\"]}]},{\"@type\":\"ImageObject\",\"inLanguage\":\"fr-FR\",\"@id\":\"https:\/\/voltacademie.fr\/?page_id=307#primaryimage\",\"url\":\"https:\/\/voltacademie.fr\/wp-content\/uploads\/2025\/01\/image-1.png\",\"contentUrl\":\"https:\/\/voltacademie.fr\/wp-content\/uploads\/2025\/01\/image-1.png\",\"width\":291,\"height\":130},{\"@type\":\"BreadcrumbList\",\"@id\":\"https:\/\/voltacademie.fr\/?page_id=307#breadcrumb\",\"itemListElement\":[{\"@type\":\"ListItem\",\"position\":1,\"name\":\"Accueil\",\"item\":\"https:\/\/voltacademie.fr\/\"},{\"@type\":\"ListItem\",\"position\":2,\"name\":\"Monteur Panneaux Photovolta\u00efques\"}]},{\"@type\":\"WebSite\",\"@id\":\"https:\/\/voltacademie.fr\/#website\",\"url\":\"https:\/\/voltacademie.fr\/\",\"name\":\"VOLT Acad\u00e9mie\",\"description\":\"Centre de formation - S\u00e9curit\u00e9 Electricit\u00e9 IRVE Photovolta\u00efque AIPR Hablitations Electriques - Pertuis - Aix - Marseille - Nice - PACA\",\"publisher\":{\"@id\":\"https:\/\/voltacademie.fr\/#organization\"},\"potentialAction\":[{\"@type\":\"SearchAction\",\"target\":{\"@type\":\"EntryPoint\",\"urlTemplate\":\"https:\/\/voltacademie.fr\/?s={search_term_string}\"},\"query-input\":{\"@type\":\"PropertyValueSpecification\",\"valueRequired\":true,\"valueName\":\"search_term_string\"}}],\"inLanguage\":\"fr-FR\"},{\"@type\":\"Organization\",\"@id\":\"https:\/\/voltacademie.fr\/#organization\",\"name\":\"VOLT Acad\u00e9mie\",\"url\":\"https:\/\/voltacademie.fr\/\",\"logo\":{\"@type\":\"ImageObject\",\"inLanguage\":\"fr-FR\",\"@id\":\"https:\/\/voltacademie.fr\/#\/schema\/logo\/image\/\",\"url\":\"https:\/\/voltacademie.fr\/wp-content\/uploads\/2024\/06\/cropped-cropped-ySrmBZ4JSla_GJpKTBpLMg-1.webp\",\"contentUrl\":\"https:\/\/voltacademie.fr\/wp-content\/uploads\/2024\/06\/cropped-cropped-ySrmBZ4JSla_GJpKTBpLMg-1.webp\",\"width\":512,\"height\":384,\"caption\":\"VOLT Acad\u00e9mie\"},\"image\":{\"@id\":\"https:\/\/voltacademie.fr\/#\/schema\/logo\/image\/\"},\"sameAs\":[\"https:\/\/www.facebook.com\/IpFibreAcademie\",\"https:\/\/www.linkedin.com\/company\/ip-fibre-academie\/\"]}]}<\/script>\n<!-- \/ Yoast SEO plugin. -->","yoast_head_json":{"title":"Monteur Panneaux Photovolta\u00efques - VOLT Acad\u00e9mie","description":"Devenez monteur de panneaux photovolta\u00efques gr\u00e2ce \u00e0 notre formation certifi\u00e9e \u00e0 Volt Acad\u00e9mie. Formation adapt\u00e9e aux besoins des entreprises en r\u00e9gion PACA : Alpes-Maritimes (06), Bouches-du-Rh\u00f4ne (13), Var (83), Vaucluse (84), et les grandes villes comme Marseille, Nice, Toulon, Aix-en-Provence, Avignon, Cannes, Hy\u00e8res, Fr\u00e9jus, Arles. Inscrivez-vous d\u00e8s maintenant pour un avenir dans l'\u00e9nergie solaire !","robots":{"index":"index","follow":"follow","max-snippet":"max-snippet:-1","max-image-preview":"max-image-preview:large","max-video-preview":"max-video-preview:-1"},"canonical":"https:\/\/voltacademie.fr\/?page_id=307","og_locale":"fr_FR","og_type":"article","og_title":"Monteur Panneaux Photovolta\u00efques - VOLT Acad\u00e9mie","og_description":"Devenez monteur de panneaux photovolta\u00efques gr\u00e2ce \u00e0 notre formation certifi\u00e9e \u00e0 Volt Acad\u00e9mie. Formation adapt\u00e9e aux besoins des entreprises en r\u00e9gion PACA : Alpes-Maritimes (06), Bouches-du-Rh\u00f4ne (13), Var (83), Vaucluse (84), et les grandes villes comme Marseille, Nice, Toulon, Aix-en-Provence, Avignon, Cannes, Hy\u00e8res, Fr\u00e9jus, Arles. Inscrivez-vous d\u00e8s maintenant pour un avenir dans l'\u00e9nergie solaire !","og_url":"https:\/\/voltacademie.fr\/?page_id=307","og_site_name":"VOLT Acad\u00e9mie","article_publisher":"https:\/\/www.facebook.com\/IpFibreAcademie","article_modified_time":"2025-01-04T10:31:28+00:00","og_image":[{"width":291,"height":130,"url":"https:\/\/voltacademie.fr\/wp-content\/uploads\/2025\/01\/image-1.png","type":"image\/png"}],"twitter_card":"summary_large_image","twitter_misc":{"Dur\u00e9e de lecture estim\u00e9e":"4 minutes"},"schema":{"@context":"https:\/\/schema.org","@graph":[{"@type":"WebPage","@id":"https:\/\/voltacademie.fr\/?page_id=307","url":"https:\/\/voltacademie.fr\/?page_id=307","name":"Monteur Panneaux Photovolta\u00efques - VOLT Acad\u00e9mie","isPartOf":{"@id":"https:\/\/voltacademie.fr\/#website"},"primaryImageOfPage":{"@id":"https:\/\/voltacademie.fr\/?page_id=307#primaryimage"},"image":{"@id":"https:\/\/voltacademie.fr\/?page_id=307#primaryimage"},"thumbnailUrl":"https:\/\/voltacademie.fr\/wp-content\/uploads\/2025\/01\/image-1.png","datePublished":"2025-01-04T09:56:38+00:00","dateModified":"2025-01-04T10:31:28+00:00","description":"Devenez monteur de panneaux photovolta\u00efques gr\u00e2ce \u00e0 notre formation certifi\u00e9e \u00e0 Volt Acad\u00e9mie. Formation adapt\u00e9e aux besoins des entreprises en r\u00e9gion PACA : Alpes-Maritimes (06), Bouches-du-Rh\u00f4ne (13), Var (83), Vaucluse (84), et les grandes villes comme Marseille, Nice, Toulon, Aix-en-Provence, Avignon, Cannes, Hy\u00e8res, Fr\u00e9jus, Arles. Inscrivez-vous d\u00e8s maintenant pour un avenir dans l'\u00e9nergie solaire !","breadcrumb":{"@id":"https:\/\/voltacademie.fr\/?page_id=307#breadcrumb"},"inLanguage":"fr-FR","potentialAction":[{"@type":"ReadAction","target":["https:\/\/voltacademie.fr\/?page_id=307"]}]},{"@type":"ImageObject","inLanguage":"fr-FR","@id":"https:\/\/voltacademie.fr\/?page_id=307#primaryimage","url":"https:\/\/voltacademie.fr\/wp-content\/uploads\/2025\/01\/image-1.png","contentUrl":"https:\/\/voltacademie.fr\/wp-content\/uploads\/2025\/01\/image-1.png","width":291,"height":130},{"@type":"BreadcrumbList","@id":"https:\/\/voltacademie.fr\/?page_id=307#breadcrumb","itemListElement":[{"@type":"ListItem","position":1,"name":"Accueil","item":"https:\/\/voltacademie.fr\/"},{"@type":"ListItem","position":2,"name":"Monteur Panneaux Photovolta\u00efques"}]},{"@type":"WebSite","@id":"https:\/\/voltacademie.fr\/#website","url":"https:\/\/voltacademie.fr\/","name":"VOLT Acad\u00e9mie","description":"Centre de formation - S\u00e9curit\u00e9 Electricit\u00e9 IRVE Photovolta\u00efque AIPR Hablitations Electriques - Pertuis - Aix - Marseille - Nice - PACA","publisher":{"@id":"https:\/\/voltacademie.fr\/#organization"},"potentialAction":[{"@type":"SearchAction","target":{"@type":"EntryPoint","urlTemplate":"https:\/\/voltacademie.fr\/?s={search_term_string}"},"query-input":{"@type":"PropertyValueSpecification","valueRequired":true,"valueName":"search_term_string"}}],"inLanguage":"fr-FR"},{"@type":"Organization","@id":"https:\/\/voltacademie.fr\/#organization","name":"VOLT Acad\u00e9mie","url":"https:\/\/voltacademie.fr\/","logo":{"@type":"ImageObject","inLanguage":"fr-FR","@id":"https:\/\/voltacademie.fr\/#\/schema\/logo\/image\/","url":"https:\/\/voltacademie.fr\/wp-content\/uploads\/2024\/06\/cropped-cropped-ySrmBZ4JSla_GJpKTBpLMg-1.webp","contentUrl":"https:\/\/voltacademie.fr\/wp-content\/uploads\/2024\/06\/cropped-cropped-ySrmBZ4JSla_GJpKTBpLMg-1.webp","width":512,"height":384,"caption":"VOLT Acad\u00e9mie"},"image":{"@id":"https:\/\/voltacademie.fr\/#\/schema\/logo\/image\/"},"sameAs":["https:\/\/www.facebook.com\/IpFibreAcademie","https:\/\/www.linkedin.com\/company\/ip-fibre-academie\/"]}]}},"_links":{"self":[{"href":"https:\/\/voltacademie.fr\/index.php?rest_route=\/wp\/v2\/pages\/307","targetHints":{"allow":["GET"]}}],"collection":[{"href":"https:\/\/voltacademie.fr\/index.php?rest_route=\/wp\/v2\/pages"}],"about":[{"href":"https:\/\/voltacademie.fr\/index.php?rest_route=\/wp\/v2\/types\/page"}],"author":[{"embeddable":true,"href":"https:\/\/voltacademie.fr\/index.php?rest_route=\/wp\/v2\/users\/1"}],"replies":[{"embeddable":true,"href":"https:\/\/voltacademie.fr\/index.php?rest_route=%2Fwp%2Fv2%2Fcomments&post=307"}],"version-history":[{"count":2,"href":"https:\/\/voltacademie.fr\/index.php?rest_route=\/wp\/v2\/pages\/307\/revisions"}],"predecessor-version":[{"id":337,"href":"https:\/\/voltacademie.fr\/index.php?rest_route=\/wp\/v2\/pages\/307\/revisions\/337"}],"wp:attachment":[{"href":"https:\/\/voltacademie.fr\/index.php?rest_route=%2Fwp%2Fv2%2Fmedia&parent=307"}],"curies":[{"name":"wp","href":"https:\/\/api.w.org\/{rel}","templated":true}]}}