{"id":294,"date":"2024-12-31T16:44:13","date_gmt":"2024-12-31T15:44:13","guid":{"rendered":"https:\/\/voltacademie.fr\/?page_id=294"},"modified":"2025-01-06T15:01:55","modified_gmt":"2025-01-06T14:01:55","slug":"documents-contractuels","status":"publish","type":"page","link":"https:\/\/voltacademie.fr\/?page_id=294","title":{"rendered":"Documents contractuels &amp; informations"},"content":{"rendered":"\n<p class=\"has-text-align-center has-medium-font-size\"><strong>Conditions g\u00e9n\u00e9rales de Ventes<\/strong><\/p>\n\n\n\n<div data-wp-interactive=\"core\/file\" class=\"wp-block-file\"><object data-wp-bind--hidden=\"!state.hasPdfPreview\" hidden class=\"wp-block-file__embed\" data=\"https:\/\/voltacademie.fr\/wp-content\/uploads\/2024\/12\/CGV-Volt-2.0.pdf\" type=\"application\/pdf\" style=\"width:100%;height:600px\" aria-label=\"Contenu embarqu\u00e9 CGV Volt 2.0.\"><\/object><a id=\"wp-block-file--media-d97897f5-9ea7-4c36-8d5e-04edfcf89bae\" href=\"https:\/\/voltacademie.fr\/wp-content\/uploads\/2024\/12\/CGV-Volt-2.0.pdf\">CGV Volt 2.0<\/a><a href=\"https:\/\/voltacademie.fr\/wp-content\/uploads\/2024\/12\/CGV-Volt-2.0.pdf\" class=\"wp-block-file__button wp-element-button\" download aria-describedby=\"wp-block-file--media-d97897f5-9ea7-4c36-8d5e-04edfcf89bae\">T\u00e9l\u00e9charger<\/a><\/div>\n\n\n\n<p class=\"has-text-align-center has-medium-font-size\"><strong>R\u00e9glement int\u00e9rieur<\/strong><\/p>\n\n\n\n<div data-wp-interactive=\"core\/file\" class=\"wp-block-file\"><object data-wp-bind--hidden=\"!state.hasPdfPreview\" hidden class=\"wp-block-file__embed\" data=\"https:\/\/voltacademie.fr\/wp-content\/uploads\/2024\/12\/Reglement-interieur-VOLT-2.0.pdf\" type=\"application\/pdf\" style=\"width:100%;height:600px\" aria-label=\"Contenu embarqu\u00e9 Reglement interieur VOLT 2.0.\"><\/object><a id=\"wp-block-file--media-78f35cd9-f236-4976-a603-fcea4c5fd21e\" href=\"https:\/\/voltacademie.fr\/wp-content\/uploads\/2024\/12\/Reglement-interieur-VOLT-2.0.pdf\">Reglement interieur VOLT 2.0<\/a><a href=\"https:\/\/voltacademie.fr\/wp-content\/uploads\/2024\/12\/Reglement-interieur-VOLT-2.0.pdf\" class=\"wp-block-file__button wp-element-button\" download aria-describedby=\"wp-block-file--media-78f35cd9-f236-4976-a603-fcea4c5fd21e\">T\u00e9l\u00e9charger<\/a><\/div>\n\n\n\n<p class=\"has-text-align-center has-medium-font-size\"><strong>Mobilit\u00e9 r\u00e9duite<\/strong><\/p>\n\n\n\n<p>Nos locaux ne nous permettant pas d\u2019accueillir les personnes \u00e0 mobilit\u00e9 r\u00e9duite, nous les invitons \u00e0 se rapprocher d\u2019organismes tels que le l\u2019AGEFIPH, LADAPT, le GRETA ou l\u2019AFPA.<\/p>\n\n\n\n<p>R\u00e9f\u00e9rent handicap Volt Acad\u00e9mie : Julien BRUN &#8211; julien.brun@voltacademie.fr<\/p>\n\n\n\n<p class=\"has-text-align-center\"><a href=\"https:\/\/www.agefiph.fr\">https:\/\/www.agefiph.fr<\/a>   <a href=\"https:\/\/www.ladapt.net\/\">https:\/\/www.ladapt.net\/<\/a>   <a href=\"https:\/\/www.monparcourshandicap.gouv.fr\/glossaire\/greta\">https:\/\/www.monparcourshandicap.gouv.fr\/glossaire\/greta<\/a>   <a href=\"https:\/\/forpro-paca.com\/\">https:\/\/forpro-paca.com\/<\/a><\/p>\n\n\n\n<div data-wp-interactive=\"core\/file\" class=\"wp-block-file\"><object data-wp-bind--hidden=\"!state.hasPdfPreview\" hidden class=\"wp-block-file__embed\" data=\"https:\/\/voltacademie.fr\/wp-content\/uploads\/2025\/01\/Contacts-Ressources-Handicap-Formation-03-2021.pdf\" type=\"application\/pdf\" style=\"width:100%;height:600px\" aria-label=\"Contenu embarqu\u00e9 Contacts Ressources Handicap Formation 03 2021.\"><\/object><a id=\"wp-block-file--media-bc3dedad-dcc9-4a87-aa46-010551139434\" href=\"https:\/\/voltacademie.fr\/wp-content\/uploads\/2025\/01\/Contacts-Ressources-Handicap-Formation-03-2021.pdf\">Contacts Ressources Handicap Formation 03 2021<\/a><a href=\"https:\/\/voltacademie.fr\/wp-content\/uploads\/2025\/01\/Contacts-Ressources-Handicap-Formation-03-2021.pdf\" class=\"wp-block-file__button wp-element-button\" download aria-describedby=\"wp-block-file--media-bc3dedad-dcc9-4a87-aa46-010551139434\">T\u00e9l\u00e9charger<\/a><\/div>\n\n\n\n<p class=\"has-text-align-center has-medium-font-size\"><strong>Politique de confidentialit\u00e9 RGPD<\/strong><\/p>\n\n\n\n<div data-wp-interactive=\"core\/file\" class=\"wp-block-file\"><object data-wp-bind--hidden=\"!state.hasPdfPreview\" hidden class=\"wp-block-file__embed\" data=\"https:\/\/voltacademie.fr\/wp-content\/uploads\/2024\/12\/RGPD-Volt-Academie.pdf\" type=\"application\/pdf\" style=\"width:100%;height:600px\" aria-label=\"Contenu embarqu\u00e9 RGPD Volt Academie.\"><\/object><a id=\"wp-block-file--media-4f87a199-8217-42e4-bc1a-5e7b4cd97ecb\" href=\"https:\/\/voltacademie.fr\/wp-content\/uploads\/2024\/12\/RGPD-Volt-Academie.pdf\">RGPD Volt Academie<\/a><a href=\"https:\/\/voltacademie.fr\/wp-content\/uploads\/2024\/12\/RGPD-Volt-Academie.pdf\" class=\"wp-block-file__button wp-element-button\" download aria-describedby=\"wp-block-file--media-4f87a199-8217-42e4-bc1a-5e7b4cd97ecb\">T\u00e9l\u00e9charger<\/a><\/div>\n\n\n\n<p class=\"has-text-align-center has-medium-font-size\"><strong>Certificat Qualiopi<\/strong><\/p>\n\n\n\n<div data-wp-interactive=\"core\/file\" class=\"wp-block-file\"><object data-wp-bind--hidden=\"!state.hasPdfPreview\" hidden class=\"wp-block-file__embed\" data=\"http:\/\/voltacademie.fr\/wp-content\/uploads\/2024\/09\/QUALIOPI-certificat-B03495-2022-01-26T23_00_00Z.pdf\" type=\"application\/pdf\" style=\"width:100%;height:600px\" aria-label=\"Contenu embarqu\u00e9 QUALIOPI certificat-B03495-2022-01-26T23_00_00Z.\"><\/object><a id=\"wp-block-file--media-521c7b05-af03-4539-866a-dc46e2aecea9\" href=\"http:\/\/voltacademie.fr\/wp-content\/uploads\/2024\/09\/QUALIOPI-certificat-B03495-2022-01-26T23_00_00Z.pdf\">QUALIOPI certificat-B03495-2022-01-26T23_00_00Z<\/a><a href=\"http:\/\/voltacademie.fr\/wp-content\/uploads\/2024\/09\/QUALIOPI-certificat-B03495-2022-01-26T23_00_00Z.pdf\" class=\"wp-block-file__button wp-element-button\" download aria-describedby=\"wp-block-file--media-521c7b05-af03-4539-866a-dc46e2aecea9\">T\u00e9l\u00e9charger<\/a><\/div>\n","protected":false},"excerpt":{"rendered":"<p>Conditions g\u00e9n\u00e9rales de Ventes R\u00e9glement int\u00e9rieur Mobilit\u00e9 r\u00e9duite Nos locaux ne nous permettant pas d\u2019accueillir les personnes \u00e0 mobilit\u00e9 r\u00e9duite, nous les invitons \u00e0 se rapprocher d\u2019organismes tels que le l\u2019AGEFIPH, LADAPT, le GRETA ou l\u2019AFPA. R\u00e9f\u00e9rent handicap Volt Acad\u00e9mie : Julien BRUN &#8211; julien.brun@voltacademie.fr https:\/\/www.agefiph.fr https:\/\/www.ladapt.net\/ https:\/\/www.monparcourshandicap.gouv.fr\/glossaire\/greta https:\/\/forpro-paca.com\/ Politique de confidentialit\u00e9 RGPD Certificat Qualiopi<\/p>\n","protected":false},"author":1,"featured_media":0,"parent":0,"menu_order":0,"comment_status":"closed","ping_status":"closed","template":"","meta":{"footnotes":""},"class_list":["post-294","page","type-page","status-publish","hentry"],"blocksy_meta":[],"yoast_head":"<!-- This site is optimized with the Yoast SEO plugin v27.1.1 - https:\/\/yoast.com\/product\/yoast-seo-wordpress\/ -->\n<title>Documents contractuels &amp; informations - VOLT Acad\u00e9mie<\/title>\n<meta name=\"description\" content=\"Retrouvez tous les documents contractuels de VOLT Acad\u00e9mie : RGPD, conditions g\u00e9n\u00e9rales de vente, r\u00e8glement int\u00e9rieur, et informations pour l&#039;accueil des personnes en situation de handicap.\" \/>\n<meta name=\"robots\" content=\"index, follow, max-snippet:-1, max-image-preview:large, max-video-preview:-1\" \/>\n<link rel=\"canonical\" href=\"https:\/\/voltacademie.fr\/?page_id=294\" \/>\n<meta property=\"og:locale\" content=\"fr_FR\" \/>\n<meta property=\"og:type\" content=\"article\" \/>\n<meta property=\"og:title\" content=\"Documents contractuels &amp; informations - VOLT Acad\u00e9mie\" \/>\n<meta property=\"og:description\" content=\"Retrouvez tous les documents contractuels de VOLT Acad\u00e9mie : RGPD, conditions g\u00e9n\u00e9rales de vente, r\u00e8glement int\u00e9rieur, et informations pour l&#039;accueil des personnes en situation de handicap.\" \/>\n<meta property=\"og:url\" content=\"https:\/\/voltacademie.fr\/?page_id=294\" \/>\n<meta property=\"og:site_name\" content=\"VOLT Acad\u00e9mie\" \/>\n<meta property=\"article:publisher\" content=\"https:\/\/www.facebook.com\/IpFibreAcademie\" \/>\n<meta property=\"article:modified_time\" content=\"2025-01-06T14:01:55+00:00\" \/>\n<meta property=\"og:image\" content=\"https:\/\/voltacademie.fr\/wp-content\/uploads\/2024\/06\/8j5ZEm3URG21e2Yf03UOqg.webp\" \/>\n\t<meta property=\"og:image:width\" content=\"1024\" \/>\n\t<meta property=\"og:image:height\" content=\"1024\" \/>\n\t<meta property=\"og:image:type\" content=\"image\/webp\" \/>\n<meta name=\"twitter:card\" content=\"summary_large_image\" \/>\n<meta name=\"twitter:label1\" content=\"Dur\u00e9e de lecture estim\u00e9e\" \/>\n\t<meta name=\"twitter:data1\" content=\"1 minute\" \/>\n<script type=\"application\/ld+json\" class=\"yoast-schema-graph\">{\"@context\":\"https:\/\/schema.org\",\"@graph\":[{\"@type\":\"WebPage\",\"@id\":\"https:\/\/voltacademie.fr\/?page_id=294\",\"url\":\"https:\/\/voltacademie.fr\/?page_id=294\",\"name\":\"Documents contractuels &amp; informations - VOLT Acad\u00e9mie\",\"isPartOf\":{\"@id\":\"https:\/\/voltacademie.fr\/#website\"},\"datePublished\":\"2024-12-31T15:44:13+00:00\",\"dateModified\":\"2025-01-06T14:01:55+00:00\",\"description\":\"Retrouvez tous les documents contractuels de VOLT Acad\u00e9mie : RGPD, conditions g\u00e9n\u00e9rales de vente, r\u00e8glement int\u00e9rieur, et informations pour l'accueil des personnes en situation de handicap.\",\"breadcrumb\":{\"@id\":\"https:\/\/voltacademie.fr\/?page_id=294#breadcrumb\"},\"inLanguage\":\"fr-FR\",\"potentialAction\":[{\"@type\":\"ReadAction\",\"target\":[\"https:\/\/voltacademie.fr\/?page_id=294\"]}]},{\"@type\":\"BreadcrumbList\",\"@id\":\"https:\/\/voltacademie.fr\/?page_id=294#breadcrumb\",\"itemListElement\":[{\"@type\":\"ListItem\",\"position\":1,\"name\":\"Accueil\",\"item\":\"https:\/\/voltacademie.fr\/\"},{\"@type\":\"ListItem\",\"position\":2,\"name\":\"Documents contractuels &amp; informations\"}]},{\"@type\":\"WebSite\",\"@id\":\"https:\/\/voltacademie.fr\/#website\",\"url\":\"https:\/\/voltacademie.fr\/\",\"name\":\"VOLT Acad\u00e9mie\",\"description\":\"Centre de formation - S\u00e9curit\u00e9 Electricit\u00e9 IRVE Photovolta\u00efque AIPR Hablitations Electriques - Pertuis - Aix - Marseille - Nice - PACA\",\"publisher\":{\"@id\":\"https:\/\/voltacademie.fr\/#organization\"},\"potentialAction\":[{\"@type\":\"SearchAction\",\"target\":{\"@type\":\"EntryPoint\",\"urlTemplate\":\"https:\/\/voltacademie.fr\/?s={search_term_string}\"},\"query-input\":{\"@type\":\"PropertyValueSpecification\",\"valueRequired\":true,\"valueName\":\"search_term_string\"}}],\"inLanguage\":\"fr-FR\"},{\"@type\":\"Organization\",\"@id\":\"https:\/\/voltacademie.fr\/#organization\",\"name\":\"VOLT Acad\u00e9mie\",\"url\":\"https:\/\/voltacademie.fr\/\",\"logo\":{\"@type\":\"ImageObject\",\"inLanguage\":\"fr-FR\",\"@id\":\"https:\/\/voltacademie.fr\/#\/schema\/logo\/image\/\",\"url\":\"https:\/\/voltacademie.fr\/wp-content\/uploads\/2024\/06\/cropped-cropped-ySrmBZ4JSla_GJpKTBpLMg-1.webp\",\"contentUrl\":\"https:\/\/voltacademie.fr\/wp-content\/uploads\/2024\/06\/cropped-cropped-ySrmBZ4JSla_GJpKTBpLMg-1.webp\",\"width\":512,\"height\":384,\"caption\":\"VOLT Acad\u00e9mie\"},\"image\":{\"@id\":\"https:\/\/voltacademie.fr\/#\/schema\/logo\/image\/\"},\"sameAs\":[\"https:\/\/www.facebook.com\/IpFibreAcademie\",\"https:\/\/www.linkedin.com\/company\/ip-fibre-academie\/\"]}]}<\/script>\n<!-- \/ Yoast SEO plugin. -->","yoast_head_json":{"title":"Documents contractuels &amp; informations - VOLT Acad\u00e9mie","description":"Retrouvez tous les documents contractuels de VOLT Acad\u00e9mie : RGPD, conditions g\u00e9n\u00e9rales de vente, r\u00e8glement int\u00e9rieur, et informations pour l'accueil des personnes en situation de handicap.","robots":{"index":"index","follow":"follow","max-snippet":"max-snippet:-1","max-image-preview":"max-image-preview:large","max-video-preview":"max-video-preview:-1"},"canonical":"https:\/\/voltacademie.fr\/?page_id=294","og_locale":"fr_FR","og_type":"article","og_title":"Documents contractuels &amp; informations - VOLT Acad\u00e9mie","og_description":"Retrouvez tous les documents contractuels de VOLT Acad\u00e9mie : RGPD, conditions g\u00e9n\u00e9rales de vente, r\u00e8glement int\u00e9rieur, et informations pour l'accueil des personnes en situation de handicap.","og_url":"https:\/\/voltacademie.fr\/?page_id=294","og_site_name":"VOLT Acad\u00e9mie","article_publisher":"https:\/\/www.facebook.com\/IpFibreAcademie","article_modified_time":"2025-01-06T14:01:55+00:00","og_image":[{"width":1024,"height":1024,"url":"https:\/\/voltacademie.fr\/wp-content\/uploads\/2024\/06\/8j5ZEm3URG21e2Yf03UOqg.webp","type":"image\/webp"}],"twitter_card":"summary_large_image","twitter_misc":{"Dur\u00e9e de lecture estim\u00e9e":"1 minute"},"schema":{"@context":"https:\/\/schema.org","@graph":[{"@type":"WebPage","@id":"https:\/\/voltacademie.fr\/?page_id=294","url":"https:\/\/voltacademie.fr\/?page_id=294","name":"Documents contractuels &amp; informations - VOLT Acad\u00e9mie","isPartOf":{"@id":"https:\/\/voltacademie.fr\/#website"},"datePublished":"2024-12-31T15:44:13+00:00","dateModified":"2025-01-06T14:01:55+00:00","description":"Retrouvez tous les documents contractuels de VOLT Acad\u00e9mie : RGPD, conditions g\u00e9n\u00e9rales de vente, r\u00e8glement int\u00e9rieur, et informations pour l'accueil des personnes en situation de handicap.","breadcrumb":{"@id":"https:\/\/voltacademie.fr\/?page_id=294#breadcrumb"},"inLanguage":"fr-FR","potentialAction":[{"@type":"ReadAction","target":["https:\/\/voltacademie.fr\/?page_id=294"]}]},{"@type":"BreadcrumbList","@id":"https:\/\/voltacademie.fr\/?page_id=294#breadcrumb","itemListElement":[{"@type":"ListItem","position":1,"name":"Accueil","item":"https:\/\/voltacademie.fr\/"},{"@type":"ListItem","position":2,"name":"Documents contractuels &amp; informations"}]},{"@type":"WebSite","@id":"https:\/\/voltacademie.fr\/#website","url":"https:\/\/voltacademie.fr\/","name":"VOLT Acad\u00e9mie","description":"Centre de formation - S\u00e9curit\u00e9 Electricit\u00e9 IRVE Photovolta\u00efque AIPR Hablitations Electriques - Pertuis - Aix - Marseille - Nice - PACA","publisher":{"@id":"https:\/\/voltacademie.fr\/#organization"},"potentialAction":[{"@type":"SearchAction","target":{"@type":"EntryPoint","urlTemplate":"https:\/\/voltacademie.fr\/?s={search_term_string}"},"query-input":{"@type":"PropertyValueSpecification","valueRequired":true,"valueName":"search_term_string"}}],"inLanguage":"fr-FR"},{"@type":"Organization","@id":"https:\/\/voltacademie.fr\/#organization","name":"VOLT Acad\u00e9mie","url":"https:\/\/voltacademie.fr\/","logo":{"@type":"ImageObject","inLanguage":"fr-FR","@id":"https:\/\/voltacademie.fr\/#\/schema\/logo\/image\/","url":"https:\/\/voltacademie.fr\/wp-content\/uploads\/2024\/06\/cropped-cropped-ySrmBZ4JSla_GJpKTBpLMg-1.webp","contentUrl":"https:\/\/voltacademie.fr\/wp-content\/uploads\/2024\/06\/cropped-cropped-ySrmBZ4JSla_GJpKTBpLMg-1.webp","width":512,"height":384,"caption":"VOLT Acad\u00e9mie"},"image":{"@id":"https:\/\/voltacademie.fr\/#\/schema\/logo\/image\/"},"sameAs":["https:\/\/www.facebook.com\/IpFibreAcademie","https:\/\/www.linkedin.com\/company\/ip-fibre-academie\/"]}]}},"_links":{"self":[{"href":"https:\/\/voltacademie.fr\/index.php?rest_route=\/wp\/v2\/pages\/294","targetHints":{"allow":["GET"]}}],"collection":[{"href":"https:\/\/voltacademie.fr\/index.php?rest_route=\/wp\/v2\/pages"}],"about":[{"href":"https:\/\/voltacademie.fr\/index.php?rest_route=\/wp\/v2\/types\/page"}],"author":[{"embeddable":true,"href":"https:\/\/voltacademie.fr\/index.php?rest_route=\/wp\/v2\/users\/1"}],"replies":[{"embeddable":true,"href":"https:\/\/voltacademie.fr\/index.php?rest_route=%2Fwp%2Fv2%2Fcomments&post=294"}],"version-history":[{"count":5,"href":"https:\/\/voltacademie.fr\/index.php?rest_route=\/wp\/v2\/pages\/294\/revisions"}],"predecessor-version":[{"id":356,"href":"https:\/\/voltacademie.fr\/index.php?rest_route=\/wp\/v2\/pages\/294\/revisions\/356"}],"wp:attachment":[{"href":"https:\/\/voltacademie.fr\/index.php?rest_route=%2Fwp%2Fv2%2Fmedia&parent=294"}],"curies":[{"name":"wp","href":"https:\/\/api.w.org\/{rel}","templated":true}]}}