{"id":267,"date":"2024-10-10T15:40:43","date_gmt":"2024-10-10T13:40:43","guid":{"rendered":"https:\/\/voltacademie.fr\/?page_id=267"},"modified":"2024-10-10T15:40:44","modified_gmt":"2024-10-10T13:40:44","slug":"ils-nous-ont-fait-confiance","status":"publish","type":"page","link":"https:\/\/voltacademie.fr\/?page_id=267","title":{"rendered":"Ils nous ont fait confiance :"},"content":{"rendered":"\n<figure class=\"wp-block-image aligncenter size-full is-resized\"><img loading=\"lazy\" decoding=\"async\" width=\"225\" height=\"225\" src=\"https:\/\/voltacademie.fr\/wp-content\/uploads\/2024\/10\/solutions30.png\" alt=\"\" class=\"wp-image-271\" style=\"width:250px\" srcset=\"https:\/\/voltacademie.fr\/wp-content\/uploads\/2024\/10\/solutions30.png 225w, https:\/\/voltacademie.fr\/wp-content\/uploads\/2024\/10\/solutions30-150x150.png 150w\" sizes=\"auto, (max-width: 225px) 100vw, 225px\" \/><figcaption class=\"wp-element-caption\">Solutions 30<\/figcaption><\/figure>\n\n\n\n<figure class=\"wp-block-image aligncenter size-full is-resized\"><img loading=\"lazy\" decoding=\"async\" width=\"225\" height=\"225\" src=\"https:\/\/voltacademie.fr\/wp-content\/uploads\/2024\/10\/TSI-Telecom.png\" alt=\"\" class=\"wp-image-274\" style=\"width:250px\" srcset=\"https:\/\/voltacademie.fr\/wp-content\/uploads\/2024\/10\/TSI-Telecom.png 225w, https:\/\/voltacademie.fr\/wp-content\/uploads\/2024\/10\/TSI-Telecom-150x150.png 150w\" sizes=\"auto, (max-width: 225px) 100vw, 225px\" \/><figcaption class=\"wp-element-caption\">TSI Telecom<\/figcaption><\/figure>\n\n\n\n<figure class=\"wp-block-image aligncenter size-full is-resized\"><img loading=\"lazy\" decoding=\"async\" width=\"567\" height=\"567\" src=\"https:\/\/voltacademie.fr\/wp-content\/uploads\/2024\/10\/startpeople.png\" alt=\"\" class=\"wp-image-273\" style=\"width:250px\" srcset=\"https:\/\/voltacademie.fr\/wp-content\/uploads\/2024\/10\/startpeople.png 567w, https:\/\/voltacademie.fr\/wp-content\/uploads\/2024\/10\/startpeople-300x300.png 300w, https:\/\/voltacademie.fr\/wp-content\/uploads\/2024\/10\/startpeople-150x150.png 150w\" sizes=\"auto, (max-width: 567px) 100vw, 567px\" \/><figcaption class=\"wp-element-caption\">Start People<\/figcaption><\/figure>\n\n\n\n<figure class=\"wp-block-image aligncenter size-full is-resized\"><img loading=\"lazy\" decoding=\"async\" width=\"200\" height=\"200\" src=\"https:\/\/voltacademie.fr\/wp-content\/uploads\/2024\/10\/AzurConnect.jpg\" alt=\"\" class=\"wp-image-268\" style=\"width:250px\" srcset=\"https:\/\/voltacademie.fr\/wp-content\/uploads\/2024\/10\/AzurConnect.jpg 200w, https:\/\/voltacademie.fr\/wp-content\/uploads\/2024\/10\/AzurConnect-150x150.jpg 150w\" sizes=\"auto, (max-width: 200px) 100vw, 200px\" \/><figcaption class=\"wp-element-caption\">Azur Connect Technologies<\/figcaption><\/figure>\n\n\n\n<figure class=\"wp-block-image aligncenter size-full is-resized\"><img loading=\"lazy\" decoding=\"async\" width=\"200\" height=\"200\" src=\"https:\/\/voltacademie.fr\/wp-content\/uploads\/2024\/10\/JobCity.jpg\" alt=\"\" class=\"wp-image-269\" style=\"width:250px\" srcset=\"https:\/\/voltacademie.fr\/wp-content\/uploads\/2024\/10\/JobCity.jpg 200w, https:\/\/voltacademie.fr\/wp-content\/uploads\/2024\/10\/JobCity-150x150.jpg 150w\" sizes=\"auto, (max-width: 200px) 100vw, 200px\" \/><figcaption class=\"wp-element-caption\">Jobcity<\/figcaption><\/figure>\n\n\n\n<figure class=\"wp-block-image aligncenter size-full is-resized is-style-default\"><img loading=\"lazy\" decoding=\"async\" width=\"318\" height=\"158\" src=\"http:\/\/voltacademie.fr\/wp-content\/uploads\/2024\/10\/ngepetit.png\" alt=\"\" class=\"wp-image-277\" style=\"width:250px\" srcset=\"https:\/\/voltacademie.fr\/wp-content\/uploads\/2024\/10\/ngepetit.png 318w, https:\/\/voltacademie.fr\/wp-content\/uploads\/2024\/10\/ngepetit-300x149.png 300w\" sizes=\"auto, (max-width: 318px) 100vw, 318px\" \/><figcaption class=\"wp-element-caption\">NGE Infranet<\/figcaption><\/figure>\n\n\n\n<figure class=\"wp-block-image aligncenter size-full is-resized\"><img loading=\"lazy\" decoding=\"async\" width=\"1200\" height=\"519\" src=\"https:\/\/voltacademie.fr\/wp-content\/uploads\/2024\/10\/spie.png\" alt=\"\" class=\"wp-image-272\" style=\"width:250px\" srcset=\"https:\/\/voltacademie.fr\/wp-content\/uploads\/2024\/10\/spie.png 1200w, https:\/\/voltacademie.fr\/wp-content\/uploads\/2024\/10\/spie-300x130.png 300w, https:\/\/voltacademie.fr\/wp-content\/uploads\/2024\/10\/spie-1024x443.png 1024w, https:\/\/voltacademie.fr\/wp-content\/uploads\/2024\/10\/spie-768x332.png 768w\" sizes=\"auto, (max-width: 1200px) 100vw, 1200px\" \/><figcaption class=\"wp-element-caption\">SPIE<\/figcaption><\/figure>\n\n\n\n<p><\/p>\n","protected":false},"excerpt":{"rendered":"","protected":false},"author":1,"featured_media":0,"parent":0,"menu_order":0,"comment_status":"closed","ping_status":"closed","template":"","meta":{"footnotes":""},"class_list":["post-267","page","type-page","status-publish","hentry"],"blocksy_meta":[],"yoast_head":"<!-- This site is optimized with the Yoast SEO plugin v27.1.1 - https:\/\/yoast.com\/product\/yoast-seo-wordpress\/ -->\n<title>Ils nous ont fait confiance : - VOLT Acad\u00e9mie<\/title>\n<meta name=\"robots\" content=\"index, follow, max-snippet:-1, max-image-preview:large, max-video-preview:-1\" \/>\n<link rel=\"canonical\" href=\"https:\/\/voltacademie.fr\/?page_id=267\" \/>\n<meta property=\"og:locale\" content=\"fr_FR\" \/>\n<meta property=\"og:type\" content=\"article\" \/>\n<meta property=\"og:title\" content=\"Ils nous ont fait confiance : - VOLT Acad\u00e9mie\" \/>\n<meta property=\"og:url\" content=\"https:\/\/voltacademie.fr\/?page_id=267\" \/>\n<meta property=\"og:site_name\" content=\"VOLT Acad\u00e9mie\" \/>\n<meta property=\"article:publisher\" content=\"https:\/\/www.facebook.com\/IpFibreAcademie\" \/>\n<meta property=\"article:modified_time\" content=\"2024-10-10T13:40:44+00:00\" \/>\n<meta property=\"og:image\" content=\"https:\/\/voltacademie.fr\/wp-content\/uploads\/2024\/10\/solutions30.png\" \/>\n\t<meta property=\"og:image:width\" content=\"225\" \/>\n\t<meta property=\"og:image:height\" content=\"225\" \/>\n\t<meta property=\"og:image:type\" content=\"image\/png\" \/>\n<meta name=\"twitter:card\" content=\"summary_large_image\" \/>\n<meta name=\"twitter:label1\" content=\"Dur\u00e9e de lecture estim\u00e9e\" \/>\n\t<meta name=\"twitter:data1\" content=\"2 minutes\" \/>\n<script type=\"application\/ld+json\" class=\"yoast-schema-graph\">{\"@context\":\"https:\/\/schema.org\",\"@graph\":[{\"@type\":\"WebPage\",\"@id\":\"https:\/\/voltacademie.fr\/?page_id=267\",\"url\":\"https:\/\/voltacademie.fr\/?page_id=267\",\"name\":\"Ils nous ont fait confiance : - VOLT Acad\u00e9mie\",\"isPartOf\":{\"@id\":\"https:\/\/voltacademie.fr\/#website\"},\"primaryImageOfPage\":{\"@id\":\"https:\/\/voltacademie.fr\/?page_id=267#primaryimage\"},\"image\":{\"@id\":\"https:\/\/voltacademie.fr\/?page_id=267#primaryimage\"},\"thumbnailUrl\":\"https:\/\/voltacademie.fr\/wp-content\/uploads\/2024\/10\/solutions30.png\",\"datePublished\":\"2024-10-10T13:40:43+00:00\",\"dateModified\":\"2024-10-10T13:40:44+00:00\",\"breadcrumb\":{\"@id\":\"https:\/\/voltacademie.fr\/?page_id=267#breadcrumb\"},\"inLanguage\":\"fr-FR\",\"potentialAction\":[{\"@type\":\"ReadAction\",\"target\":[\"https:\/\/voltacademie.fr\/?page_id=267\"]}]},{\"@type\":\"ImageObject\",\"inLanguage\":\"fr-FR\",\"@id\":\"https:\/\/voltacademie.fr\/?page_id=267#primaryimage\",\"url\":\"https:\/\/voltacademie.fr\/wp-content\/uploads\/2024\/10\/solutions30.png\",\"contentUrl\":\"https:\/\/voltacademie.fr\/wp-content\/uploads\/2024\/10\/solutions30.png\",\"width\":225,\"height\":225},{\"@type\":\"BreadcrumbList\",\"@id\":\"https:\/\/voltacademie.fr\/?page_id=267#breadcrumb\",\"itemListElement\":[{\"@type\":\"ListItem\",\"position\":1,\"name\":\"Accueil\",\"item\":\"https:\/\/voltacademie.fr\/\"},{\"@type\":\"ListItem\",\"position\":2,\"name\":\"Ils nous ont fait confiance :\"}]},{\"@type\":\"WebSite\",\"@id\":\"https:\/\/voltacademie.fr\/#website\",\"url\":\"https:\/\/voltacademie.fr\/\",\"name\":\"VOLT Acad\u00e9mie\",\"description\":\"Centre de formation - S\u00e9curit\u00e9 Electricit\u00e9 IRVE Photovolta\u00efque AIPR Hablitations Electriques - Pertuis - Aix - Marseille - Nice - PACA\",\"publisher\":{\"@id\":\"https:\/\/voltacademie.fr\/#organization\"},\"potentialAction\":[{\"@type\":\"SearchAction\",\"target\":{\"@type\":\"EntryPoint\",\"urlTemplate\":\"https:\/\/voltacademie.fr\/?s={search_term_string}\"},\"query-input\":{\"@type\":\"PropertyValueSpecification\",\"valueRequired\":true,\"valueName\":\"search_term_string\"}}],\"inLanguage\":\"fr-FR\"},{\"@type\":\"Organization\",\"@id\":\"https:\/\/voltacademie.fr\/#organization\",\"name\":\"VOLT Acad\u00e9mie\",\"url\":\"https:\/\/voltacademie.fr\/\",\"logo\":{\"@type\":\"ImageObject\",\"inLanguage\":\"fr-FR\",\"@id\":\"https:\/\/voltacademie.fr\/#\/schema\/logo\/image\/\",\"url\":\"https:\/\/voltacademie.fr\/wp-content\/uploads\/2024\/06\/cropped-cropped-ySrmBZ4JSla_GJpKTBpLMg-1.webp\",\"contentUrl\":\"https:\/\/voltacademie.fr\/wp-content\/uploads\/2024\/06\/cropped-cropped-ySrmBZ4JSla_GJpKTBpLMg-1.webp\",\"width\":512,\"height\":384,\"caption\":\"VOLT Acad\u00e9mie\"},\"image\":{\"@id\":\"https:\/\/voltacademie.fr\/#\/schema\/logo\/image\/\"},\"sameAs\":[\"https:\/\/www.facebook.com\/IpFibreAcademie\",\"https:\/\/www.linkedin.com\/company\/ip-fibre-academie\/\"]}]}<\/script>\n<!-- \/ Yoast SEO plugin. -->","yoast_head_json":{"title":"Ils nous ont fait confiance : - VOLT Acad\u00e9mie","robots":{"index":"index","follow":"follow","max-snippet":"max-snippet:-1","max-image-preview":"max-image-preview:large","max-video-preview":"max-video-preview:-1"},"canonical":"https:\/\/voltacademie.fr\/?page_id=267","og_locale":"fr_FR","og_type":"article","og_title":"Ils nous ont fait confiance : - VOLT Acad\u00e9mie","og_url":"https:\/\/voltacademie.fr\/?page_id=267","og_site_name":"VOLT Acad\u00e9mie","article_publisher":"https:\/\/www.facebook.com\/IpFibreAcademie","article_modified_time":"2024-10-10T13:40:44+00:00","og_image":[{"width":225,"height":225,"url":"https:\/\/voltacademie.fr\/wp-content\/uploads\/2024\/10\/solutions30.png","type":"image\/png"}],"twitter_card":"summary_large_image","twitter_misc":{"Dur\u00e9e de lecture estim\u00e9e":"2 minutes"},"schema":{"@context":"https:\/\/schema.org","@graph":[{"@type":"WebPage","@id":"https:\/\/voltacademie.fr\/?page_id=267","url":"https:\/\/voltacademie.fr\/?page_id=267","name":"Ils nous ont fait confiance : - VOLT Acad\u00e9mie","isPartOf":{"@id":"https:\/\/voltacademie.fr\/#website"},"primaryImageOfPage":{"@id":"https:\/\/voltacademie.fr\/?page_id=267#primaryimage"},"image":{"@id":"https:\/\/voltacademie.fr\/?page_id=267#primaryimage"},"thumbnailUrl":"https:\/\/voltacademie.fr\/wp-content\/uploads\/2024\/10\/solutions30.png","datePublished":"2024-10-10T13:40:43+00:00","dateModified":"2024-10-10T13:40:44+00:00","breadcrumb":{"@id":"https:\/\/voltacademie.fr\/?page_id=267#breadcrumb"},"inLanguage":"fr-FR","potentialAction":[{"@type":"ReadAction","target":["https:\/\/voltacademie.fr\/?page_id=267"]}]},{"@type":"ImageObject","inLanguage":"fr-FR","@id":"https:\/\/voltacademie.fr\/?page_id=267#primaryimage","url":"https:\/\/voltacademie.fr\/wp-content\/uploads\/2024\/10\/solutions30.png","contentUrl":"https:\/\/voltacademie.fr\/wp-content\/uploads\/2024\/10\/solutions30.png","width":225,"height":225},{"@type":"BreadcrumbList","@id":"https:\/\/voltacademie.fr\/?page_id=267#breadcrumb","itemListElement":[{"@type":"ListItem","position":1,"name":"Accueil","item":"https:\/\/voltacademie.fr\/"},{"@type":"ListItem","position":2,"name":"Ils nous ont fait confiance :"}]},{"@type":"WebSite","@id":"https:\/\/voltacademie.fr\/#website","url":"https:\/\/voltacademie.fr\/","name":"VOLT Acad\u00e9mie","description":"Centre de formation - S\u00e9curit\u00e9 Electricit\u00e9 IRVE Photovolta\u00efque AIPR Hablitations Electriques - Pertuis - Aix - Marseille - Nice - PACA","publisher":{"@id":"https:\/\/voltacademie.fr\/#organization"},"potentialAction":[{"@type":"SearchAction","target":{"@type":"EntryPoint","urlTemplate":"https:\/\/voltacademie.fr\/?s={search_term_string}"},"query-input":{"@type":"PropertyValueSpecification","valueRequired":true,"valueName":"search_term_string"}}],"inLanguage":"fr-FR"},{"@type":"Organization","@id":"https:\/\/voltacademie.fr\/#organization","name":"VOLT Acad\u00e9mie","url":"https:\/\/voltacademie.fr\/","logo":{"@type":"ImageObject","inLanguage":"fr-FR","@id":"https:\/\/voltacademie.fr\/#\/schema\/logo\/image\/","url":"https:\/\/voltacademie.fr\/wp-content\/uploads\/2024\/06\/cropped-cropped-ySrmBZ4JSla_GJpKTBpLMg-1.webp","contentUrl":"https:\/\/voltacademie.fr\/wp-content\/uploads\/2024\/06\/cropped-cropped-ySrmBZ4JSla_GJpKTBpLMg-1.webp","width":512,"height":384,"caption":"VOLT Acad\u00e9mie"},"image":{"@id":"https:\/\/voltacademie.fr\/#\/schema\/logo\/image\/"},"sameAs":["https:\/\/www.facebook.com\/IpFibreAcademie","https:\/\/www.linkedin.com\/company\/ip-fibre-academie\/"]}]}},"_links":{"self":[{"href":"https:\/\/voltacademie.fr\/index.php?rest_route=\/wp\/v2\/pages\/267","targetHints":{"allow":["GET"]}}],"collection":[{"href":"https:\/\/voltacademie.fr\/index.php?rest_route=\/wp\/v2\/pages"}],"about":[{"href":"https:\/\/voltacademie.fr\/index.php?rest_route=\/wp\/v2\/types\/page"}],"author":[{"embeddable":true,"href":"https:\/\/voltacademie.fr\/index.php?rest_route=\/wp\/v2\/users\/1"}],"replies":[{"embeddable":true,"href":"https:\/\/voltacademie.fr\/index.php?rest_route=%2Fwp%2Fv2%2Fcomments&post=267"}],"version-history":[{"count":4,"href":"https:\/\/voltacademie.fr\/index.php?rest_route=\/wp\/v2\/pages\/267\/revisions"}],"predecessor-version":[{"id":279,"href":"https:\/\/voltacademie.fr\/index.php?rest_route=\/wp\/v2\/pages\/267\/revisions\/279"}],"wp:attachment":[{"href":"https:\/\/voltacademie.fr\/index.php?rest_route=%2Fwp%2Fv2%2Fmedia&parent=267"}],"curies":[{"name":"wp","href":"https:\/\/api.w.org\/{rel}","templated":true}]}}