{"id":260,"date":"2024-10-03T15:18:09","date_gmt":"2024-10-03T13:18:09","guid":{"rendered":"https:\/\/voltacademie.fr\/?page_id=260"},"modified":"2025-01-04T11:17:13","modified_gmt":"2025-01-04T10:17:13","slug":"aipr-concepteur-volt-academie-formations-paca","status":"publish","type":"page","link":"https:\/\/voltacademie.fr\/?page_id=260","title":{"rendered":"AIPR &#8211; Concepteur"},"content":{"rendered":"\n<p class=\"has-medium-font-size\">La formation AIPR Concepteur s\u2019adresse sp\u00e9cifiquement aux professionnels impliqu\u00e9s dans la phase de conception de projets de travaux publics, tels que les ing\u00e9nieurs, techniciens d\u2019\u00e9tudes et responsables de projets.Contrairement aux niveaux Op\u00e9rateur et Encadrant, qui concernent ceux intervenant directement sur les chantiers, l\u2019AIPR Concepteur cible les \u00e9tapes de planification, en amont des interventions.<\/p>\n\n\n\n<figure class=\"wp-block-image aligncenter size-full\"><img loading=\"lazy\" decoding=\"async\" width=\"637\" height=\"428\" src=\"https:\/\/voltacademie.fr\/wp-content\/uploads\/2025\/01\/image-6.png\" alt=\"\" class=\"wp-image-322\" srcset=\"https:\/\/voltacademie.fr\/wp-content\/uploads\/2025\/01\/image-6.png 637w, https:\/\/voltacademie.fr\/wp-content\/uploads\/2025\/01\/image-6-300x202.png 300w\" sizes=\"auto, (max-width: 637px) 100vw, 637px\" \/><\/figure>\n\n\n\n<h4 class=\"wp-block-heading\">Qui est concern\u00e9 par l&rsquo;AIPR Concepteur ?<\/h4>\n\n\n\n<p class=\"has-medium-font-size\">La formation AIPR Concepteur concerne les professionnels de la planification et de la pr\u00e9paration de projets de travaux publics, comme les ing\u00e9nieurs, chefs de projet ou architectes.Leur r\u00f4le est d\u2019int\u00e9grer d\u00e8s la conception les contraintes de s\u00e9curit\u00e9 li\u00e9es aux r\u00e9seaux existants, afin de garantir des interventions futures en toute s\u00e9curit\u00e9.<\/p>\n\n\n\n<h4 class=\"wp-block-heading\">Objectifs de l&rsquo;AIPR Concepteur<\/h4>\n\n\n\n<p class=\"has-medium-font-size\">\u00c0 l\u2019issue de la formation, les participants connaitront :<\/p>\n\n\n\n<ul class=\"wp-block-list\">\n<li>L\u2019impact de la r\u00e9forme de protection \u00e0 l\u2019endommagement des r\u00e9seaux sur le chantier, leur r\u00f4le, leurs responsabilit\u00e9s, leurs obligations avant et pendant les travaux, <\/li>\n\n\n\n<li>La r\u00e9glementation DT-DICT \u2013 Principaux points de rep\u00e8res<\/li>\n\n\n\n<li>La r\u00e9glementation AIPR (Autorisation d\u2019intervention \u00e0 proximit\u00e9 des r\u00e9seaux),<\/li>\n\n\n\n<li>D\u00e9finitions et glossaire,<\/li>\n\n\n\n<li>Les diff\u00e9rents acteurs de la r\u00e9forme DT \u2013 DICT,<\/li>\n\n\n\n<li>Les types de r\u00e9seaux concern\u00e9s (DT-DICT) \u2013 Les cas de dispense<\/li>\n\n\n\n<li>Le fonctionnement du syst\u00e8me (DT suivie d\u2019une DICT \u2013 DT-DICT conjointes)<\/li>\n\n\n\n<li>L\u2019ex\u00e9cution des travaux,<\/li>\n\n\n\n<li>La cartographie, le marquage-piquetage,<\/li>\n\n\n\n<li>Cas particulier des travaux urgents \u2013 \u00ab\u00a0ATU\u00a0\u00bb<\/li>\n\n\n\n<li>La reconnaissance sur le terrain,<\/li>\n\n\n\n<li>En cas de dommage, d\u2019arr\u00eat de chantier,<\/li>\n\n\n\n<li>La terminologie et les types de r\u00e9seaux souterrains et a\u00e9riens,<\/li>\n\n\n\n<li>Lecture des rep\u00e9rages et affleurants,<\/li>\n\n\n\n<li>Les situations exceptionnelles (d\u00e9couverte de r\u00e9seaux non identifi\u00e9s, endommagements de r\u00e9seaux, travaux urgents),<\/li>\n\n\n\n<li>La r\u00e8gle des 4 A (arr\u00eater les engins de chantier, alerter les secours, am\u00e9nager un p\u00e9rim\u00e8tre de protection, accueillir les secours).<\/li>\n<\/ul>\n\n\n\n<h4 class=\"wp-block-heading\">Contenu de la formation<\/h4>\n\n\n\n<ul class=\"wp-block-list\">\n<li>Le d\u00e9cret anti-endommagement et les arr\u00eat\u00e9s d\u2019application en rapport :\n<ul class=\"wp-block-list\">\n<li>Les documents CERFA et leur utilisation : DT-DICT, ATU, constat contradictoire, \u2026<\/li>\n\n\n\n<li>Les exigences du d\u00e9cret pour les diff\u00e9rents acteurs : l\u2019entreprise, l\u2019exploitant et le ma\u00eetre d\u2019ouvrage.<\/li>\n\n\n\n<li>Les classes de pr\u00e9cisions des ouvrages (A, B, C).<\/li>\n\n\n\n<li>D\u00e9finitions \u2013 Glossaire.<\/li>\n<\/ul>\n<\/li>\n\n\n\n<li>La r\u00e9glementation AIPR (Autorisation d\u2019intervention \u00e0 proximit\u00e9 des r\u00e9seaux)<\/li>\n\n\n\n<li>Le guide technique\n<ul class=\"wp-block-list\">\n<li>Les recommandations et les prescriptions techniques usuelles<\/li>\n\n\n\n<li>Les types de r\u00e9seaux concern\u00e9s (DT-DICT)<\/li>\n\n\n\n<li>Les cas de dispense<\/li>\n\n\n\n<li>Les pages sensibles du guide technique<\/li>\n\n\n\n<li>La compr\u00e9hension des normes<\/li>\n<\/ul>\n<\/li>\n\n\n\n<li>L\u2019ex\u00e9cution des travaux\n<ul class=\"wp-block-list\">\n<li>Le marquage-piquetage.<\/li>\n\n\n\n<li>Cas particulier des travaux urgents \u00ab ATU \u00bb<\/li>\n\n\n\n<li>L\u2019application du guide technique<\/li>\n\n\n\n<li>La reconnaissance sur le terrain.<\/li>\n\n\n\n<li>En cas de dommage, d\u2019arr\u00eat de chantier\u2026<\/li>\n<\/ul>\n<\/li>\n\n\n\n<li>La structure et l\u2019architecture des ouvrages\n<ul class=\"wp-block-list\">\n<li>Les normes cartographiques associ\u00e9es aux diff\u00e9rents r\u00e9seaux et affleurants.<\/li>\n\n\n\n<li>Les investigations compl\u00e9mentaires : les diff\u00e9rentes techniques de d\u00e9tection intrusives ou non.<\/li>\n<\/ul>\n<\/li>\n\n\n\n<li>Les risques associ\u00e9s aux travaux \u00e0 proximit\u00e9 des r\u00e9seaux : accidents sur ouvrages \u00e9lectriques, accidents sur ouvrages gaz.<\/li>\n\n\n\n<li><\/li>\n<\/ul>\n\n\n\n<h4 class=\"wp-block-heading\">Validation de l&rsquo;AIPR Concepteur<\/h4>\n\n\n\n<p class=\"has-medium-font-size\">L\u2019obtention de l\u2019AIPR Concepteur passe par la r\u00e9ussite d\u2019un <strong>QCM<\/strong> (Questionnaire \u00e0 Choix Multiples) organis\u00e9 par un organisme agr\u00e9\u00e9. Ce test \u00e9value les connaissances du candidat en mati\u00e8re de pr\u00e9vention des risques, de s\u00e9curit\u00e9, et de r\u00e9glementation.<\/p>\n\n\n\n<p class=\"has-medium-font-size\">Il est essentiel que l\u2019encadrant soit bien form\u00e9, car il a la responsabilit\u00e9 de la s\u00e9curit\u00e9 non seulement des op\u00e9rateurs, mais aussi de la population environnante et des infrastructures.<\/p>\n\n\n\n<h4 class=\"wp-block-heading\">Dur\u00e9e et renouvellement<\/h4>\n\n\n\n<p class=\"has-medium-font-size\">Comme pour les autres niveaux de l&rsquo;AIPR, le Concepteur re\u00e7oit une certification valide pour <strong>5 ans<\/strong>. \u00c0 la fin de cette p\u00e9riode, il est n\u00e9cessaire de repasser l\u2019examen pour renouveler l\u2019autorisation et continuer \u00e0 encadrer des travaux \u00e0 proximit\u00e9 des r\u00e9seaux.<\/p>\n\n\n\n<h3 class=\"wp-block-heading\">Conclusion<\/h3>\n\n\n\n<p class=\"has-medium-font-size\">Le niveau Concepteur de l\u2019AIPR est un pilier central pour assurer la s\u00e9curit\u00e9 et la conformit\u00e9 des projets \u00e0 proximit\u00e9 des r\u00e9seaux sensibles. Gr\u00e2ce \u00e0 cette formation, vous ma\u00eetriserez les aspects r\u00e9glementaires, techniques et op\u00e9rationnels n\u00e9cessaires pour concevoir des plans fiables et adapt\u00e9s, en respectant les normes en vigueur. En tant que concepteur, vous jouerez un r\u00f4le strat\u00e9gique, garantissant une collaboration fluide entre les diff\u00e9rents intervenants et contribuant \u00e0 pr\u00e9venir les risques pour les personnes, les infrastructures et l\u2019environnement. Rejoignez notre formation pour devenir un acteur cl\u00e9 de la s\u00e9curit\u00e9 des r\u00e9seaux et des chantiers.<\/p>\n\n\n\n<div data-wp-interactive=\"core\/file\" class=\"wp-block-file aligncenter\"><object data-wp-bind--hidden=\"!state.hasPdfPreview\" hidden class=\"wp-block-file__embed\" data=\"https:\/\/voltacademie.fr\/wp-content\/uploads\/2025\/01\/Fiche-formation-AIPR-CO-3.0-VOLT.pdf\" type=\"application\/pdf\" style=\"width:100%;height:600px\" aria-label=\"Contenu embarqu\u00e9 Fiche formation AIPR CO 3.0 VOLT.\"><\/object><a id=\"wp-block-file--media-7f179942-e745-4279-9ff7-8c7ff6fb338e\" href=\"https:\/\/voltacademie.fr\/wp-content\/uploads\/2025\/01\/Fiche-formation-AIPR-CO-3.0-VOLT.pdf\">Fiche formation AIPR CO 3.0 VOLT<\/a><a href=\"https:\/\/voltacademie.fr\/wp-content\/uploads\/2025\/01\/Fiche-formation-AIPR-CO-3.0-VOLT.pdf\" class=\"wp-block-file__button wp-element-button\" download aria-describedby=\"wp-block-file--media-7f179942-e745-4279-9ff7-8c7ff6fb338e\">T\u00e9l\u00e9charger<\/a><\/div>\n\n\n\n<p class=\"has-medium-font-size\"><\/p>\n\n\n\n<figure class=\"wp-block-image aligncenter size-full\"><img loading=\"lazy\" decoding=\"async\" width=\"433\" height=\"428\" src=\"https:\/\/voltacademie.fr\/wp-content\/uploads\/2025\/01\/image-7.png\" alt=\"\" class=\"wp-image-328\" srcset=\"https:\/\/voltacademie.fr\/wp-content\/uploads\/2025\/01\/image-7.png 433w, https:\/\/voltacademie.fr\/wp-content\/uploads\/2025\/01\/image-7-300x297.png 300w\" sizes=\"auto, (max-width: 433px) 100vw, 433px\" \/><\/figure>\n\n\n\n<p class=\"has-text-align-center has-medium-font-size\"><\/p>\n","protected":false},"excerpt":{"rendered":"<p>La formation AIPR Concepteur s\u2019adresse sp\u00e9cifiquement aux professionnels impliqu\u00e9s dans la phase de conception de projets de travaux publics, tels que les ing\u00e9nieurs, techniciens d\u2019\u00e9tudes et responsables de projets.Contrairement aux niveaux Op\u00e9rateur et Encadrant, qui concernent ceux intervenant directement sur les chantiers, l\u2019AIPR Concepteur cible les \u00e9tapes de planification, en amont des interventions. Qui est [&hellip;]<\/p>\n","protected":false},"author":1,"featured_media":0,"parent":0,"menu_order":0,"comment_status":"closed","ping_status":"closed","template":"","meta":{"footnotes":""},"class_list":["post-260","page","type-page","status-publish","hentry"],"blocksy_meta":[],"yoast_head":"<!-- This site is optimized with the Yoast SEO plugin v27.1.1 - https:\/\/yoast.com\/product\/yoast-seo-wordpress\/ -->\n<title>AIPR - Concepteur - VOLT Acad\u00e9mie<\/title>\n<meta name=\"description\" content=\"Obtenez votre certification AIPR Concepteur avec Volt Acad\u00e9mie ! Formation essentielle pour la planification et la s\u00e9curit\u00e9 des travaux \u00e0 proximit\u00e9 des r\u00e9seaux sensibles. Cibl\u00e9e pour les professionnels de la r\u00e9gion PACA : Alpes-Maritimes (06), Bouches-du-Rh\u00f4ne (13), Var (83), Vaucluse (84), avec des sessions disponibles \u00e0 Marseille, Nice, Toulon, Aix-en-Provence, Avignon, Cannes, Hy\u00e8res, Fr\u00e9jus, Arles et alentours. Inscrivez-vous d\u00e8s aujourd&#039;hui pour devenir un acteur cl\u00e9 de la s\u00e9curit\u00e9 des r\u00e9seaux !\" \/>\n<meta name=\"robots\" content=\"index, follow, max-snippet:-1, max-image-preview:large, max-video-preview:-1\" \/>\n<link rel=\"canonical\" href=\"https:\/\/voltacademie.fr\/?page_id=260\" \/>\n<meta property=\"og:locale\" content=\"fr_FR\" \/>\n<meta property=\"og:type\" content=\"article\" \/>\n<meta property=\"og:title\" content=\"AIPR - Concepteur - VOLT Acad\u00e9mie\" \/>\n<meta property=\"og:description\" content=\"Obtenez votre certification AIPR Concepteur avec Volt Acad\u00e9mie ! Formation essentielle pour la planification et la s\u00e9curit\u00e9 des travaux \u00e0 proximit\u00e9 des r\u00e9seaux sensibles. Cibl\u00e9e pour les professionnels de la r\u00e9gion PACA : Alpes-Maritimes (06), Bouches-du-Rh\u00f4ne (13), Var (83), Vaucluse (84), avec des sessions disponibles \u00e0 Marseille, Nice, Toulon, Aix-en-Provence, Avignon, Cannes, Hy\u00e8res, Fr\u00e9jus, Arles et alentours. Inscrivez-vous d\u00e8s aujourd&#039;hui pour devenir un acteur cl\u00e9 de la s\u00e9curit\u00e9 des r\u00e9seaux !\" \/>\n<meta property=\"og:url\" content=\"https:\/\/voltacademie.fr\/?page_id=260\" \/>\n<meta property=\"og:site_name\" content=\"VOLT Acad\u00e9mie\" \/>\n<meta property=\"article:publisher\" content=\"https:\/\/www.facebook.com\/IpFibreAcademie\" \/>\n<meta property=\"article:modified_time\" content=\"2025-01-04T10:17:13+00:00\" \/>\n<meta property=\"og:image\" content=\"https:\/\/voltacademie.fr\/wp-content\/uploads\/2025\/01\/image-6.png\" \/>\n\t<meta property=\"og:image:width\" content=\"637\" \/>\n\t<meta property=\"og:image:height\" content=\"428\" \/>\n\t<meta property=\"og:image:type\" content=\"image\/png\" \/>\n<meta name=\"twitter:card\" content=\"summary_large_image\" \/>\n<meta name=\"twitter:label1\" content=\"Dur\u00e9e de lecture estim\u00e9e\" \/>\n\t<meta name=\"twitter:data1\" content=\"4 minutes\" \/>\n<script type=\"application\/ld+json\" class=\"yoast-schema-graph\">{\"@context\":\"https:\/\/schema.org\",\"@graph\":[{\"@type\":\"WebPage\",\"@id\":\"https:\/\/voltacademie.fr\/?page_id=260\",\"url\":\"https:\/\/voltacademie.fr\/?page_id=260\",\"name\":\"AIPR - Concepteur - VOLT Acad\u00e9mie\",\"isPartOf\":{\"@id\":\"https:\/\/voltacademie.fr\/#website\"},\"primaryImageOfPage\":{\"@id\":\"https:\/\/voltacademie.fr\/?page_id=260#primaryimage\"},\"image\":{\"@id\":\"https:\/\/voltacademie.fr\/?page_id=260#primaryimage\"},\"thumbnailUrl\":\"https:\/\/voltacademie.fr\/wp-content\/uploads\/2025\/01\/image-6.png\",\"datePublished\":\"2024-10-03T13:18:09+00:00\",\"dateModified\":\"2025-01-04T10:17:13+00:00\",\"description\":\"Obtenez votre certification AIPR Concepteur avec Volt Acad\u00e9mie ! Formation essentielle pour la planification et la s\u00e9curit\u00e9 des travaux \u00e0 proximit\u00e9 des r\u00e9seaux sensibles. Cibl\u00e9e pour les professionnels de la r\u00e9gion PACA : Alpes-Maritimes (06), Bouches-du-Rh\u00f4ne (13), Var (83), Vaucluse (84), avec des sessions disponibles \u00e0 Marseille, Nice, Toulon, Aix-en-Provence, Avignon, Cannes, Hy\u00e8res, Fr\u00e9jus, Arles et alentours. Inscrivez-vous d\u00e8s aujourd'hui pour devenir un acteur cl\u00e9 de la s\u00e9curit\u00e9 des r\u00e9seaux !\",\"breadcrumb\":{\"@id\":\"https:\/\/voltacademie.fr\/?page_id=260#breadcrumb\"},\"inLanguage\":\"fr-FR\",\"potentialAction\":[{\"@type\":\"ReadAction\",\"target\":[\"https:\/\/voltacademie.fr\/?page_id=260\"]}]},{\"@type\":\"ImageObject\",\"inLanguage\":\"fr-FR\",\"@id\":\"https:\/\/voltacademie.fr\/?page_id=260#primaryimage\",\"url\":\"https:\/\/voltacademie.fr\/wp-content\/uploads\/2025\/01\/image-6.png\",\"contentUrl\":\"https:\/\/voltacademie.fr\/wp-content\/uploads\/2025\/01\/image-6.png\",\"width\":637,\"height\":428},{\"@type\":\"BreadcrumbList\",\"@id\":\"https:\/\/voltacademie.fr\/?page_id=260#breadcrumb\",\"itemListElement\":[{\"@type\":\"ListItem\",\"position\":1,\"name\":\"Accueil\",\"item\":\"https:\/\/voltacademie.fr\/\"},{\"@type\":\"ListItem\",\"position\":2,\"name\":\"AIPR &#8211; Concepteur\"}]},{\"@type\":\"WebSite\",\"@id\":\"https:\/\/voltacademie.fr\/#website\",\"url\":\"https:\/\/voltacademie.fr\/\",\"name\":\"VOLT Acad\u00e9mie\",\"description\":\"Centre de formation - S\u00e9curit\u00e9 Electricit\u00e9 IRVE Photovolta\u00efque AIPR Hablitations Electriques - Pertuis - Aix - Marseille - Nice - PACA\",\"publisher\":{\"@id\":\"https:\/\/voltacademie.fr\/#organization\"},\"potentialAction\":[{\"@type\":\"SearchAction\",\"target\":{\"@type\":\"EntryPoint\",\"urlTemplate\":\"https:\/\/voltacademie.fr\/?s={search_term_string}\"},\"query-input\":{\"@type\":\"PropertyValueSpecification\",\"valueRequired\":true,\"valueName\":\"search_term_string\"}}],\"inLanguage\":\"fr-FR\"},{\"@type\":\"Organization\",\"@id\":\"https:\/\/voltacademie.fr\/#organization\",\"name\":\"VOLT Acad\u00e9mie\",\"url\":\"https:\/\/voltacademie.fr\/\",\"logo\":{\"@type\":\"ImageObject\",\"inLanguage\":\"fr-FR\",\"@id\":\"https:\/\/voltacademie.fr\/#\/schema\/logo\/image\/\",\"url\":\"https:\/\/voltacademie.fr\/wp-content\/uploads\/2024\/06\/cropped-cropped-ySrmBZ4JSla_GJpKTBpLMg-1.webp\",\"contentUrl\":\"https:\/\/voltacademie.fr\/wp-content\/uploads\/2024\/06\/cropped-cropped-ySrmBZ4JSla_GJpKTBpLMg-1.webp\",\"width\":512,\"height\":384,\"caption\":\"VOLT Acad\u00e9mie\"},\"image\":{\"@id\":\"https:\/\/voltacademie.fr\/#\/schema\/logo\/image\/\"},\"sameAs\":[\"https:\/\/www.facebook.com\/IpFibreAcademie\",\"https:\/\/www.linkedin.com\/company\/ip-fibre-academie\/\"]}]}<\/script>\n<!-- \/ Yoast SEO plugin. -->","yoast_head_json":{"title":"AIPR - Concepteur - VOLT Acad\u00e9mie","description":"Obtenez votre certification AIPR Concepteur avec Volt Acad\u00e9mie ! Formation essentielle pour la planification et la s\u00e9curit\u00e9 des travaux \u00e0 proximit\u00e9 des r\u00e9seaux sensibles. Cibl\u00e9e pour les professionnels de la r\u00e9gion PACA : Alpes-Maritimes (06), Bouches-du-Rh\u00f4ne (13), Var (83), Vaucluse (84), avec des sessions disponibles \u00e0 Marseille, Nice, Toulon, Aix-en-Provence, Avignon, Cannes, Hy\u00e8res, Fr\u00e9jus, Arles et alentours. Inscrivez-vous d\u00e8s aujourd'hui pour devenir un acteur cl\u00e9 de la s\u00e9curit\u00e9 des r\u00e9seaux !","robots":{"index":"index","follow":"follow","max-snippet":"max-snippet:-1","max-image-preview":"max-image-preview:large","max-video-preview":"max-video-preview:-1"},"canonical":"https:\/\/voltacademie.fr\/?page_id=260","og_locale":"fr_FR","og_type":"article","og_title":"AIPR - Concepteur - VOLT Acad\u00e9mie","og_description":"Obtenez votre certification AIPR Concepteur avec Volt Acad\u00e9mie ! Formation essentielle pour la planification et la s\u00e9curit\u00e9 des travaux \u00e0 proximit\u00e9 des r\u00e9seaux sensibles. Cibl\u00e9e pour les professionnels de la r\u00e9gion PACA : Alpes-Maritimes (06), Bouches-du-Rh\u00f4ne (13), Var (83), Vaucluse (84), avec des sessions disponibles \u00e0 Marseille, Nice, Toulon, Aix-en-Provence, Avignon, Cannes, Hy\u00e8res, Fr\u00e9jus, Arles et alentours. Inscrivez-vous d\u00e8s aujourd'hui pour devenir un acteur cl\u00e9 de la s\u00e9curit\u00e9 des r\u00e9seaux !","og_url":"https:\/\/voltacademie.fr\/?page_id=260","og_site_name":"VOLT Acad\u00e9mie","article_publisher":"https:\/\/www.facebook.com\/IpFibreAcademie","article_modified_time":"2025-01-04T10:17:13+00:00","og_image":[{"width":637,"height":428,"url":"https:\/\/voltacademie.fr\/wp-content\/uploads\/2025\/01\/image-6.png","type":"image\/png"}],"twitter_card":"summary_large_image","twitter_misc":{"Dur\u00e9e de lecture estim\u00e9e":"4 minutes"},"schema":{"@context":"https:\/\/schema.org","@graph":[{"@type":"WebPage","@id":"https:\/\/voltacademie.fr\/?page_id=260","url":"https:\/\/voltacademie.fr\/?page_id=260","name":"AIPR - Concepteur - VOLT Acad\u00e9mie","isPartOf":{"@id":"https:\/\/voltacademie.fr\/#website"},"primaryImageOfPage":{"@id":"https:\/\/voltacademie.fr\/?page_id=260#primaryimage"},"image":{"@id":"https:\/\/voltacademie.fr\/?page_id=260#primaryimage"},"thumbnailUrl":"https:\/\/voltacademie.fr\/wp-content\/uploads\/2025\/01\/image-6.png","datePublished":"2024-10-03T13:18:09+00:00","dateModified":"2025-01-04T10:17:13+00:00","description":"Obtenez votre certification AIPR Concepteur avec Volt Acad\u00e9mie ! Formation essentielle pour la planification et la s\u00e9curit\u00e9 des travaux \u00e0 proximit\u00e9 des r\u00e9seaux sensibles. Cibl\u00e9e pour les professionnels de la r\u00e9gion PACA : Alpes-Maritimes (06), Bouches-du-Rh\u00f4ne (13), Var (83), Vaucluse (84), avec des sessions disponibles \u00e0 Marseille, Nice, Toulon, Aix-en-Provence, Avignon, Cannes, Hy\u00e8res, Fr\u00e9jus, Arles et alentours. Inscrivez-vous d\u00e8s aujourd'hui pour devenir un acteur cl\u00e9 de la s\u00e9curit\u00e9 des r\u00e9seaux !","breadcrumb":{"@id":"https:\/\/voltacademie.fr\/?page_id=260#breadcrumb"},"inLanguage":"fr-FR","potentialAction":[{"@type":"ReadAction","target":["https:\/\/voltacademie.fr\/?page_id=260"]}]},{"@type":"ImageObject","inLanguage":"fr-FR","@id":"https:\/\/voltacademie.fr\/?page_id=260#primaryimage","url":"https:\/\/voltacademie.fr\/wp-content\/uploads\/2025\/01\/image-6.png","contentUrl":"https:\/\/voltacademie.fr\/wp-content\/uploads\/2025\/01\/image-6.png","width":637,"height":428},{"@type":"BreadcrumbList","@id":"https:\/\/voltacademie.fr\/?page_id=260#breadcrumb","itemListElement":[{"@type":"ListItem","position":1,"name":"Accueil","item":"https:\/\/voltacademie.fr\/"},{"@type":"ListItem","position":2,"name":"AIPR &#8211; Concepteur"}]},{"@type":"WebSite","@id":"https:\/\/voltacademie.fr\/#website","url":"https:\/\/voltacademie.fr\/","name":"VOLT Acad\u00e9mie","description":"Centre de formation - S\u00e9curit\u00e9 Electricit\u00e9 IRVE Photovolta\u00efque AIPR Hablitations Electriques - Pertuis - Aix - Marseille - Nice - PACA","publisher":{"@id":"https:\/\/voltacademie.fr\/#organization"},"potentialAction":[{"@type":"SearchAction","target":{"@type":"EntryPoint","urlTemplate":"https:\/\/voltacademie.fr\/?s={search_term_string}"},"query-input":{"@type":"PropertyValueSpecification","valueRequired":true,"valueName":"search_term_string"}}],"inLanguage":"fr-FR"},{"@type":"Organization","@id":"https:\/\/voltacademie.fr\/#organization","name":"VOLT Acad\u00e9mie","url":"https:\/\/voltacademie.fr\/","logo":{"@type":"ImageObject","inLanguage":"fr-FR","@id":"https:\/\/voltacademie.fr\/#\/schema\/logo\/image\/","url":"https:\/\/voltacademie.fr\/wp-content\/uploads\/2024\/06\/cropped-cropped-ySrmBZ4JSla_GJpKTBpLMg-1.webp","contentUrl":"https:\/\/voltacademie.fr\/wp-content\/uploads\/2024\/06\/cropped-cropped-ySrmBZ4JSla_GJpKTBpLMg-1.webp","width":512,"height":384,"caption":"VOLT Acad\u00e9mie"},"image":{"@id":"https:\/\/voltacademie.fr\/#\/schema\/logo\/image\/"},"sameAs":["https:\/\/www.facebook.com\/IpFibreAcademie","https:\/\/www.linkedin.com\/company\/ip-fibre-academie\/"]}]}},"_links":{"self":[{"href":"https:\/\/voltacademie.fr\/index.php?rest_route=\/wp\/v2\/pages\/260","targetHints":{"allow":["GET"]}}],"collection":[{"href":"https:\/\/voltacademie.fr\/index.php?rest_route=\/wp\/v2\/pages"}],"about":[{"href":"https:\/\/voltacademie.fr\/index.php?rest_route=\/wp\/v2\/types\/page"}],"author":[{"embeddable":true,"href":"https:\/\/voltacademie.fr\/index.php?rest_route=\/wp\/v2\/users\/1"}],"replies":[{"embeddable":true,"href":"https:\/\/voltacademie.fr\/index.php?rest_route=%2Fwp%2Fv2%2Fcomments&post=260"}],"version-history":[{"count":3,"href":"https:\/\/voltacademie.fr\/index.php?rest_route=\/wp\/v2\/pages\/260\/revisions"}],"predecessor-version":[{"id":329,"href":"https:\/\/voltacademie.fr\/index.php?rest_route=\/wp\/v2\/pages\/260\/revisions\/329"}],"wp:attachment":[{"href":"https:\/\/voltacademie.fr\/index.php?rest_route=%2Fwp%2Fv2%2Fmedia&parent=260"}],"curies":[{"name":"wp","href":"https:\/\/api.w.org\/{rel}","templated":true}]}}