{"id":250,"date":"2024-10-03T14:43:57","date_gmt":"2024-10-03T12:43:57","guid":{"rendered":"https:\/\/voltacademie.fr\/?page_id=250"},"modified":"2025-01-04T11:02:14","modified_gmt":"2025-01-04T10:02:14","slug":"aipr-operateur","status":"publish","type":"page","link":"https:\/\/voltacademie.fr\/?page_id=250","title":{"rendered":"AIPR &#8211; Op\u00e9rateur"},"content":{"rendered":"\n<figure class=\"wp-block-image aligncenter size-full\"><img loading=\"lazy\" decoding=\"async\" width=\"682\" height=\"456\" src=\"https:\/\/voltacademie.fr\/wp-content\/uploads\/2025\/01\/image-3.png\" alt=\"\" class=\"wp-image-313\" srcset=\"https:\/\/voltacademie.fr\/wp-content\/uploads\/2025\/01\/image-3.png 682w, https:\/\/voltacademie.fr\/wp-content\/uploads\/2025\/01\/image-3-300x201.png 300w\" sizes=\"auto, (max-width: 682px) 100vw, 682px\" \/><\/figure>\n\n\n\n<h3 class=\"wp-block-heading\">Pr\u00e9sentation du niveau Op\u00e9rateur de l&rsquo;AIPR<\/h3>\n\n\n\n<p class=\"has-text-align-left has-medium-font-size\">Le <strong>niveau Op\u00e9rateur<\/strong> de l&rsquo;Autorisation d&rsquo;Intervention \u00e0 Proximit\u00e9 des R\u00e9seaux (AIPR) est destin\u00e9 aux personnes qui interviennent directement sur le terrain, notamment lors de travaux \u00e0 proximit\u00e9 des r\u00e9seaux souterrains ou a\u00e9riens. Ce niveau est essentiel pour assurer la s\u00e9curit\u00e9 des intervenants et \u00e9viter les incidents qui pourraient endommager les infrastructures ou causer des accidents.<\/p>\n\n\n\n<h4 class=\"wp-block-heading\">Qui est concern\u00e9 par l&rsquo;AIPR Op\u00e9rateur ?<\/h4>\n\n\n\n<p class=\"has-medium-font-size\">L&rsquo;AIPR Op\u00e9rateur s&rsquo;adresse principalement \u00e0 :<\/p>\n\n\n\n<ul class=\"wp-block-list\">\n<li class=\"has-medium-font-size\">Les conducteurs d&rsquo;engins de chantier (pelles m\u00e9caniques, bulldozers, etc.)<\/li>\n\n\n\n<li class=\"has-medium-font-size\">Les ouvriers r\u00e9alisant des travaux manuels \u00e0 proximit\u00e9 des r\u00e9seaux<\/li>\n\n\n\n<li class=\"has-medium-font-size\">Les int\u00e9rimaires ou travailleurs occasionnels op\u00e9rant sur les chantiers<\/li>\n<\/ul>\n\n\n\n<p class=\"has-medium-font-size\">Toutes ces personnes sont en contact direct avec le sol ou les infrastructures et doivent donc \u00eatre form\u00e9es aux risques li\u00e9s \u00e0 ces interventions.<\/p>\n\n\n\n<figure class=\"wp-block-image aligncenter size-full\"><img loading=\"lazy\" decoding=\"async\" width=\"510\" height=\"341\" src=\"https:\/\/voltacademie.fr\/wp-content\/uploads\/2025\/01\/image-5.png\" alt=\"\" class=\"wp-image-316\" srcset=\"https:\/\/voltacademie.fr\/wp-content\/uploads\/2025\/01\/image-5.png 510w, https:\/\/voltacademie.fr\/wp-content\/uploads\/2025\/01\/image-5-300x201.png 300w\" sizes=\"auto, (max-width: 510px) 100vw, 510px\" \/><\/figure>\n\n\n\n<h4 class=\"wp-block-heading\">Objectifs de l&rsquo;AIPR Op\u00e9rateur<\/h4>\n\n\n\n<p class=\"has-medium-font-size\">L&rsquo;objectif principal de ce niveau est d&rsquo;assurer que les op\u00e9rateurs sur le terrain :<\/p>\n\n\n\n<ul class=\"wp-block-list\">\n<li class=\"has-medium-font-size\"><strong>Connaissent les dangers<\/strong> : comme l&rsquo;endommagement des r\u00e9seaux de gaz, d&rsquo;\u00e9lectricit\u00e9, ou de t\u00e9l\u00e9communications.<\/li>\n\n\n\n<li class=\"has-medium-font-size\"><strong>Suivent les proc\u00e9dures de s\u00e9curit\u00e9<\/strong> : cela inclut le respect des consignes de s\u00e9curit\u00e9, l\u2019utilisation d\u2019\u00e9quipements de protection et la connaissance des zones sensibles.<\/li>\n\n\n\n<li class=\"has-medium-font-size\"><strong>Savent r\u00e9agir en cas d&rsquo;incident<\/strong> : savoir signaler tout danger ou situation anormale aux encadrants et prendre les premi\u00e8res mesures pour \u00e9viter une aggravation de la situation.<\/li>\n<\/ul>\n\n\n\n<h4 class=\"wp-block-heading\">Contenu de la formation<\/h4>\n\n\n\n<p class=\"has-medium-font-size\">La formation \u00e0 l&rsquo;AIPR Op\u00e9rateur couvre plusieurs aspects techniques et r\u00e9glementaires, tels que :<\/p>\n\n\n\n<ul class=\"wp-block-list has-medium-font-size\">\n<li class=\"has-medium-font-size\">La <strong>lecture des plans et des documents de marquage des r\u00e9seaux<\/strong> ;<\/li>\n\n\n\n<li>Les m\u00e9thodes pour <strong>travailler en s\u00e9curit\u00e9<\/strong> \u00e0 proximit\u00e9 des c\u00e2bles, conduites, et autres infrastructures souterraines ;<\/li>\n\n\n\n<li>La reconnaissance des <strong>signaux et des dispositifs de d\u00e9tection<\/strong> de r\u00e9seaux enterr\u00e9s ;<\/li>\n\n\n\n<li>Les <strong>mesures \u00e0 prendre en cas de dommage<\/strong> sur un r\u00e9seau (signalement imm\u00e9diat, s\u00e9curisation du p\u00e9rim\u00e8tre).<\/li>\n<\/ul>\n\n\n\n<h4 class=\"wp-block-heading\">Validation de l&rsquo;AIPR Op\u00e9rateur<\/h4>\n\n\n\n<p>Pour obtenir l&rsquo;AIPR Op\u00e9rateur, il est n\u00e9cessaire de passer un <strong>examen sous la forme d&rsquo;un QCM<\/strong> (Questionnaire \u00e0 Choix Multiples). Celui-ci \u00e9value la compr\u00e9hension des risques et des proc\u00e9dures \u00e0 suivre. Le test est organis\u00e9 par des organismes certifi\u00e9s par l&rsquo;\u00c9tat et doit \u00eatre r\u00e9ussi pour que l&rsquo;op\u00e9rateur soit habilit\u00e9 \u00e0 travailler sur les chantiers \u00e0 proximit\u00e9 des r\u00e9seaux.<\/p>\n\n\n\n<h4 class=\"wp-block-heading\">Dur\u00e9e et renouvellement<\/h4>\n\n\n\n<p>L&rsquo;autorisation d\u00e9livr\u00e9e est valable pour une dur\u00e9e de <strong>5 ans<\/strong>. Au terme de cette p\u00e9riode, une nouvelle certification est requise pour continuer \u00e0 intervenir sur des chantiers \u00e0 proximit\u00e9 des r\u00e9seaux. La formation est donc un processus continu pour garantir une mise \u00e0 jour des comp\u00e9tences et des connaissances.<\/p>\n\n\n\n<h3 class=\"wp-block-heading\">Conclusion<\/h3>\n\n\n\n<p>Le niveau Op\u00e9rateur de l&rsquo;AIPR est une certification cruciale pour tous ceux qui travaillent directement sur le terrain \u00e0 proximit\u00e9 des r\u00e9seaux sensibles. Il garantit que les intervenants connaissent les risques, suivent des proc\u00e9dures rigoureuses et assurent la s\u00e9curit\u00e9 des personnes et des infrastructures.<\/p>\n\n\n\n<figure class=\"wp-block-image aligncenter size-full\"><img loading=\"lazy\" decoding=\"async\" width=\"418\" height=\"280\" src=\"https:\/\/voltacademie.fr\/wp-content\/uploads\/2025\/01\/image-4.png\" alt=\"\" class=\"wp-image-314\" srcset=\"https:\/\/voltacademie.fr\/wp-content\/uploads\/2025\/01\/image-4.png 418w, https:\/\/voltacademie.fr\/wp-content\/uploads\/2025\/01\/image-4-300x201.png 300w\" sizes=\"auto, (max-width: 418px) 100vw, 418px\" \/><\/figure>\n\n\n\n<div data-wp-interactive=\"core\/file\" class=\"wp-block-file\"><object data-wp-bind--hidden=\"!state.hasPdfPreview\" hidden class=\"wp-block-file__embed\" data=\"https:\/\/voltacademie.fr\/wp-content\/uploads\/2025\/01\/Fiche-formation-AIPR-OP-3.0-VOLT.pdf\" type=\"application\/pdf\" style=\"width:100%;height:600px\" aria-label=\"Contenu embarqu\u00e9 Fiche formation AIPR OP 3.0 VOLT.\"><\/object><a id=\"wp-block-file--media-e76fb0e6-372e-4812-bafd-bac8bb3ff091\" href=\"https:\/\/voltacademie.fr\/wp-content\/uploads\/2025\/01\/Fiche-formation-AIPR-OP-3.0-VOLT.pdf\">Fiche formation AIPR OP 3.0 VOLT<\/a><a href=\"https:\/\/voltacademie.fr\/wp-content\/uploads\/2025\/01\/Fiche-formation-AIPR-OP-3.0-VOLT.pdf\" class=\"wp-block-file__button wp-element-button\" download aria-describedby=\"wp-block-file--media-e76fb0e6-372e-4812-bafd-bac8bb3ff091\">T\u00e9l\u00e9charger<\/a><\/div>\n","protected":false},"excerpt":{"rendered":"<p>Pr\u00e9sentation du niveau Op\u00e9rateur de l&rsquo;AIPR Le niveau Op\u00e9rateur de l&rsquo;Autorisation d&rsquo;Intervention \u00e0 Proximit\u00e9 des R\u00e9seaux (AIPR) est destin\u00e9 aux personnes qui interviennent directement sur le terrain, notamment lors de travaux \u00e0 proximit\u00e9 des r\u00e9seaux souterrains ou a\u00e9riens. Ce niveau est essentiel pour assurer la s\u00e9curit\u00e9 des intervenants et \u00e9viter les incidents qui pourraient endommager [&hellip;]<\/p>\n","protected":false},"author":1,"featured_media":0,"parent":0,"menu_order":0,"comment_status":"closed","ping_status":"closed","template":"","meta":{"footnotes":""},"class_list":["post-250","page","type-page","status-publish","hentry"],"blocksy_meta":[],"yoast_head":"<!-- This site is optimized with the Yoast SEO plugin v27.1.1 - https:\/\/yoast.com\/product\/yoast-seo-wordpress\/ -->\n<title>AIPR - Op\u00e9rateur - VOLT Acad\u00e9mie<\/title>\n<meta name=\"description\" content=\"Obtenez votre certification AIPR Op\u00e9rateur avec Volt Acad\u00e9mie ! Formation obligatoire pour les travaux \u00e0 proximit\u00e9 des r\u00e9seaux, adapt\u00e9e aux professionnels en r\u00e9gion PACA : Alpes-Maritimes (06), Bouches-du-Rh\u00f4ne (13), Var (83), Vaucluse (84). Disponible \u00e0 Marseille, Nice, Toulon, Aix-en-Provence, Avignon, Cannes, Hy\u00e8res, Fr\u00e9jus, Arles et alentours. Inscrivez-vous d\u00e8s aujourd&#039;hui !\" \/>\n<meta name=\"robots\" content=\"index, follow, max-snippet:-1, max-image-preview:large, max-video-preview:-1\" \/>\n<link rel=\"canonical\" href=\"https:\/\/voltacademie.fr\/?page_id=250\" \/>\n<meta property=\"og:locale\" content=\"fr_FR\" \/>\n<meta property=\"og:type\" content=\"article\" \/>\n<meta property=\"og:title\" content=\"AIPR - Op\u00e9rateur - VOLT Acad\u00e9mie\" \/>\n<meta property=\"og:description\" content=\"Obtenez votre certification AIPR Op\u00e9rateur avec Volt Acad\u00e9mie ! Formation obligatoire pour les travaux \u00e0 proximit\u00e9 des r\u00e9seaux, adapt\u00e9e aux professionnels en r\u00e9gion PACA : Alpes-Maritimes (06), Bouches-du-Rh\u00f4ne (13), Var (83), Vaucluse (84). Disponible \u00e0 Marseille, Nice, Toulon, Aix-en-Provence, Avignon, Cannes, Hy\u00e8res, Fr\u00e9jus, Arles et alentours. Inscrivez-vous d\u00e8s aujourd&#039;hui !\" \/>\n<meta property=\"og:url\" content=\"https:\/\/voltacademie.fr\/?page_id=250\" \/>\n<meta property=\"og:site_name\" content=\"VOLT Acad\u00e9mie\" \/>\n<meta property=\"article:publisher\" content=\"https:\/\/www.facebook.com\/IpFibreAcademie\" \/>\n<meta property=\"article:modified_time\" content=\"2025-01-04T10:02:14+00:00\" \/>\n<meta property=\"og:image\" content=\"https:\/\/voltacademie.fr\/wp-content\/uploads\/2025\/01\/image-3.png\" \/>\n\t<meta property=\"og:image:width\" content=\"682\" \/>\n\t<meta property=\"og:image:height\" content=\"456\" \/>\n\t<meta property=\"og:image:type\" content=\"image\/png\" \/>\n<meta name=\"twitter:card\" content=\"summary_large_image\" \/>\n<meta name=\"twitter:label1\" content=\"Dur\u00e9e de lecture estim\u00e9e\" \/>\n\t<meta name=\"twitter:data1\" content=\"3 minutes\" \/>\n<script type=\"application\/ld+json\" class=\"yoast-schema-graph\">{\"@context\":\"https:\/\/schema.org\",\"@graph\":[{\"@type\":\"WebPage\",\"@id\":\"https:\/\/voltacademie.fr\/?page_id=250\",\"url\":\"https:\/\/voltacademie.fr\/?page_id=250\",\"name\":\"AIPR - Op\u00e9rateur - VOLT Acad\u00e9mie\",\"isPartOf\":{\"@id\":\"https:\/\/voltacademie.fr\/#website\"},\"primaryImageOfPage\":{\"@id\":\"https:\/\/voltacademie.fr\/?page_id=250#primaryimage\"},\"image\":{\"@id\":\"https:\/\/voltacademie.fr\/?page_id=250#primaryimage\"},\"thumbnailUrl\":\"https:\/\/voltacademie.fr\/wp-content\/uploads\/2025\/01\/image-3.png\",\"datePublished\":\"2024-10-03T12:43:57+00:00\",\"dateModified\":\"2025-01-04T10:02:14+00:00\",\"description\":\"Obtenez votre certification AIPR Op\u00e9rateur avec Volt Acad\u00e9mie ! Formation obligatoire pour les travaux \u00e0 proximit\u00e9 des r\u00e9seaux, adapt\u00e9e aux professionnels en r\u00e9gion PACA : Alpes-Maritimes (06), Bouches-du-Rh\u00f4ne (13), Var (83), Vaucluse (84). Disponible \u00e0 Marseille, Nice, Toulon, Aix-en-Provence, Avignon, Cannes, Hy\u00e8res, Fr\u00e9jus, Arles et alentours. Inscrivez-vous d\u00e8s aujourd'hui !\",\"breadcrumb\":{\"@id\":\"https:\/\/voltacademie.fr\/?page_id=250#breadcrumb\"},\"inLanguage\":\"fr-FR\",\"potentialAction\":[{\"@type\":\"ReadAction\",\"target\":[\"https:\/\/voltacademie.fr\/?page_id=250\"]}]},{\"@type\":\"ImageObject\",\"inLanguage\":\"fr-FR\",\"@id\":\"https:\/\/voltacademie.fr\/?page_id=250#primaryimage\",\"url\":\"https:\/\/voltacademie.fr\/wp-content\/uploads\/2025\/01\/image-3.png\",\"contentUrl\":\"https:\/\/voltacademie.fr\/wp-content\/uploads\/2025\/01\/image-3.png\",\"width\":682,\"height\":456},{\"@type\":\"BreadcrumbList\",\"@id\":\"https:\/\/voltacademie.fr\/?page_id=250#breadcrumb\",\"itemListElement\":[{\"@type\":\"ListItem\",\"position\":1,\"name\":\"Accueil\",\"item\":\"https:\/\/voltacademie.fr\/\"},{\"@type\":\"ListItem\",\"position\":2,\"name\":\"AIPR &#8211; Op\u00e9rateur\"}]},{\"@type\":\"WebSite\",\"@id\":\"https:\/\/voltacademie.fr\/#website\",\"url\":\"https:\/\/voltacademie.fr\/\",\"name\":\"VOLT Acad\u00e9mie\",\"description\":\"Centre de formation - S\u00e9curit\u00e9 Electricit\u00e9 IRVE Photovolta\u00efque AIPR Hablitations Electriques - Pertuis - Aix - Marseille - Nice - PACA\",\"publisher\":{\"@id\":\"https:\/\/voltacademie.fr\/#organization\"},\"potentialAction\":[{\"@type\":\"SearchAction\",\"target\":{\"@type\":\"EntryPoint\",\"urlTemplate\":\"https:\/\/voltacademie.fr\/?s={search_term_string}\"},\"query-input\":{\"@type\":\"PropertyValueSpecification\",\"valueRequired\":true,\"valueName\":\"search_term_string\"}}],\"inLanguage\":\"fr-FR\"},{\"@type\":\"Organization\",\"@id\":\"https:\/\/voltacademie.fr\/#organization\",\"name\":\"VOLT Acad\u00e9mie\",\"url\":\"https:\/\/voltacademie.fr\/\",\"logo\":{\"@type\":\"ImageObject\",\"inLanguage\":\"fr-FR\",\"@id\":\"https:\/\/voltacademie.fr\/#\/schema\/logo\/image\/\",\"url\":\"https:\/\/voltacademie.fr\/wp-content\/uploads\/2024\/06\/cropped-cropped-ySrmBZ4JSla_GJpKTBpLMg-1.webp\",\"contentUrl\":\"https:\/\/voltacademie.fr\/wp-content\/uploads\/2024\/06\/cropped-cropped-ySrmBZ4JSla_GJpKTBpLMg-1.webp\",\"width\":512,\"height\":384,\"caption\":\"VOLT Acad\u00e9mie\"},\"image\":{\"@id\":\"https:\/\/voltacademie.fr\/#\/schema\/logo\/image\/\"},\"sameAs\":[\"https:\/\/www.facebook.com\/IpFibreAcademie\",\"https:\/\/www.linkedin.com\/company\/ip-fibre-academie\/\"]}]}<\/script>\n<!-- \/ Yoast SEO plugin. -->","yoast_head_json":{"title":"AIPR - Op\u00e9rateur - VOLT Acad\u00e9mie","description":"Obtenez votre certification AIPR Op\u00e9rateur avec Volt Acad\u00e9mie ! Formation obligatoire pour les travaux \u00e0 proximit\u00e9 des r\u00e9seaux, adapt\u00e9e aux professionnels en r\u00e9gion PACA : Alpes-Maritimes (06), Bouches-du-Rh\u00f4ne (13), Var (83), Vaucluse (84). Disponible \u00e0 Marseille, Nice, Toulon, Aix-en-Provence, Avignon, Cannes, Hy\u00e8res, Fr\u00e9jus, Arles et alentours. Inscrivez-vous d\u00e8s aujourd'hui !","robots":{"index":"index","follow":"follow","max-snippet":"max-snippet:-1","max-image-preview":"max-image-preview:large","max-video-preview":"max-video-preview:-1"},"canonical":"https:\/\/voltacademie.fr\/?page_id=250","og_locale":"fr_FR","og_type":"article","og_title":"AIPR - Op\u00e9rateur - VOLT Acad\u00e9mie","og_description":"Obtenez votre certification AIPR Op\u00e9rateur avec Volt Acad\u00e9mie ! Formation obligatoire pour les travaux \u00e0 proximit\u00e9 des r\u00e9seaux, adapt\u00e9e aux professionnels en r\u00e9gion PACA : Alpes-Maritimes (06), Bouches-du-Rh\u00f4ne (13), Var (83), Vaucluse (84). Disponible \u00e0 Marseille, Nice, Toulon, Aix-en-Provence, Avignon, Cannes, Hy\u00e8res, Fr\u00e9jus, Arles et alentours. Inscrivez-vous d\u00e8s aujourd'hui !","og_url":"https:\/\/voltacademie.fr\/?page_id=250","og_site_name":"VOLT Acad\u00e9mie","article_publisher":"https:\/\/www.facebook.com\/IpFibreAcademie","article_modified_time":"2025-01-04T10:02:14+00:00","og_image":[{"width":682,"height":456,"url":"https:\/\/voltacademie.fr\/wp-content\/uploads\/2025\/01\/image-3.png","type":"image\/png"}],"twitter_card":"summary_large_image","twitter_misc":{"Dur\u00e9e de lecture estim\u00e9e":"3 minutes"},"schema":{"@context":"https:\/\/schema.org","@graph":[{"@type":"WebPage","@id":"https:\/\/voltacademie.fr\/?page_id=250","url":"https:\/\/voltacademie.fr\/?page_id=250","name":"AIPR - Op\u00e9rateur - VOLT Acad\u00e9mie","isPartOf":{"@id":"https:\/\/voltacademie.fr\/#website"},"primaryImageOfPage":{"@id":"https:\/\/voltacademie.fr\/?page_id=250#primaryimage"},"image":{"@id":"https:\/\/voltacademie.fr\/?page_id=250#primaryimage"},"thumbnailUrl":"https:\/\/voltacademie.fr\/wp-content\/uploads\/2025\/01\/image-3.png","datePublished":"2024-10-03T12:43:57+00:00","dateModified":"2025-01-04T10:02:14+00:00","description":"Obtenez votre certification AIPR Op\u00e9rateur avec Volt Acad\u00e9mie ! Formation obligatoire pour les travaux \u00e0 proximit\u00e9 des r\u00e9seaux, adapt\u00e9e aux professionnels en r\u00e9gion PACA : Alpes-Maritimes (06), Bouches-du-Rh\u00f4ne (13), Var (83), Vaucluse (84). Disponible \u00e0 Marseille, Nice, Toulon, Aix-en-Provence, Avignon, Cannes, Hy\u00e8res, Fr\u00e9jus, Arles et alentours. Inscrivez-vous d\u00e8s aujourd'hui !","breadcrumb":{"@id":"https:\/\/voltacademie.fr\/?page_id=250#breadcrumb"},"inLanguage":"fr-FR","potentialAction":[{"@type":"ReadAction","target":["https:\/\/voltacademie.fr\/?page_id=250"]}]},{"@type":"ImageObject","inLanguage":"fr-FR","@id":"https:\/\/voltacademie.fr\/?page_id=250#primaryimage","url":"https:\/\/voltacademie.fr\/wp-content\/uploads\/2025\/01\/image-3.png","contentUrl":"https:\/\/voltacademie.fr\/wp-content\/uploads\/2025\/01\/image-3.png","width":682,"height":456},{"@type":"BreadcrumbList","@id":"https:\/\/voltacademie.fr\/?page_id=250#breadcrumb","itemListElement":[{"@type":"ListItem","position":1,"name":"Accueil","item":"https:\/\/voltacademie.fr\/"},{"@type":"ListItem","position":2,"name":"AIPR &#8211; Op\u00e9rateur"}]},{"@type":"WebSite","@id":"https:\/\/voltacademie.fr\/#website","url":"https:\/\/voltacademie.fr\/","name":"VOLT Acad\u00e9mie","description":"Centre de formation - S\u00e9curit\u00e9 Electricit\u00e9 IRVE Photovolta\u00efque AIPR Hablitations Electriques - Pertuis - Aix - Marseille - Nice - PACA","publisher":{"@id":"https:\/\/voltacademie.fr\/#organization"},"potentialAction":[{"@type":"SearchAction","target":{"@type":"EntryPoint","urlTemplate":"https:\/\/voltacademie.fr\/?s={search_term_string}"},"query-input":{"@type":"PropertyValueSpecification","valueRequired":true,"valueName":"search_term_string"}}],"inLanguage":"fr-FR"},{"@type":"Organization","@id":"https:\/\/voltacademie.fr\/#organization","name":"VOLT Acad\u00e9mie","url":"https:\/\/voltacademie.fr\/","logo":{"@type":"ImageObject","inLanguage":"fr-FR","@id":"https:\/\/voltacademie.fr\/#\/schema\/logo\/image\/","url":"https:\/\/voltacademie.fr\/wp-content\/uploads\/2024\/06\/cropped-cropped-ySrmBZ4JSla_GJpKTBpLMg-1.webp","contentUrl":"https:\/\/voltacademie.fr\/wp-content\/uploads\/2024\/06\/cropped-cropped-ySrmBZ4JSla_GJpKTBpLMg-1.webp","width":512,"height":384,"caption":"VOLT Acad\u00e9mie"},"image":{"@id":"https:\/\/voltacademie.fr\/#\/schema\/logo\/image\/"},"sameAs":["https:\/\/www.facebook.com\/IpFibreAcademie","https:\/\/www.linkedin.com\/company\/ip-fibre-academie\/"]}]}},"_links":{"self":[{"href":"https:\/\/voltacademie.fr\/index.php?rest_route=\/wp\/v2\/pages\/250","targetHints":{"allow":["GET"]}}],"collection":[{"href":"https:\/\/voltacademie.fr\/index.php?rest_route=\/wp\/v2\/pages"}],"about":[{"href":"https:\/\/voltacademie.fr\/index.php?rest_route=\/wp\/v2\/types\/page"}],"author":[{"embeddable":true,"href":"https:\/\/voltacademie.fr\/index.php?rest_route=\/wp\/v2\/users\/1"}],"replies":[{"embeddable":true,"href":"https:\/\/voltacademie.fr\/index.php?rest_route=%2Fwp%2Fv2%2Fcomments&post=250"}],"version-history":[{"count":3,"href":"https:\/\/voltacademie.fr\/index.php?rest_route=\/wp\/v2\/pages\/250\/revisions"}],"predecessor-version":[{"id":320,"href":"https:\/\/voltacademie.fr\/index.php?rest_route=\/wp\/v2\/pages\/250\/revisions\/320"}],"wp:attachment":[{"href":"https:\/\/voltacademie.fr\/index.php?rest_route=%2Fwp%2Fv2%2Fmedia&parent=250"}],"curies":[{"name":"wp","href":"https:\/\/api.w.org\/{rel}","templated":true}]}}