{"id":245,"date":"2024-10-03T14:26:50","date_gmt":"2024-10-03T12:26:50","guid":{"rendered":"https:\/\/voltacademie.fr\/?page_id=245"},"modified":"2024-10-03T15:19:14","modified_gmt":"2024-10-03T13:19:14","slug":"formations-aipr-tous-niveaux-paca-volt-academie","status":"publish","type":"page","link":"https:\/\/voltacademie.fr\/?page_id=245","title":{"rendered":"AIPR &#8211; Tous niveaux"},"content":{"rendered":"\n<figure class=\"wp-block-image aligncenter size-full\"><img loading=\"lazy\" decoding=\"async\" width=\"720\" height=\"235\" src=\"https:\/\/voltacademie.fr\/wp-content\/uploads\/2024\/10\/AIPR1.png\" alt=\"\" class=\"wp-image-247\" srcset=\"https:\/\/voltacademie.fr\/wp-content\/uploads\/2024\/10\/AIPR1.png 720w, https:\/\/voltacademie.fr\/wp-content\/uploads\/2024\/10\/AIPR1-300x98.png 300w\" sizes=\"auto, (max-width: 720px) 100vw, 720px\" \/><\/figure>\n\n\n\n<p class=\"has-medium-font-size\"><strong>L&rsquo;Autorisation d&rsquo;Intervention \u00e0 Proximit\u00e9 des R\u00e9seaux (AIPR)<\/strong> est une certification obligatoire en France pour les professionnels qui interviennent \u00e0 proximit\u00e9 des r\u00e9seaux (a\u00e9riens ou souterrains) de distribution d&rsquo;\u00e9nergie, d&rsquo;eau, de t\u00e9l\u00e9communications, etc. <\/p>\n\n\n\n<p class=\"has-medium-font-size\">Cette certification s&rsquo;inscrit dans le cadre de la r\u00e9forme anti-endommagement des r\u00e9seaux, mise en place pour pr\u00e9venir les accidents et dommages caus\u00e9s lors des travaux publics. Elle est d\u00e9clin\u00e9e en trois niveaux, correspondant \u00e0 diff\u00e9rents types d\u2019interventions et responsabilit\u00e9s : <strong>op\u00e9rateur<\/strong>, <strong>encadrant<\/strong>, et <strong>concepteur<\/strong>.<\/p>\n\n\n\n<h3 class=\"wp-block-heading has-text-align-center\"><strong><a href=\"https:\/\/voltacademie.fr\/?page_id=250\">AIPR Op\u00e9rateur<\/a><\/strong><\/h3>\n\n\n\n<p class=\"has-medium-font-size\">L&rsquo;AIPR op\u00e9rateur concerne les personnes ex\u00e9cutant des travaux \u00e0 proximit\u00e9 des r\u00e9seaux, comme les conducteurs d\u2019engins, les ouvriers sur chantier, ou les int\u00e9rimaires. Ce niveau est requis pour les intervenants qui manient des machines ou r\u00e9alisent des travaux sur les r\u00e9seaux sensibles. L&rsquo;op\u00e9rateur doit conna\u00eetre les mesures de s\u00e9curit\u00e9, les proc\u00e9dures \u00e0 suivre et \u00eatre en mesure de signaler tout risque potentiel li\u00e9 \u00e0 l&rsquo;endommagement des infrastructures.<\/p>\n\n\n\n<h3 class=\"wp-block-heading has-text-align-center\"><strong><a href=\"https:\/\/voltacademie.fr\/?page_id=256\">AIPR Encadrant<\/a><\/strong><\/h3>\n\n\n\n<p class=\"has-medium-font-size\">L&rsquo;AIPR encadrant est destin\u00e9e aux chefs de chantier ou aux personnes qui supervisent les travaux \u00e0 proximit\u00e9 des r\u00e9seaux. Ces encadrants doivent s&rsquo;assurer que toutes les mesures de s\u00e9curit\u00e9 sont bien respect\u00e9es, que les op\u00e9rateurs sont correctement form\u00e9s, et que les proc\u00e9dures sont suivies. Leur r\u00f4le consiste \u00e9galement \u00e0 anticiper les risques et \u00e0 coordonner les \u00e9quipes pour pr\u00e9venir les incidents li\u00e9s aux r\u00e9seaux.<\/p>\n\n\n\n<h3 class=\"wp-block-heading has-text-align-center\"><strong><a href=\"https:\/\/voltacademie.fr\/?page_id=260\">AIPR Concepteur<\/a><\/strong><\/h3>\n\n\n\n<p class=\"has-medium-font-size\">Le niveau AIPR concepteur s&rsquo;adresse aux professionnels responsables de la pr\u00e9paration des projets, tels que les ing\u00e9nieurs ou les responsables d\u2019\u00e9tudes. Leur mission est de concevoir des travaux prenant en compte les contraintes li\u00e9es aux r\u00e9seaux existants, en veillant \u00e0 respecter les r\u00e9glementations en vigueur. Le concepteur doit r\u00e9aliser les \u00e9tudes pr\u00e9alables et s&rsquo;assurer que les documents de conception int\u00e8grent bien les informations sur la localisation des r\u00e9seaux et les risques potentiels.<\/p>\n\n\n\n<h3 class=\"wp-block-heading has-medium-font-size\">Chacun de ces niveaux AIPR joue un r\u00f4le compl\u00e9mentaire dans la s\u00e9curisation des travaux \u00e0 proximit\u00e9 des r\u00e9seaux, de l\u2019op\u00e9rateur sur le terrain au concepteur en amont. La certification AIPR est essentielle pour pr\u00e9venir les accidents et prot\u00e9ger \u00e0 la fois les infrastructures et les travailleurs.<\/h3>\n\n\n\n<figure class=\"wp-block-image aligncenter size-full\"><img loading=\"lazy\" decoding=\"async\" width=\"1024\" height=\"1024\" src=\"https:\/\/voltacademie.fr\/wp-content\/uploads\/2024\/10\/image.png\" alt=\"\" class=\"wp-image-246\" srcset=\"https:\/\/voltacademie.fr\/wp-content\/uploads\/2024\/10\/image.png 1024w, https:\/\/voltacademie.fr\/wp-content\/uploads\/2024\/10\/image-300x300.png 300w, https:\/\/voltacademie.fr\/wp-content\/uploads\/2024\/10\/image-150x150.png 150w, https:\/\/voltacademie.fr\/wp-content\/uploads\/2024\/10\/image-768x768.png 768w\" sizes=\"auto, (max-width: 1024px) 100vw, 1024px\" \/><\/figure>\n\n\n\n<p class=\"has-text-align-center\"><a href=\"https:\/\/voltacademie.fr\/?page_id=136\">Contactez nous<\/a> pour vos session en inter ou intra, dans nos locaux ou les votres, pour des session AIPR Op\u00e9rateur, Encadrant ou Concepteur.<\/p>\n\n\n\n<p><\/p>\n","protected":false},"excerpt":{"rendered":"<p>L&rsquo;Autorisation d&rsquo;Intervention \u00e0 Proximit\u00e9 des R\u00e9seaux (AIPR) est une certification obligatoire en France pour les professionnels qui interviennent \u00e0 proximit\u00e9 des r\u00e9seaux (a\u00e9riens ou souterrains) de distribution d&rsquo;\u00e9nergie, d&rsquo;eau, de t\u00e9l\u00e9communications, etc. Cette certification s&rsquo;inscrit dans le cadre de la r\u00e9forme anti-endommagement des r\u00e9seaux, mise en place pour pr\u00e9venir les accidents et dommages caus\u00e9s lors [&hellip;]<\/p>\n","protected":false},"author":1,"featured_media":0,"parent":0,"menu_order":0,"comment_status":"closed","ping_status":"closed","template":"","meta":{"footnotes":""},"class_list":["post-245","page","type-page","status-publish","hentry"],"blocksy_meta":[],"yoast_head":"<!-- This site is optimized with the Yoast SEO plugin v27.1.1 - https:\/\/yoast.com\/product\/yoast-seo-wordpress\/ -->\n<title>AIPR - Tous niveaux - VOLT Acad\u00e9mie<\/title>\n<meta name=\"description\" content=\"La certification AIPR se d\u00e9cline en trois niveaux : op\u00e9rateur, encadrant et concepteur. D\u00e9couvrez leurs r\u00f4les et obligations pour s\u00e9curiser les travaux \u00e0 proximit\u00e9 des r\u00e9seaux souterrains et a\u00e9riens. VOLT Acad\u00e9mie formations AIPR Op\u00e9rateur Encadrant Concepteur Pertuis Aix Paca Marseille Nice Frejus Toulon Nimes Avignon\" \/>\n<meta name=\"robots\" content=\"index, follow, max-snippet:-1, max-image-preview:large, max-video-preview:-1\" \/>\n<link rel=\"canonical\" href=\"https:\/\/voltacademie.fr\/?page_id=245\" \/>\n<meta property=\"og:locale\" content=\"fr_FR\" \/>\n<meta property=\"og:type\" content=\"article\" \/>\n<meta property=\"og:title\" content=\"AIPR - Tous niveaux - VOLT Acad\u00e9mie\" \/>\n<meta property=\"og:description\" content=\"La certification AIPR se d\u00e9cline en trois niveaux : op\u00e9rateur, encadrant et concepteur. D\u00e9couvrez leurs r\u00f4les et obligations pour s\u00e9curiser les travaux \u00e0 proximit\u00e9 des r\u00e9seaux souterrains et a\u00e9riens. VOLT Acad\u00e9mie formations AIPR Op\u00e9rateur Encadrant Concepteur Pertuis Aix Paca Marseille Nice Frejus Toulon Nimes Avignon\" \/>\n<meta property=\"og:url\" content=\"https:\/\/voltacademie.fr\/?page_id=245\" \/>\n<meta property=\"og:site_name\" content=\"VOLT Acad\u00e9mie\" \/>\n<meta property=\"article:publisher\" content=\"https:\/\/www.facebook.com\/IpFibreAcademie\" \/>\n<meta property=\"article:modified_time\" content=\"2024-10-03T13:19:14+00:00\" \/>\n<meta property=\"og:image\" content=\"https:\/\/voltacademie.fr\/wp-content\/uploads\/2024\/10\/AIPR1.png\" \/>\n<meta name=\"twitter:card\" content=\"summary_large_image\" \/>\n<meta name=\"twitter:label1\" content=\"Dur\u00e9e de lecture estim\u00e9e\" \/>\n\t<meta name=\"twitter:data1\" content=\"3 minutes\" \/>\n<script type=\"application\/ld+json\" class=\"yoast-schema-graph\">{\"@context\":\"https:\/\/schema.org\",\"@graph\":[{\"@type\":\"WebPage\",\"@id\":\"https:\/\/voltacademie.fr\/?page_id=245\",\"url\":\"https:\/\/voltacademie.fr\/?page_id=245\",\"name\":\"AIPR - Tous niveaux - VOLT Acad\u00e9mie\",\"isPartOf\":{\"@id\":\"https:\/\/voltacademie.fr\/#website\"},\"primaryImageOfPage\":{\"@id\":\"https:\/\/voltacademie.fr\/?page_id=245#primaryimage\"},\"image\":{\"@id\":\"https:\/\/voltacademie.fr\/?page_id=245#primaryimage\"},\"thumbnailUrl\":\"https:\/\/voltacademie.fr\/wp-content\/uploads\/2024\/10\/AIPR1.png\",\"datePublished\":\"2024-10-03T12:26:50+00:00\",\"dateModified\":\"2024-10-03T13:19:14+00:00\",\"description\":\"La certification AIPR se d\u00e9cline en trois niveaux : op\u00e9rateur, encadrant et concepteur. D\u00e9couvrez leurs r\u00f4les et obligations pour s\u00e9curiser les travaux \u00e0 proximit\u00e9 des r\u00e9seaux souterrains et a\u00e9riens. VOLT Acad\u00e9mie formations AIPR Op\u00e9rateur Encadrant Concepteur Pertuis Aix Paca Marseille Nice Frejus Toulon Nimes Avignon\",\"breadcrumb\":{\"@id\":\"https:\/\/voltacademie.fr\/?page_id=245#breadcrumb\"},\"inLanguage\":\"fr-FR\",\"potentialAction\":[{\"@type\":\"ReadAction\",\"target\":[\"https:\/\/voltacademie.fr\/?page_id=245\"]}]},{\"@type\":\"ImageObject\",\"inLanguage\":\"fr-FR\",\"@id\":\"https:\/\/voltacademie.fr\/?page_id=245#primaryimage\",\"url\":\"https:\/\/voltacademie.fr\/wp-content\/uploads\/2024\/10\/AIPR1.png\",\"contentUrl\":\"https:\/\/voltacademie.fr\/wp-content\/uploads\/2024\/10\/AIPR1.png\",\"width\":720,\"height\":235},{\"@type\":\"BreadcrumbList\",\"@id\":\"https:\/\/voltacademie.fr\/?page_id=245#breadcrumb\",\"itemListElement\":[{\"@type\":\"ListItem\",\"position\":1,\"name\":\"Accueil\",\"item\":\"https:\/\/voltacademie.fr\/\"},{\"@type\":\"ListItem\",\"position\":2,\"name\":\"AIPR &#8211; Tous niveaux\"}]},{\"@type\":\"WebSite\",\"@id\":\"https:\/\/voltacademie.fr\/#website\",\"url\":\"https:\/\/voltacademie.fr\/\",\"name\":\"VOLT Acad\u00e9mie\",\"description\":\"Centre de formation - S\u00e9curit\u00e9 Electricit\u00e9 IRVE Photovolta\u00efque AIPR Hablitations Electriques - Pertuis - Aix - Marseille - Nice - PACA\",\"publisher\":{\"@id\":\"https:\/\/voltacademie.fr\/#organization\"},\"potentialAction\":[{\"@type\":\"SearchAction\",\"target\":{\"@type\":\"EntryPoint\",\"urlTemplate\":\"https:\/\/voltacademie.fr\/?s={search_term_string}\"},\"query-input\":{\"@type\":\"PropertyValueSpecification\",\"valueRequired\":true,\"valueName\":\"search_term_string\"}}],\"inLanguage\":\"fr-FR\"},{\"@type\":\"Organization\",\"@id\":\"https:\/\/voltacademie.fr\/#organization\",\"name\":\"VOLT Acad\u00e9mie\",\"url\":\"https:\/\/voltacademie.fr\/\",\"logo\":{\"@type\":\"ImageObject\",\"inLanguage\":\"fr-FR\",\"@id\":\"https:\/\/voltacademie.fr\/#\/schema\/logo\/image\/\",\"url\":\"https:\/\/voltacademie.fr\/wp-content\/uploads\/2024\/06\/cropped-cropped-ySrmBZ4JSla_GJpKTBpLMg-1.webp\",\"contentUrl\":\"https:\/\/voltacademie.fr\/wp-content\/uploads\/2024\/06\/cropped-cropped-ySrmBZ4JSla_GJpKTBpLMg-1.webp\",\"width\":512,\"height\":384,\"caption\":\"VOLT Acad\u00e9mie\"},\"image\":{\"@id\":\"https:\/\/voltacademie.fr\/#\/schema\/logo\/image\/\"},\"sameAs\":[\"https:\/\/www.facebook.com\/IpFibreAcademie\",\"https:\/\/www.linkedin.com\/company\/ip-fibre-academie\/\"]}]}<\/script>\n<!-- \/ Yoast SEO plugin. -->","yoast_head_json":{"title":"AIPR - Tous niveaux - VOLT Acad\u00e9mie","description":"La certification AIPR se d\u00e9cline en trois niveaux : op\u00e9rateur, encadrant et concepteur. D\u00e9couvrez leurs r\u00f4les et obligations pour s\u00e9curiser les travaux \u00e0 proximit\u00e9 des r\u00e9seaux souterrains et a\u00e9riens. VOLT Acad\u00e9mie formations AIPR Op\u00e9rateur Encadrant Concepteur Pertuis Aix Paca Marseille Nice Frejus Toulon Nimes Avignon","robots":{"index":"index","follow":"follow","max-snippet":"max-snippet:-1","max-image-preview":"max-image-preview:large","max-video-preview":"max-video-preview:-1"},"canonical":"https:\/\/voltacademie.fr\/?page_id=245","og_locale":"fr_FR","og_type":"article","og_title":"AIPR - Tous niveaux - VOLT Acad\u00e9mie","og_description":"La certification AIPR se d\u00e9cline en trois niveaux : op\u00e9rateur, encadrant et concepteur. D\u00e9couvrez leurs r\u00f4les et obligations pour s\u00e9curiser les travaux \u00e0 proximit\u00e9 des r\u00e9seaux souterrains et a\u00e9riens. VOLT Acad\u00e9mie formations AIPR Op\u00e9rateur Encadrant Concepteur Pertuis Aix Paca Marseille Nice Frejus Toulon Nimes Avignon","og_url":"https:\/\/voltacademie.fr\/?page_id=245","og_site_name":"VOLT Acad\u00e9mie","article_publisher":"https:\/\/www.facebook.com\/IpFibreAcademie","article_modified_time":"2024-10-03T13:19:14+00:00","og_image":[{"url":"https:\/\/voltacademie.fr\/wp-content\/uploads\/2024\/10\/AIPR1.png","type":"","width":"","height":""}],"twitter_card":"summary_large_image","twitter_misc":{"Dur\u00e9e de lecture estim\u00e9e":"3 minutes"},"schema":{"@context":"https:\/\/schema.org","@graph":[{"@type":"WebPage","@id":"https:\/\/voltacademie.fr\/?page_id=245","url":"https:\/\/voltacademie.fr\/?page_id=245","name":"AIPR - Tous niveaux - VOLT Acad\u00e9mie","isPartOf":{"@id":"https:\/\/voltacademie.fr\/#website"},"primaryImageOfPage":{"@id":"https:\/\/voltacademie.fr\/?page_id=245#primaryimage"},"image":{"@id":"https:\/\/voltacademie.fr\/?page_id=245#primaryimage"},"thumbnailUrl":"https:\/\/voltacademie.fr\/wp-content\/uploads\/2024\/10\/AIPR1.png","datePublished":"2024-10-03T12:26:50+00:00","dateModified":"2024-10-03T13:19:14+00:00","description":"La certification AIPR se d\u00e9cline en trois niveaux : op\u00e9rateur, encadrant et concepteur. D\u00e9couvrez leurs r\u00f4les et obligations pour s\u00e9curiser les travaux \u00e0 proximit\u00e9 des r\u00e9seaux souterrains et a\u00e9riens. VOLT Acad\u00e9mie formations AIPR Op\u00e9rateur Encadrant Concepteur Pertuis Aix Paca Marseille Nice Frejus Toulon Nimes Avignon","breadcrumb":{"@id":"https:\/\/voltacademie.fr\/?page_id=245#breadcrumb"},"inLanguage":"fr-FR","potentialAction":[{"@type":"ReadAction","target":["https:\/\/voltacademie.fr\/?page_id=245"]}]},{"@type":"ImageObject","inLanguage":"fr-FR","@id":"https:\/\/voltacademie.fr\/?page_id=245#primaryimage","url":"https:\/\/voltacademie.fr\/wp-content\/uploads\/2024\/10\/AIPR1.png","contentUrl":"https:\/\/voltacademie.fr\/wp-content\/uploads\/2024\/10\/AIPR1.png","width":720,"height":235},{"@type":"BreadcrumbList","@id":"https:\/\/voltacademie.fr\/?page_id=245#breadcrumb","itemListElement":[{"@type":"ListItem","position":1,"name":"Accueil","item":"https:\/\/voltacademie.fr\/"},{"@type":"ListItem","position":2,"name":"AIPR &#8211; Tous niveaux"}]},{"@type":"WebSite","@id":"https:\/\/voltacademie.fr\/#website","url":"https:\/\/voltacademie.fr\/","name":"VOLT Acad\u00e9mie","description":"Centre de formation - S\u00e9curit\u00e9 Electricit\u00e9 IRVE Photovolta\u00efque AIPR Hablitations Electriques - Pertuis - Aix - Marseille - Nice - PACA","publisher":{"@id":"https:\/\/voltacademie.fr\/#organization"},"potentialAction":[{"@type":"SearchAction","target":{"@type":"EntryPoint","urlTemplate":"https:\/\/voltacademie.fr\/?s={search_term_string}"},"query-input":{"@type":"PropertyValueSpecification","valueRequired":true,"valueName":"search_term_string"}}],"inLanguage":"fr-FR"},{"@type":"Organization","@id":"https:\/\/voltacademie.fr\/#organization","name":"VOLT Acad\u00e9mie","url":"https:\/\/voltacademie.fr\/","logo":{"@type":"ImageObject","inLanguage":"fr-FR","@id":"https:\/\/voltacademie.fr\/#\/schema\/logo\/image\/","url":"https:\/\/voltacademie.fr\/wp-content\/uploads\/2024\/06\/cropped-cropped-ySrmBZ4JSla_GJpKTBpLMg-1.webp","contentUrl":"https:\/\/voltacademie.fr\/wp-content\/uploads\/2024\/06\/cropped-cropped-ySrmBZ4JSla_GJpKTBpLMg-1.webp","width":512,"height":384,"caption":"VOLT Acad\u00e9mie"},"image":{"@id":"https:\/\/voltacademie.fr\/#\/schema\/logo\/image\/"},"sameAs":["https:\/\/www.facebook.com\/IpFibreAcademie","https:\/\/www.linkedin.com\/company\/ip-fibre-academie\/"]}]}},"_links":{"self":[{"href":"https:\/\/voltacademie.fr\/index.php?rest_route=\/wp\/v2\/pages\/245","targetHints":{"allow":["GET"]}}],"collection":[{"href":"https:\/\/voltacademie.fr\/index.php?rest_route=\/wp\/v2\/pages"}],"about":[{"href":"https:\/\/voltacademie.fr\/index.php?rest_route=\/wp\/v2\/types\/page"}],"author":[{"embeddable":true,"href":"https:\/\/voltacademie.fr\/index.php?rest_route=\/wp\/v2\/users\/1"}],"replies":[{"embeddable":true,"href":"https:\/\/voltacademie.fr\/index.php?rest_route=%2Fwp%2Fv2%2Fcomments&post=245"}],"version-history":[{"count":3,"href":"https:\/\/voltacademie.fr\/index.php?rest_route=\/wp\/v2\/pages\/245\/revisions"}],"predecessor-version":[{"id":263,"href":"https:\/\/voltacademie.fr\/index.php?rest_route=\/wp\/v2\/pages\/245\/revisions\/263"}],"wp:attachment":[{"href":"https:\/\/voltacademie.fr\/index.php?rest_route=%2Fwp%2Fv2%2Fmedia&parent=245"}],"curies":[{"name":"wp","href":"https:\/\/api.w.org\/{rel}","templated":true}]}}