{"id":221,"date":"2024-06-21T09:20:33","date_gmt":"2024-06-21T07:20:33","guid":{"rendered":"https:\/\/voltacademie.fr\/?page_id=221"},"modified":"2025-01-04T11:26:56","modified_gmt":"2025-01-04T10:26:56","slug":"habilitation-electrique-br-bp-br-photovoltaique-paca","status":"publish","type":"page","link":"https:\/\/voltacademie.fr\/?page_id=221","title":{"rendered":"H0V B2V BP\/BR Photovolta\u00efque"},"content":{"rendered":"\n<figure class=\"wp-block-image aligncenter size-full is-resized\"><img loading=\"lazy\" decoding=\"async\" width=\"2560\" height=\"1920\" src=\"https:\/\/voltacademie.fr\/wp-content\/uploads\/2024\/06\/1000027704-scaled.jpg\" alt=\"\" class=\"wp-image-223\" style=\"width:602px;height:auto\" srcset=\"https:\/\/voltacademie.fr\/wp-content\/uploads\/2024\/06\/1000027704-scaled.jpg 2560w, https:\/\/voltacademie.fr\/wp-content\/uploads\/2024\/06\/1000027704-300x225.jpg 300w, https:\/\/voltacademie.fr\/wp-content\/uploads\/2024\/06\/1000027704-1024x768.jpg 1024w, https:\/\/voltacademie.fr\/wp-content\/uploads\/2024\/06\/1000027704-768x576.jpg 768w, https:\/\/voltacademie.fr\/wp-content\/uploads\/2024\/06\/1000027704-1536x1152.jpg 1536w, https:\/\/voltacademie.fr\/wp-content\/uploads\/2024\/06\/1000027704-2048x1536.jpg 2048w\" sizes=\"auto, (max-width: 2560px) 100vw, 2560px\" \/><\/figure>\n\n\n\n<h2 class=\"wp-block-heading has-text-align-center\">Habilitation Electrique H0V B2V BP \/ BR Photovolta\u00efque (BR BP)<\/h2>\n\n\n\n<h2 class=\"wp-block-heading has-large-font-size\">Public concern\u00e9 ?<\/h2>\n\n\n\n<p>Tous les collaborateurs charg\u00e9s d\u2019assurer des op\u00e9rations d\u2019ordre \u00e9lectrique, travaux, d\u00e9pannages, essais, mesures ou autres op\u00e9rations sur des installations \u00e9lectriques photovolta\u00efques en basse tension et au voisinage de la haute tension.<\/p>\n\n\n\n<h2 class=\"wp-block-heading has-large-font-size\">Pr\u00e9requis ?<\/h2>\n\n\n\n<p class=\"has-text-align-left\">Il est conseill\u00e9 de maitriser la langue fran\u00e7aise.<\/p>\n\n\n\n<p class=\"has-text-align-left\">Avoir des comp\u00e9tences en \u00e9lectricit\u00e9 r\u00e9sultant d\u2019une formation ou d\u2019une pratique professionnelle dans le domaine de tension consid\u00e9r\u00e9 (BT) sur les ouvrages ou les installations \u00e9lectriques pour l\u2019habilitation BR Photovolta\u00efque.<\/p>\n\n\n\n<h2 class=\"wp-block-heading has-large-font-size\">Objectifs<\/h2>\n\n\n\n<ul class=\"wp-block-list\">\n<li>Identifier la r\u00e9glementation en mati\u00e8re d&rsquo;instructions, des consignes de s\u00e9curit\u00e9 \u00e9lectrique et des risques pr\u00e9sent\u00e9s par le courant \u00e9lectrique,<\/li>\n\n\n\n<li>Appliquer les consignes de s\u00e9curit\u00e9 \u00e9lectrique dans un environnement \u00e9lectrique,<\/li>\n\n\n\n<li>Identifier la r\u00e9glementation en mati\u00e8re d&rsquo;instructions de s\u00e9curit\u00e9 \u00e9lectrique et des risques pr\u00e9sent\u00e9s par les installations et \u00e9quipements BT d&rsquo;une cha\u00eene photovolta\u00efque. Appliquer les consignes de s\u00e9curit\u00e9 en BT li\u00e9es aux interventions g\u00e9n\u00e9rales effectu\u00e9es sur des installations photovolta\u00efques.<\/li>\n<\/ul>\n\n\n\n<h2 class=\"wp-block-heading has-large-font-size\">Base r\u00e9glementaire<\/h2>\n\n\n\n<ul class=\"wp-block-list\">\n<li>D\u00e9cret n\u00b02010-1118 du 22 septembre 2010<\/li>\n\n\n\n<li>Articles R4544-9 et R4544-10 du code dutravail<\/li>\n\n\n\n<li>NORME NFC18-510 (Janvier 2012)<\/li>\n\n\n\n<li>Documents INRS (ED6127 et ED6187)<\/li>\n<\/ul>\n\n\n\n<h2 class=\"wp-block-heading has-large-font-size\">M\u00e9thodes p\u00e9dagogiques<\/h2>\n\n\n\n<p>Les apports th\u00e9oriques sont \u00e9tay\u00e9s par des mises en pratique.<\/p>\n\n\n\n<p>La m\u00e9thode participative est privil\u00e9gi\u00e9e pour permettre aux participants d\u2019\u00e9changer sur leurs pratiques professionnelles et partager leurs exp\u00e9riences propres.<\/p>\n\n\n\n<h2 class=\"wp-block-heading has-large-font-size\">Moyens p\u00e9dagogiques<\/h2>\n\n\n\n<p>Les apports th\u00e9oriques sont \u00e9tay\u00e9s par des mises en pratique. La m\u00e9thode participative est privil\u00e9gi\u00e9e pour permettre aux participants d\u2019\u00e9changer sur leurs pratiques professionnelles et partager leurs exp\u00e9riences propres.<\/p>\n\n\n\n<p>La formation est conduite dans une salle \u00e9quip\u00e9e d\u2019un vid\u00e9oprojecteur ou d\u2019un \u00e9cran adapt\u00e9, et de supports pour cours (tableau, story-board).<\/p>\n\n\n\n<p>Des maquettes p\u00e9dagogiques sont utilis\u00e9s en support de mise en pratique de la norme NFC15-100.<\/p>\n\n\n\n<p>Des maquettes p\u00e9dagogiques sont mises \u00e0 disposition pour les apports pratiques.<\/p>\n\n\n\n<p>Des \u00e9quipements de protection individuelle sont mis \u00e0 disposition des participants (tapis, VAT, gant, \u00e9cran facial, cadenas, macaron, etc\u2026). Plusieurs centrales photovolta\u00efques (en service et hors service) sont pr\u00e9sentes sur notre plateforme p\u00e9dagogique, pour la partie pratique.<\/p>\n\n\n\n<h2 class=\"wp-block-heading has-large-font-size\">Programme et contenu des comp\u00e9tences socles<\/h2>\n\n\n\n<p><strong><u>Programme<\/u><\/strong><\/p>\n\n\n\n<ul class=\"wp-block-list\">\n<li><strong>Statistiques et r\u00e9glementation<\/strong>\n<ul class=\"wp-block-list\">\n<li>Les statistiques des Accidents du Travail d\u2019origine \u00e9lectrique<\/li>\n\n\n\n<li>Les dispositions r\u00e9glementaires<\/li>\n<\/ul>\n<\/li>\n\n\n\n<li><strong>Pr\u00e9vention des risques<\/strong>\n<ul class=\"wp-block-list\">\n<li>Les processus menant \u00e0 l\u2019AT et \u00e0 la MP<\/li>\n\n\n\n<li>Les risques et sanctions li\u00e9s \u00e0 la prise de substances<\/li>\n\n\n\n<li>Les partenaires de la pr\u00e9vention et leur r\u00f4le<\/li>\n<\/ul>\n<\/li>\n\n\n\n<li><strong>Pr\u00e9vention des risques \u00e9lectriques<\/strong>\n<ul class=\"wp-block-list\">\n<li>Les notions \u00e9l\u00e9mentaires en \u00e9lectricit\u00e9<\/li>\n\n\n\n<li>Les dangers du courant \u00e9lectrique<\/li>\n\n\n\n<li>Les effets du choc \u00e9lectrique<\/li>\n\n\n\n<li>Les soins aux \u00e9lectris\u00e9s<\/li>\n\n\n\n<li>Les incendies sur les ouvrages \u00e9lectriques<\/li>\n\n\n\n<li>La pr\u00e9vention et la protection<\/li>\n<\/ul>\n<\/li>\n\n\n\n<li><strong>Habilitation<\/strong>\n<ul class=\"wp-block-list\">\n<li>L\u2019habilitation<\/li>\n\n\n\n<li>Le titre d\u2019habilitation<\/li>\n\n\n\n<li>Les d\u00e9finitions relatives aux op\u00e9rations<\/li>\n\n\n\n<li>Les domaines de tension<\/li>\n\n\n\n<li>Les distances et les zones<\/li>\n\n\n\n<li>Les r\u00e8gles de s\u00e9curit\u00e9<\/li>\n\n\n\n<li>La consignation et la d\u00e9consignation<\/li>\n\n\n\n<li>La mise hors tension<\/li>\n\n\n\n<li>Les sch\u00e9mas de liaison \u00e0 la terre<\/li>\n<\/ul>\n<\/li>\n\n\n\n<li><strong>Photovolta\u00efque<\/strong>\n<ul class=\"wp-block-list\">\n<li>L\u2019effet photovolta\u00efque<\/li>\n<\/ul>\n<\/li>\n\n\n\n<li><strong>BP<\/strong>\n<ul class=\"wp-block-list\">\n<li>Identification des installations de l\u2019entreprise<\/li>\n\n\n\n<li>Description du mat\u00e9riel \u00e9lectrique d\u2019une cha\u00eene photovolta\u00efque<\/li>\n\n\n\n<li>Evaluation et mise en situation dans le r\u00f4le de BP<\/li>\n\n\n\n<li>Appliquer les prescriptions de s\u00e9curit\u00e9<\/li>\n\n\n\n<li>Analyser les risques pour une situation donn\u00e9e<\/li>\n\n\n\n<li>Mettre en \u0153uvre les mesures de pr\u00e9vention applicables \u00e0 la pose de modules<\/li>\n\n\n\n<li>R\u00e9aliser l\u2019interconnexion des modules entre eux<\/li>\n<\/ul>\n<\/li>\n\n\n\n<li><strong>BR<\/strong>\n<ul class=\"wp-block-list\">\n<li>Mesures de pr\u00e9vention \u00e0 appliquer lors d\u2019une intervention BT g\u00e9n\u00e9rale et sp\u00e9cifique photovolta\u00efque<\/li>\n\n\n\n<li>Etapes d\u2019une consignation pour intervention BT g\u00e9n\u00e9rale et sp\u00e9cifique photovolta\u00efque<\/li>\n\n\n\n<li>Evaluation et mise en situation dans le r\u00f4le de charg\u00e9 d\u2019intervention BR, appliqu\u00e9es aux \u00e9quipements et installations photovolta\u00efques<\/li>\n\n\n\n<li>Organiser, d\u00e9limiter et signaler la zone d\u2019intervention<\/li>\n<\/ul>\n<\/li>\n\n\n\n<li><strong>QCM<\/strong><\/li>\n<\/ul>\n\n\n\n<h2 class=\"wp-block-heading has-large-font-size\">Conditions de r\u00e9ussite<\/h2>\n\n\n\n<p>Les apports th\u00e9oriques et pratiques sont consid\u00e9r\u00e9s comme acquis sous r\u00e9serve :<\/p>\n\n\n\n<ul class=\"wp-block-list\">\n<li>D\u2019avoir suivi l&rsquo;int\u00e9gralit\u00e9 de la formation,<\/li>\n\n\n\n<li>D\u2019avoir obtenu un r\u00e9sultat satisfaisant au QCM,<\/li>\n\n\n\n<li>D\u2019avoir r\u00e9ussi les \u00e9preuves de mises en pratique.<\/li>\n<\/ul>\n\n\n\n<h2 class=\"wp-block-heading has-large-font-size\">Modalit\u00e9s d&rsquo;\u00e9valuation<\/h2>\n\n\n\n<p>Th\u00e9oriques : Questionnaires \u00e0 choix multiples (QCM).<\/p>\n\n\n\n<p>Pratiques<\/p>\n\n\n\n<h2 class=\"wp-block-heading has-large-font-size\">Dur\u00e9e de la formation<\/h2>\n\n\n\n<p class=\"has-text-align-center\">Formation initiale : 2 jours &#8211; 14 heures<\/p>\n\n\n\n<p class=\"has-text-align-center\">ou recyclage : 1 jour &#8211; 7 heures<\/p>\n\n\n\n<h2 class=\"wp-block-heading has-large-font-size\">Co\u00fbt p\u00e9dagogique<\/h2>\n\n\n\n<p>En session inter-entreprises : 450\u20ac par stagiaire en initial &#8211; 350\u20ac par stagiaire en recyclage<\/p>\n\n\n\n<p>En session intra-entreprises : nous contacter<\/p>\n\n\n\n<div class=\"wp-block-buttons is-content-justification-center is-layout-flex wp-container-core-buttons-is-layout-a89b3969 wp-block-buttons-is-layout-flex\">\n<div class=\"wp-block-button\"><a class=\"wp-block-button__link has-text-align-center wp-element-button\" href=\"https:\/\/voltacademie.fr\/?page_id=136\">Contactez-nous !<\/a><\/div>\n<\/div>\n\n\n\n<div data-wp-interactive=\"core\/file\" class=\"wp-block-file aligncenter\"><object data-wp-bind--hidden=\"!state.hasPdfPreview\" hidden class=\"wp-block-file__embed\" data=\"https:\/\/voltacademie.fr\/wp-content\/uploads\/2024\/10\/Fiche-formation-H0V-B2V-BP-BR-PHOTO-VOLT-1.pdf\" type=\"application\/pdf\" style=\"width:100%;height:600px\" aria-label=\"Contenu embarqu\u00e9 Fiche formation H0V B2V BP BR PHOTO VOLT.\"><\/object><a id=\"wp-block-file--media-659df6f3-01f5-4808-95c8-ba0db77a0021\" href=\"https:\/\/voltacademie.fr\/wp-content\/uploads\/2024\/10\/Fiche-formation-H0V-B2V-BP-BR-PHOTO-VOLT-1.pdf\">Fiche formation H0V B2V BP BR PHOTO VOLT<\/a><a href=\"https:\/\/voltacademie.fr\/wp-content\/uploads\/2024\/10\/Fiche-formation-H0V-B2V-BP-BR-PHOTO-VOLT-1.pdf\" class=\"wp-block-file__button wp-element-button\" download aria-describedby=\"wp-block-file--media-659df6f3-01f5-4808-95c8-ba0db77a0021\">T\u00e9l\u00e9charger<\/a><\/div>\n","protected":false},"excerpt":{"rendered":"<p>Habilitation Electrique H0V B2V BP \/ BR Photovolta\u00efque (BR BP) Public concern\u00e9 ? Tous les collaborateurs charg\u00e9s d\u2019assurer des op\u00e9rations d\u2019ordre \u00e9lectrique, travaux, d\u00e9pannages, essais, mesures ou autres op\u00e9rations sur des installations \u00e9lectriques photovolta\u00efques en basse tension et au voisinage de la haute tension. Pr\u00e9requis ? Il est conseill\u00e9 de maitriser la langue fran\u00e7aise. Avoir [&hellip;]<\/p>\n","protected":false},"author":1,"featured_media":0,"parent":0,"menu_order":0,"comment_status":"closed","ping_status":"closed","template":"","meta":{"footnotes":""},"class_list":["post-221","page","type-page","status-publish","hentry"],"blocksy_meta":[],"yoast_head":"<!-- This site is optimized with the Yoast SEO plugin v27.1.1 - https:\/\/yoast.com\/product\/yoast-seo-wordpress\/ -->\n<title>Habilitation Electrique BR BP - BR Photovolta\u00efque - PACA<\/title>\n<meta name=\"description\" content=\"Habilitation Electrique BR BP - BR Photovolta\u00efque - PACA - Aix Marseille Nice Cannes Toulon Avignon Cavaillon Pertuis Antibes Sophia Antipolis Nimes Montpellier\" \/>\n<meta name=\"robots\" content=\"index, follow, max-snippet:-1, max-image-preview:large, max-video-preview:-1\" \/>\n<link rel=\"canonical\" href=\"https:\/\/voltacademie.fr\/?page_id=221\" \/>\n<meta property=\"og:locale\" content=\"fr_FR\" \/>\n<meta property=\"og:type\" content=\"article\" \/>\n<meta property=\"og:title\" content=\"Habilitation Electrique BR BP - BR Photovolta\u00efque - PACA\" \/>\n<meta property=\"og:description\" content=\"Habilitation Electrique BR BP - BR Photovolta\u00efque - PACA - Aix Marseille Nice Cannes Toulon Avignon Cavaillon Pertuis Antibes Sophia Antipolis Nimes Montpellier\" \/>\n<meta property=\"og:url\" content=\"https:\/\/voltacademie.fr\/?page_id=221\" \/>\n<meta property=\"og:site_name\" content=\"VOLT Acad\u00e9mie\" \/>\n<meta property=\"article:publisher\" content=\"https:\/\/www.facebook.com\/IpFibreAcademie\" \/>\n<meta property=\"article:modified_time\" content=\"2025-01-04T10:26:56+00:00\" \/>\n<meta property=\"og:image\" content=\"https:\/\/voltacademie.fr\/wp-content\/uploads\/2024\/06\/1000027704-scaled.jpg\" \/>\n\t<meta property=\"og:image:width\" content=\"2560\" \/>\n\t<meta property=\"og:image:height\" content=\"1920\" \/>\n\t<meta property=\"og:image:type\" content=\"image\/jpeg\" \/>\n<meta name=\"twitter:card\" content=\"summary_large_image\" \/>\n<meta name=\"twitter:label1\" content=\"Dur\u00e9e de lecture estim\u00e9e\" \/>\n\t<meta name=\"twitter:data1\" content=\"4 minutes\" \/>\n<script type=\"application\/ld+json\" class=\"yoast-schema-graph\">{\"@context\":\"https:\/\/schema.org\",\"@graph\":[{\"@type\":\"WebPage\",\"@id\":\"https:\/\/voltacademie.fr\/?page_id=221\",\"url\":\"https:\/\/voltacademie.fr\/?page_id=221\",\"name\":\"Habilitation Electrique BR BP - BR Photovolta\u00efque - PACA\",\"isPartOf\":{\"@id\":\"https:\/\/voltacademie.fr\/#website\"},\"primaryImageOfPage\":{\"@id\":\"https:\/\/voltacademie.fr\/?page_id=221#primaryimage\"},\"image\":{\"@id\":\"https:\/\/voltacademie.fr\/?page_id=221#primaryimage\"},\"thumbnailUrl\":\"https:\/\/voltacademie.fr\/wp-content\/uploads\/2024\/06\/1000027704-scaled.jpg\",\"datePublished\":\"2024-06-21T07:20:33+00:00\",\"dateModified\":\"2025-01-04T10:26:56+00:00\",\"description\":\"Habilitation Electrique BR BP - BR Photovolta\u00efque - PACA - Aix Marseille Nice Cannes Toulon Avignon Cavaillon Pertuis Antibes Sophia Antipolis Nimes Montpellier\",\"breadcrumb\":{\"@id\":\"https:\/\/voltacademie.fr\/?page_id=221#breadcrumb\"},\"inLanguage\":\"fr-FR\",\"potentialAction\":[{\"@type\":\"ReadAction\",\"target\":[\"https:\/\/voltacademie.fr\/?page_id=221\"]}]},{\"@type\":\"ImageObject\",\"inLanguage\":\"fr-FR\",\"@id\":\"https:\/\/voltacademie.fr\/?page_id=221#primaryimage\",\"url\":\"https:\/\/voltacademie.fr\/wp-content\/uploads\/2024\/06\/1000027704-scaled.jpg\",\"contentUrl\":\"https:\/\/voltacademie.fr\/wp-content\/uploads\/2024\/06\/1000027704-scaled.jpg\",\"width\":2560,\"height\":1920},{\"@type\":\"BreadcrumbList\",\"@id\":\"https:\/\/voltacademie.fr\/?page_id=221#breadcrumb\",\"itemListElement\":[{\"@type\":\"ListItem\",\"position\":1,\"name\":\"Accueil\",\"item\":\"https:\/\/voltacademie.fr\/\"},{\"@type\":\"ListItem\",\"position\":2,\"name\":\"H0V B2V BP\/BR Photovolta\u00efque\"}]},{\"@type\":\"WebSite\",\"@id\":\"https:\/\/voltacademie.fr\/#website\",\"url\":\"https:\/\/voltacademie.fr\/\",\"name\":\"VOLT Acad\u00e9mie\",\"description\":\"Centre de formation - S\u00e9curit\u00e9 Electricit\u00e9 IRVE Photovolta\u00efque AIPR Hablitations Electriques - Pertuis - Aix - Marseille - Nice - PACA\",\"publisher\":{\"@id\":\"https:\/\/voltacademie.fr\/#organization\"},\"potentialAction\":[{\"@type\":\"SearchAction\",\"target\":{\"@type\":\"EntryPoint\",\"urlTemplate\":\"https:\/\/voltacademie.fr\/?s={search_term_string}\"},\"query-input\":{\"@type\":\"PropertyValueSpecification\",\"valueRequired\":true,\"valueName\":\"search_term_string\"}}],\"inLanguage\":\"fr-FR\"},{\"@type\":\"Organization\",\"@id\":\"https:\/\/voltacademie.fr\/#organization\",\"name\":\"VOLT Acad\u00e9mie\",\"url\":\"https:\/\/voltacademie.fr\/\",\"logo\":{\"@type\":\"ImageObject\",\"inLanguage\":\"fr-FR\",\"@id\":\"https:\/\/voltacademie.fr\/#\/schema\/logo\/image\/\",\"url\":\"https:\/\/voltacademie.fr\/wp-content\/uploads\/2024\/06\/cropped-cropped-ySrmBZ4JSla_GJpKTBpLMg-1.webp\",\"contentUrl\":\"https:\/\/voltacademie.fr\/wp-content\/uploads\/2024\/06\/cropped-cropped-ySrmBZ4JSla_GJpKTBpLMg-1.webp\",\"width\":512,\"height\":384,\"caption\":\"VOLT Acad\u00e9mie\"},\"image\":{\"@id\":\"https:\/\/voltacademie.fr\/#\/schema\/logo\/image\/\"},\"sameAs\":[\"https:\/\/www.facebook.com\/IpFibreAcademie\",\"https:\/\/www.linkedin.com\/company\/ip-fibre-academie\/\"]}]}<\/script>\n<!-- \/ Yoast SEO plugin. -->","yoast_head_json":{"title":"Habilitation Electrique BR BP - BR Photovolta\u00efque - PACA","description":"Habilitation Electrique BR BP - BR Photovolta\u00efque - PACA - Aix Marseille Nice Cannes Toulon Avignon Cavaillon Pertuis Antibes Sophia Antipolis Nimes Montpellier","robots":{"index":"index","follow":"follow","max-snippet":"max-snippet:-1","max-image-preview":"max-image-preview:large","max-video-preview":"max-video-preview:-1"},"canonical":"https:\/\/voltacademie.fr\/?page_id=221","og_locale":"fr_FR","og_type":"article","og_title":"Habilitation Electrique BR BP - BR Photovolta\u00efque - PACA","og_description":"Habilitation Electrique BR BP - BR Photovolta\u00efque - PACA - Aix Marseille Nice Cannes Toulon Avignon Cavaillon Pertuis Antibes Sophia Antipolis Nimes Montpellier","og_url":"https:\/\/voltacademie.fr\/?page_id=221","og_site_name":"VOLT Acad\u00e9mie","article_publisher":"https:\/\/www.facebook.com\/IpFibreAcademie","article_modified_time":"2025-01-04T10:26:56+00:00","og_image":[{"width":2560,"height":1920,"url":"https:\/\/voltacademie.fr\/wp-content\/uploads\/2024\/06\/1000027704-scaled.jpg","type":"image\/jpeg"}],"twitter_card":"summary_large_image","twitter_misc":{"Dur\u00e9e de lecture estim\u00e9e":"4 minutes"},"schema":{"@context":"https:\/\/schema.org","@graph":[{"@type":"WebPage","@id":"https:\/\/voltacademie.fr\/?page_id=221","url":"https:\/\/voltacademie.fr\/?page_id=221","name":"Habilitation Electrique BR BP - BR Photovolta\u00efque - PACA","isPartOf":{"@id":"https:\/\/voltacademie.fr\/#website"},"primaryImageOfPage":{"@id":"https:\/\/voltacademie.fr\/?page_id=221#primaryimage"},"image":{"@id":"https:\/\/voltacademie.fr\/?page_id=221#primaryimage"},"thumbnailUrl":"https:\/\/voltacademie.fr\/wp-content\/uploads\/2024\/06\/1000027704-scaled.jpg","datePublished":"2024-06-21T07:20:33+00:00","dateModified":"2025-01-04T10:26:56+00:00","description":"Habilitation Electrique BR BP - BR Photovolta\u00efque - PACA - Aix Marseille Nice Cannes Toulon Avignon Cavaillon Pertuis Antibes Sophia Antipolis Nimes Montpellier","breadcrumb":{"@id":"https:\/\/voltacademie.fr\/?page_id=221#breadcrumb"},"inLanguage":"fr-FR","potentialAction":[{"@type":"ReadAction","target":["https:\/\/voltacademie.fr\/?page_id=221"]}]},{"@type":"ImageObject","inLanguage":"fr-FR","@id":"https:\/\/voltacademie.fr\/?page_id=221#primaryimage","url":"https:\/\/voltacademie.fr\/wp-content\/uploads\/2024\/06\/1000027704-scaled.jpg","contentUrl":"https:\/\/voltacademie.fr\/wp-content\/uploads\/2024\/06\/1000027704-scaled.jpg","width":2560,"height":1920},{"@type":"BreadcrumbList","@id":"https:\/\/voltacademie.fr\/?page_id=221#breadcrumb","itemListElement":[{"@type":"ListItem","position":1,"name":"Accueil","item":"https:\/\/voltacademie.fr\/"},{"@type":"ListItem","position":2,"name":"H0V B2V BP\/BR Photovolta\u00efque"}]},{"@type":"WebSite","@id":"https:\/\/voltacademie.fr\/#website","url":"https:\/\/voltacademie.fr\/","name":"VOLT Acad\u00e9mie","description":"Centre de formation - S\u00e9curit\u00e9 Electricit\u00e9 IRVE Photovolta\u00efque AIPR Hablitations Electriques - Pertuis - Aix - Marseille - Nice - PACA","publisher":{"@id":"https:\/\/voltacademie.fr\/#organization"},"potentialAction":[{"@type":"SearchAction","target":{"@type":"EntryPoint","urlTemplate":"https:\/\/voltacademie.fr\/?s={search_term_string}"},"query-input":{"@type":"PropertyValueSpecification","valueRequired":true,"valueName":"search_term_string"}}],"inLanguage":"fr-FR"},{"@type":"Organization","@id":"https:\/\/voltacademie.fr\/#organization","name":"VOLT Acad\u00e9mie","url":"https:\/\/voltacademie.fr\/","logo":{"@type":"ImageObject","inLanguage":"fr-FR","@id":"https:\/\/voltacademie.fr\/#\/schema\/logo\/image\/","url":"https:\/\/voltacademie.fr\/wp-content\/uploads\/2024\/06\/cropped-cropped-ySrmBZ4JSla_GJpKTBpLMg-1.webp","contentUrl":"https:\/\/voltacademie.fr\/wp-content\/uploads\/2024\/06\/cropped-cropped-ySrmBZ4JSla_GJpKTBpLMg-1.webp","width":512,"height":384,"caption":"VOLT Acad\u00e9mie"},"image":{"@id":"https:\/\/voltacademie.fr\/#\/schema\/logo\/image\/"},"sameAs":["https:\/\/www.facebook.com\/IpFibreAcademie","https:\/\/www.linkedin.com\/company\/ip-fibre-academie\/"]}]}},"_links":{"self":[{"href":"https:\/\/voltacademie.fr\/index.php?rest_route=\/wp\/v2\/pages\/221","targetHints":{"allow":["GET"]}}],"collection":[{"href":"https:\/\/voltacademie.fr\/index.php?rest_route=\/wp\/v2\/pages"}],"about":[{"href":"https:\/\/voltacademie.fr\/index.php?rest_route=\/wp\/v2\/types\/page"}],"author":[{"embeddable":true,"href":"https:\/\/voltacademie.fr\/index.php?rest_route=\/wp\/v2\/users\/1"}],"replies":[{"embeddable":true,"href":"https:\/\/voltacademie.fr\/index.php?rest_route=%2Fwp%2Fv2%2Fcomments&post=221"}],"version-history":[{"count":5,"href":"https:\/\/voltacademie.fr\/index.php?rest_route=\/wp\/v2\/pages\/221\/revisions"}],"predecessor-version":[{"id":333,"href":"https:\/\/voltacademie.fr\/index.php?rest_route=\/wp\/v2\/pages\/221\/revisions\/333"}],"wp:attachment":[{"href":"https:\/\/voltacademie.fr\/index.php?rest_route=%2Fwp%2Fv2%2Fmedia&parent=221"}],"curies":[{"name":"wp","href":"https:\/\/api.w.org\/{rel}","templated":true}]}}