{"id":215,"date":"2024-06-19T19:03:46","date_gmt":"2024-06-19T17:03:46","guid":{"rendered":"https:\/\/voltacademie.fr\/?page_id=215"},"modified":"2025-01-04T11:24:50","modified_gmt":"2025-01-04T10:24:50","slug":"h0v-b2v-br-bc","status":"publish","type":"page","link":"https:\/\/voltacademie.fr\/?page_id=215","title":{"rendered":"H0V B2V BR BC"},"content":{"rendered":"\n<figure class=\"wp-block-image aligncenter size-full\"><img loading=\"lazy\" decoding=\"async\" width=\"399\" height=\"490\" src=\"https:\/\/voltacademie.fr\/wp-content\/uploads\/2024\/06\/electrons.gif\" alt=\"\" class=\"wp-image-216\"\/><\/figure>\n\n\n\n<h2 class=\"wp-block-heading has-text-align-center\">Habilitation Electrique H0V B2V BR BC<\/h2>\n\n\n\n<h2 class=\"wp-block-heading has-large-font-size\">Public concern\u00e9 ?<\/h2>\n\n\n\n<p>Tous les collaborateurs charg\u00e9s d\u2019assurer des op\u00e9rations d\u2019ordre \u00e9lectrique, travaux, d\u00e9pannages, essais, mesures ou autres op\u00e9rations sur des installations \u00e9lectriques en basse tension et au voisinage de la haute tension.<\/p>\n\n\n\n<p>Personnel \u00e9lectricien &#8211; Charg\u00e9 d&rsquo;intervention &#8211; Charg\u00e9 de travaux &#8211; Charg\u00e9 de consignation<\/p>\n\n\n\n<p>Une personne habilit\u00e9e <strong>B2<\/strong> assure la direction effective des travaux et prend les mesures n\u00e9cessaires pour assurer sa propre s\u00e9curit\u00e9 et celle du personnel plac\u00e9 sous ses ordres. Elle doit veiller \u00e0 l&rsquo;application de ces mesures. Elle peut recevoir une attestation de consignation et la signer. Cette habilitation entra\u00eene celles d&rsquo;indice 0 et d&rsquo;indice 1. <\/p>\n\n\n\n<p>Une personne habilit\u00e9e <strong>B2V <\/strong>peut effectuer les m\u00eames t\u00e2ches au voisinage de pi\u00e8ces nues sous tension.<\/p>\n\n\n\n<p>Une personne habilit\u00e9e <strong>BR <\/strong>assure des interventions (d\u00e9pannage, connexion avec pr\u00e9sence de tension, essais et mesurages). Elle peut travailler seule ou avoir des \u00e9lectriciens sous ses ordres. Elle peut consigner une partie d&rsquo;installation pour son propre compte ou pour un tiers sous ses ordres. Elle peut recevoir une attestation de consignation et la signer. Cette habilitation entra\u00eene celle d&rsquo;indice 0 et d&rsquo;indice 1.<\/p>\n\n\n\n<p>Une personne habilit\u00e9e <strong>BC <\/strong>effectue ou fait effectuer la consignation \u00e9lectrique et prend les mesures de s\u00e9curit\u00e9 correspondante. Elle doit avoir l&rsquo;accord du charg\u00e9 d&rsquo;exploitation ou du chef d&rsquo;\u00e9tablissement. Elle ex\u00e9cute soit les quatre \u00e9tapes de la consignation, soit seulement les deux premi\u00e8res. Cette seule habilitation \u00e9lectrique ne permet pas d&rsquo;exercer les fonctions de surveillant de s\u00e9curit\u00e9 \u00e9lectrique.<\/p>\n\n\n\n<h2 class=\"wp-block-heading has-large-font-size\">Pr\u00e9requis ?<\/h2>\n\n\n\n<p class=\"has-text-align-center\">Avoir des comp\u00e9tences en \u00e9lectricit\u00e9 r\u00e9sultant d\u2019une formation ou d\u2019une pratique professionnelle dans le domaine de tension consid\u00e9r\u00e9 (BT) sur les ouvrages ou les installations \u00e9lectriques.<\/p>\n\n\n\n<h2 class=\"wp-block-heading has-large-font-size\">Objectifs<\/h2>\n\n\n\n<p class=\"has-text-align-center\">Cette formation vise \u00e0 faire habiliter par l\u2019employeur les collaborateurs \u00e9lectriciens dont les taches reposent sur la r\u00e9alisation de travaux d\u2019ordre \u00e9lectrique sur des installations ou ouvrages \u00e9lectriques en basse tension.<\/p>\n\n\n\n<p class=\"has-text-align-center has-medium-font-size\">\u00c0 l\u2019issue de la formation, les participants seront en mesure :<\/p>\n\n\n\n<ul class=\"wp-block-list\">\n<li>Respecter les consignes de la norme NFC 18510,<\/li>\n\n\n\n<li>Intervenir en toute s\u00e9curit\u00e9 sur des installations \u00e9lectriques,<\/li>\n\n\n\n<li>Pr\u00e9venir les risques li\u00e9s aux op\u00e9rations d\u2019ordre \u00e9lectrique,<\/li>\n\n\n\n<li>Proc\u00e9der \u00e0 des consignations.<\/li>\n<\/ul>\n\n\n\n<h2 class=\"wp-block-heading has-large-font-size\">Base r\u00e9glementaire<\/h2>\n\n\n\n<ul class=\"wp-block-list\">\n<li>D\u00e9cret n\u00b02010-1118 du 22 septembre 2010<\/li>\n\n\n\n<li>Articles R4544-9 et R4544-10 du code dutravail<\/li>\n\n\n\n<li>NORME NFC18-510 (Janvier 2012)<\/li>\n\n\n\n<li>Documents INRS (ED6127 et ED6187)<\/li>\n<\/ul>\n\n\n\n<h2 class=\"wp-block-heading has-large-font-size\">M\u00e9thodes p\u00e9dagogiques<\/h2>\n\n\n\n<p>Les apports th\u00e9oriques sont \u00e9tay\u00e9s par des mises en pratique.<\/p>\n\n\n\n<p>La m\u00e9thode participative est privil\u00e9gi\u00e9e pour permettre aux participants d\u2019\u00e9changer sur leurs pratiques professionnelles et partager leurs exp\u00e9riences propres.<\/p>\n\n\n\n<h2 class=\"wp-block-heading has-large-font-size\">Moyens p\u00e9dagogiques<\/h2>\n\n\n\n<p>La formation est conduite dans une salle \u00e9quip\u00e9e d\u2019un vid\u00e9oprojecteur ou d&rsquo;un \u00e9cran et de supports pour cours (tableau, storyboard).<\/p>\n\n\n\n<p>Des documents normalis\u00e9s sont utilis\u00e9s en support de mise enpratique de la norme NFC18-510.<\/p>\n\n\n\n<p>Des maquettes p\u00e9dagogiques sont mises \u00e0 dispositions pour les apports pratiques (tableaux \u00e9lectriques).<\/p>\n\n\n\n<p>Des \u00e9quipements de protection individuelle sont mis \u00e0 disposition des participants (tapis, VAT, gant, \u00e9cran facial,cadenas, macaron, etc\u2026).<\/p>\n\n\n\n<h2 class=\"wp-block-heading has-large-font-size\">Programme et contenu des comp\u00e9tences socles<\/h2>\n\n\n\n<p><strong>Statistiques et r\u00e9glementation<\/strong><\/p>\n\n\n\n<ul class=\"wp-block-list\">\n<li>Les statistiques des Accidents du Travail d\u2019origine \u00e9lectrique<\/li>\n\n\n\n<li>Les dispositions r\u00e9glementaires<\/li>\n<\/ul>\n\n\n\n<p><strong>Pr\u00e9vention des risques<\/strong><\/p>\n\n\n\n<ul class=\"wp-block-list\">\n<li>Les processus menant \u00e0 l\u2019AT et \u00e0 la MP<\/li>\n\n\n\n<li>Les risques et sanctions li\u00e9s \u00e0 la prise de substances<\/li>\n\n\n\n<li>Les partenaires de la pr\u00e9vention et leur r\u00f4le<\/li>\n<\/ul>\n\n\n\n<p><strong>Pr\u00e9vention des risques \u00e9lectriques<\/strong><\/p>\n\n\n\n<ul class=\"wp-block-list\">\n<li>Les notions \u00e9l\u00e9mentaires en \u00e9lectricit\u00e9<\/li>\n\n\n\n<li>Les dangers du courant \u00e9lectrique<\/li>\n\n\n\n<li>Les effets du choc \u00e9lectrique<\/li>\n\n\n\n<li>Les soins aux \u00e9lectris\u00e9s<\/li>\n\n\n\n<li>Les incendies sur les ouvrages \u00e9lectriques<\/li>\n\n\n\n<li>La pr\u00e9vention et la protection<\/li>\n<\/ul>\n\n\n\n<p><strong>Habilitation<\/strong><\/p>\n\n\n\n<ul class=\"wp-block-list\">\n<li>L\u2019habilitation<\/li>\n\n\n\n<li>Le titre d\u2019habilitation<\/li>\n\n\n\n<li>Les d\u00e9finitions relatives aux op\u00e9rations<\/li>\n\n\n\n<li>Les domaines de tension<\/li>\n\n\n\n<li>Les distances et les zones<\/li>\n\n\n\n<li>Les r\u00e8gles de s\u00e9curit\u00e9<\/li>\n\n\n\n<li>La consignation et la d\u00e9consignation<\/li>\n\n\n\n<li>La mise hors tension<\/li>\n\n\n\n<li>Les sch\u00e9mas de liaison \u00e0 la terre<\/li>\n<\/ul>\n\n\n\n<p>QCM<\/p>\n\n\n\n<h2 class=\"wp-block-heading has-large-font-size\">Conditions de r\u00e9ussite<\/h2>\n\n\n\n<p>Les apports th\u00e9oriques et pratiques sont consid\u00e9r\u00e9s comme acquis sous r\u00e9serve :<\/p>\n\n\n\n<ul class=\"wp-block-list\">\n<li>D\u2019avoir suivi l&rsquo;int\u00e9gralit\u00e9 de la formation,<\/li>\n\n\n\n<li>D\u2019avoir obtenu un r\u00e9sultat satisfaisant au QCM,<\/li>\n\n\n\n<li>D\u2019avoir r\u00e9ussi les \u00e9preuves de mises en pratique.<\/li>\n<\/ul>\n\n\n\n<h2 class=\"wp-block-heading has-large-font-size\">Modalit\u00e9s d&rsquo;\u00e9valuation<\/h2>\n\n\n\n<p>Th\u00e9oriques : Questionnaires \u00e0 choix multiples (QCM).<\/p>\n\n\n\n<p>Pratiques<\/p>\n\n\n\n<h2 class=\"wp-block-heading has-large-font-size\">Dur\u00e9e de la formation<\/h2>\n\n\n\n<p class=\"has-text-align-center\">Formation initiale : 3 jours &#8211; 21 heures<\/p>\n\n\n\n<p class=\"has-text-align-center\">ou recyclage : 1 jour &#8211; 7 heures<\/p>\n\n\n\n<h2 class=\"wp-block-heading has-large-font-size\">Co\u00fbt p\u00e9dagogique<\/h2>\n\n\n\n<p>En session inter-entreprises : 450\u20ac par stagiaire<\/p>\n\n\n\n<p>En session intra-entreprises : nous contacter<\/p>\n\n\n\n<div class=\"wp-block-buttons is-content-justification-center is-layout-flex wp-container-core-buttons-is-layout-a89b3969 wp-block-buttons-is-layout-flex\">\n<div class=\"wp-block-button\"><a class=\"wp-block-button__link has-text-align-center wp-element-button\" href=\"https:\/\/voltacademie.fr\/?page_id=136\">Contactez-nous !<\/a><\/div>\n<\/div>\n\n\n\n<div data-wp-interactive=\"core\/file\" class=\"wp-block-file\"><object data-wp-bind--hidden=\"!state.hasPdfPreview\" hidden class=\"wp-block-file__embed\" data=\"https:\/\/voltacademie.fr\/wp-content\/uploads\/2025\/01\/Fiche-formation-H0V-B2V-BR-BC-VOLT.pdf\" type=\"application\/pdf\" style=\"width:100%;height:600px\" aria-label=\"Contenu embarqu\u00e9 Fiche formation H0V B2V BR BC VOLT.\"><\/object><a id=\"wp-block-file--media-6e83d77b-7284-4a9d-a2f7-1b20df861927\" href=\"https:\/\/voltacademie.fr\/wp-content\/uploads\/2025\/01\/Fiche-formation-H0V-B2V-BR-BC-VOLT.pdf\">Fiche formation H0V B2V BR BC VOLT<\/a><a href=\"https:\/\/voltacademie.fr\/wp-content\/uploads\/2025\/01\/Fiche-formation-H0V-B2V-BR-BC-VOLT.pdf\" class=\"wp-block-file__button wp-element-button\" download aria-describedby=\"wp-block-file--media-6e83d77b-7284-4a9d-a2f7-1b20df861927\">T\u00e9l\u00e9charger<\/a><\/div>\n","protected":false},"excerpt":{"rendered":"<p>Habilitation Electrique H0V B2V BR BC Public concern\u00e9 ? Tous les collaborateurs charg\u00e9s d\u2019assurer des op\u00e9rations d\u2019ordre \u00e9lectrique, travaux, d\u00e9pannages, essais, mesures ou autres op\u00e9rations sur des installations \u00e9lectriques en basse tension et au voisinage de la haute tension. Personnel \u00e9lectricien &#8211; Charg\u00e9 d&rsquo;intervention &#8211; Charg\u00e9 de travaux &#8211; Charg\u00e9 de consignation Une personne habilit\u00e9e [&hellip;]<\/p>\n","protected":false},"author":1,"featured_media":0,"parent":0,"menu_order":0,"comment_status":"closed","ping_status":"closed","template":"","meta":{"footnotes":""},"class_list":["post-215","page","type-page","status-publish","hentry"],"blocksy_meta":[],"yoast_head":"<!-- This site is optimized with the Yoast SEO plugin v27.1.1 - https:\/\/yoast.com\/product\/yoast-seo-wordpress\/ -->\n<title>Habilitation Electrique H0V B2V BR BC PACA Aix Marseille Toulon Nice Avignon Pertuis Volt Acad\u00e9mie 06 13 83 84<\/title>\n<meta name=\"description\" content=\"Habilitation Electrique H0V B2V BR BC PACA Aix Marseille Toulon Nice Avignon Pertuis Cavaillon Salon Monaco Cannes Sopha Antipolis Volt Acad\u00e9mie 06 13 83 84\" \/>\n<meta name=\"robots\" content=\"index, follow, max-snippet:-1, max-image-preview:large, max-video-preview:-1\" \/>\n<link rel=\"canonical\" href=\"https:\/\/voltacademie.fr\/?page_id=215\" \/>\n<meta property=\"og:locale\" content=\"fr_FR\" \/>\n<meta property=\"og:type\" content=\"article\" \/>\n<meta property=\"og:title\" content=\"Habilitation Electrique H0V B2V BR BC PACA Aix Marseille Toulon Nice Avignon Pertuis Volt Acad\u00e9mie 06 13 83 84\" \/>\n<meta property=\"og:description\" content=\"Habilitation Electrique H0V B2V BR BC PACA Aix Marseille Toulon Nice Avignon Pertuis Cavaillon Salon Monaco Cannes Sopha Antipolis Volt Acad\u00e9mie 06 13 83 84\" \/>\n<meta property=\"og:url\" content=\"https:\/\/voltacademie.fr\/?page_id=215\" \/>\n<meta property=\"og:site_name\" content=\"VOLT Acad\u00e9mie\" \/>\n<meta property=\"article:publisher\" content=\"https:\/\/www.facebook.com\/IpFibreAcademie\" \/>\n<meta property=\"article:modified_time\" content=\"2025-01-04T10:24:50+00:00\" \/>\n<meta property=\"og:image\" content=\"https:\/\/voltacademie.fr\/wp-content\/uploads\/2024\/06\/electrons.gif\" \/>\n\t<meta property=\"og:image:width\" content=\"399\" \/>\n\t<meta property=\"og:image:height\" content=\"490\" \/>\n\t<meta property=\"og:image:type\" content=\"image\/gif\" \/>\n<meta name=\"twitter:card\" content=\"summary_large_image\" \/>\n<meta name=\"twitter:label1\" content=\"Dur\u00e9e de lecture estim\u00e9e\" \/>\n\t<meta name=\"twitter:data1\" content=\"4 minutes\" \/>\n<script type=\"application\/ld+json\" class=\"yoast-schema-graph\">{\"@context\":\"https:\/\/schema.org\",\"@graph\":[{\"@type\":\"WebPage\",\"@id\":\"https:\/\/voltacademie.fr\/?page_id=215\",\"url\":\"https:\/\/voltacademie.fr\/?page_id=215\",\"name\":\"Habilitation Electrique H0V B2V BR BC PACA Aix Marseille Toulon Nice Avignon Pertuis Volt Acad\u00e9mie 06 13 83 84\",\"isPartOf\":{\"@id\":\"https:\/\/voltacademie.fr\/#website\"},\"primaryImageOfPage\":{\"@id\":\"https:\/\/voltacademie.fr\/?page_id=215#primaryimage\"},\"image\":{\"@id\":\"https:\/\/voltacademie.fr\/?page_id=215#primaryimage\"},\"thumbnailUrl\":\"https:\/\/voltacademie.fr\/wp-content\/uploads\/2024\/06\/electrons.gif\",\"datePublished\":\"2024-06-19T17:03:46+00:00\",\"dateModified\":\"2025-01-04T10:24:50+00:00\",\"description\":\"Habilitation Electrique H0V B2V BR BC PACA Aix Marseille Toulon Nice Avignon Pertuis Cavaillon Salon Monaco Cannes Sopha Antipolis Volt Acad\u00e9mie 06 13 83 84\",\"breadcrumb\":{\"@id\":\"https:\/\/voltacademie.fr\/?page_id=215#breadcrumb\"},\"inLanguage\":\"fr-FR\",\"potentialAction\":[{\"@type\":\"ReadAction\",\"target\":[\"https:\/\/voltacademie.fr\/?page_id=215\"]}]},{\"@type\":\"ImageObject\",\"inLanguage\":\"fr-FR\",\"@id\":\"https:\/\/voltacademie.fr\/?page_id=215#primaryimage\",\"url\":\"https:\/\/voltacademie.fr\/wp-content\/uploads\/2024\/06\/electrons.gif\",\"contentUrl\":\"https:\/\/voltacademie.fr\/wp-content\/uploads\/2024\/06\/electrons.gif\",\"width\":399,\"height\":490},{\"@type\":\"BreadcrumbList\",\"@id\":\"https:\/\/voltacademie.fr\/?page_id=215#breadcrumb\",\"itemListElement\":[{\"@type\":\"ListItem\",\"position\":1,\"name\":\"Accueil\",\"item\":\"https:\/\/voltacademie.fr\/\"},{\"@type\":\"ListItem\",\"position\":2,\"name\":\"H0V B2V BR BC\"}]},{\"@type\":\"WebSite\",\"@id\":\"https:\/\/voltacademie.fr\/#website\",\"url\":\"https:\/\/voltacademie.fr\/\",\"name\":\"VOLT Acad\u00e9mie\",\"description\":\"Centre de formation - S\u00e9curit\u00e9 Electricit\u00e9 IRVE Photovolta\u00efque AIPR Hablitations Electriques - Pertuis - Aix - Marseille - Nice - PACA\",\"publisher\":{\"@id\":\"https:\/\/voltacademie.fr\/#organization\"},\"potentialAction\":[{\"@type\":\"SearchAction\",\"target\":{\"@type\":\"EntryPoint\",\"urlTemplate\":\"https:\/\/voltacademie.fr\/?s={search_term_string}\"},\"query-input\":{\"@type\":\"PropertyValueSpecification\",\"valueRequired\":true,\"valueName\":\"search_term_string\"}}],\"inLanguage\":\"fr-FR\"},{\"@type\":\"Organization\",\"@id\":\"https:\/\/voltacademie.fr\/#organization\",\"name\":\"VOLT Acad\u00e9mie\",\"url\":\"https:\/\/voltacademie.fr\/\",\"logo\":{\"@type\":\"ImageObject\",\"inLanguage\":\"fr-FR\",\"@id\":\"https:\/\/voltacademie.fr\/#\/schema\/logo\/image\/\",\"url\":\"https:\/\/voltacademie.fr\/wp-content\/uploads\/2024\/06\/cropped-cropped-ySrmBZ4JSla_GJpKTBpLMg-1.webp\",\"contentUrl\":\"https:\/\/voltacademie.fr\/wp-content\/uploads\/2024\/06\/cropped-cropped-ySrmBZ4JSla_GJpKTBpLMg-1.webp\",\"width\":512,\"height\":384,\"caption\":\"VOLT Acad\u00e9mie\"},\"image\":{\"@id\":\"https:\/\/voltacademie.fr\/#\/schema\/logo\/image\/\"},\"sameAs\":[\"https:\/\/www.facebook.com\/IpFibreAcademie\",\"https:\/\/www.linkedin.com\/company\/ip-fibre-academie\/\"]}]}<\/script>\n<!-- \/ Yoast SEO plugin. -->","yoast_head_json":{"title":"Habilitation Electrique H0V B2V BR BC PACA Aix Marseille Toulon Nice Avignon Pertuis Volt Acad\u00e9mie 06 13 83 84","description":"Habilitation Electrique H0V B2V BR BC PACA Aix Marseille Toulon Nice Avignon Pertuis Cavaillon Salon Monaco Cannes Sopha Antipolis Volt Acad\u00e9mie 06 13 83 84","robots":{"index":"index","follow":"follow","max-snippet":"max-snippet:-1","max-image-preview":"max-image-preview:large","max-video-preview":"max-video-preview:-1"},"canonical":"https:\/\/voltacademie.fr\/?page_id=215","og_locale":"fr_FR","og_type":"article","og_title":"Habilitation Electrique H0V B2V BR BC PACA Aix Marseille Toulon Nice Avignon Pertuis Volt Acad\u00e9mie 06 13 83 84","og_description":"Habilitation Electrique H0V B2V BR BC PACA Aix Marseille Toulon Nice Avignon Pertuis Cavaillon Salon Monaco Cannes Sopha Antipolis Volt Acad\u00e9mie 06 13 83 84","og_url":"https:\/\/voltacademie.fr\/?page_id=215","og_site_name":"VOLT Acad\u00e9mie","article_publisher":"https:\/\/www.facebook.com\/IpFibreAcademie","article_modified_time":"2025-01-04T10:24:50+00:00","og_image":[{"width":399,"height":490,"url":"https:\/\/voltacademie.fr\/wp-content\/uploads\/2024\/06\/electrons.gif","type":"image\/gif"}],"twitter_card":"summary_large_image","twitter_misc":{"Dur\u00e9e de lecture estim\u00e9e":"4 minutes"},"schema":{"@context":"https:\/\/schema.org","@graph":[{"@type":"WebPage","@id":"https:\/\/voltacademie.fr\/?page_id=215","url":"https:\/\/voltacademie.fr\/?page_id=215","name":"Habilitation Electrique H0V B2V BR BC PACA Aix Marseille Toulon Nice Avignon Pertuis Volt Acad\u00e9mie 06 13 83 84","isPartOf":{"@id":"https:\/\/voltacademie.fr\/#website"},"primaryImageOfPage":{"@id":"https:\/\/voltacademie.fr\/?page_id=215#primaryimage"},"image":{"@id":"https:\/\/voltacademie.fr\/?page_id=215#primaryimage"},"thumbnailUrl":"https:\/\/voltacademie.fr\/wp-content\/uploads\/2024\/06\/electrons.gif","datePublished":"2024-06-19T17:03:46+00:00","dateModified":"2025-01-04T10:24:50+00:00","description":"Habilitation Electrique H0V B2V BR BC PACA Aix Marseille Toulon Nice Avignon Pertuis Cavaillon Salon Monaco Cannes Sopha Antipolis Volt Acad\u00e9mie 06 13 83 84","breadcrumb":{"@id":"https:\/\/voltacademie.fr\/?page_id=215#breadcrumb"},"inLanguage":"fr-FR","potentialAction":[{"@type":"ReadAction","target":["https:\/\/voltacademie.fr\/?page_id=215"]}]},{"@type":"ImageObject","inLanguage":"fr-FR","@id":"https:\/\/voltacademie.fr\/?page_id=215#primaryimage","url":"https:\/\/voltacademie.fr\/wp-content\/uploads\/2024\/06\/electrons.gif","contentUrl":"https:\/\/voltacademie.fr\/wp-content\/uploads\/2024\/06\/electrons.gif","width":399,"height":490},{"@type":"BreadcrumbList","@id":"https:\/\/voltacademie.fr\/?page_id=215#breadcrumb","itemListElement":[{"@type":"ListItem","position":1,"name":"Accueil","item":"https:\/\/voltacademie.fr\/"},{"@type":"ListItem","position":2,"name":"H0V B2V BR BC"}]},{"@type":"WebSite","@id":"https:\/\/voltacademie.fr\/#website","url":"https:\/\/voltacademie.fr\/","name":"VOLT Acad\u00e9mie","description":"Centre de formation - S\u00e9curit\u00e9 Electricit\u00e9 IRVE Photovolta\u00efque AIPR Hablitations Electriques - Pertuis - Aix - Marseille - Nice - PACA","publisher":{"@id":"https:\/\/voltacademie.fr\/#organization"},"potentialAction":[{"@type":"SearchAction","target":{"@type":"EntryPoint","urlTemplate":"https:\/\/voltacademie.fr\/?s={search_term_string}"},"query-input":{"@type":"PropertyValueSpecification","valueRequired":true,"valueName":"search_term_string"}}],"inLanguage":"fr-FR"},{"@type":"Organization","@id":"https:\/\/voltacademie.fr\/#organization","name":"VOLT Acad\u00e9mie","url":"https:\/\/voltacademie.fr\/","logo":{"@type":"ImageObject","inLanguage":"fr-FR","@id":"https:\/\/voltacademie.fr\/#\/schema\/logo\/image\/","url":"https:\/\/voltacademie.fr\/wp-content\/uploads\/2024\/06\/cropped-cropped-ySrmBZ4JSla_GJpKTBpLMg-1.webp","contentUrl":"https:\/\/voltacademie.fr\/wp-content\/uploads\/2024\/06\/cropped-cropped-ySrmBZ4JSla_GJpKTBpLMg-1.webp","width":512,"height":384,"caption":"VOLT Acad\u00e9mie"},"image":{"@id":"https:\/\/voltacademie.fr\/#\/schema\/logo\/image\/"},"sameAs":["https:\/\/www.facebook.com\/IpFibreAcademie","https:\/\/www.linkedin.com\/company\/ip-fibre-academie\/"]}]}},"_links":{"self":[{"href":"https:\/\/voltacademie.fr\/index.php?rest_route=\/wp\/v2\/pages\/215","targetHints":{"allow":["GET"]}}],"collection":[{"href":"https:\/\/voltacademie.fr\/index.php?rest_route=\/wp\/v2\/pages"}],"about":[{"href":"https:\/\/voltacademie.fr\/index.php?rest_route=\/wp\/v2\/types\/page"}],"author":[{"embeddable":true,"href":"https:\/\/voltacademie.fr\/index.php?rest_route=\/wp\/v2\/users\/1"}],"replies":[{"embeddable":true,"href":"https:\/\/voltacademie.fr\/index.php?rest_route=%2Fwp%2Fv2%2Fcomments&post=215"}],"version-history":[{"count":2,"href":"https:\/\/voltacademie.fr\/index.php?rest_route=\/wp\/v2\/pages\/215\/revisions"}],"predecessor-version":[{"id":331,"href":"https:\/\/voltacademie.fr\/index.php?rest_route=\/wp\/v2\/pages\/215\/revisions\/331"}],"wp:attachment":[{"href":"https:\/\/voltacademie.fr\/index.php?rest_route=%2Fwp%2Fv2%2Fmedia&parent=215"}],"curies":[{"name":"wp","href":"https:\/\/api.w.org\/{rel}","templated":true}]}}