{"id":15,"date":"2024-06-13T16:23:18","date_gmt":"2024-06-13T14:23:18","guid":{"rendered":"https:\/\/voltacademie.fr\/?page_id=15"},"modified":"2024-06-17T17:44:21","modified_gmt":"2024-06-17T15:44:21","slug":"nos-formations","status":"publish","type":"page","link":"https:\/\/voltacademie.fr\/?page_id=15","title":{"rendered":"Nos formations"},"content":{"rendered":"\n<div class=\"wp-block-group alignwide is-layout-constrained wp-block-group-is-layout-constrained\">\n<h2 class=\"wp-block-heading has-text-align-center\"><strong>Habilitations Electriques<\/strong><\/h2>\n<\/div>\n\n\n\n<figure class=\"wp-block-image aligncenter size-full is-resized is-style-rounded\"><img loading=\"lazy\" decoding=\"async\" width=\"1024\" height=\"1024\" src=\"http:\/\/voltacademie.fr\/wp-content\/uploads\/2024\/06\/a-stunning-3d-render-illustration-of-a-diligent-so-h2r9iBVNRxSZtklCmNxIvg-ttKKgwsMSMiXKW_uQ3Nemg.jpeg\" alt=\"\" class=\"wp-image-45\" style=\"width:400px\" srcset=\"https:\/\/voltacademie.fr\/wp-content\/uploads\/2024\/06\/a-stunning-3d-render-illustration-of-a-diligent-so-h2r9iBVNRxSZtklCmNxIvg-ttKKgwsMSMiXKW_uQ3Nemg.jpeg 1024w, https:\/\/voltacademie.fr\/wp-content\/uploads\/2024\/06\/a-stunning-3d-render-illustration-of-a-diligent-so-h2r9iBVNRxSZtklCmNxIvg-ttKKgwsMSMiXKW_uQ3Nemg-300x300.jpeg 300w, https:\/\/voltacademie.fr\/wp-content\/uploads\/2024\/06\/a-stunning-3d-render-illustration-of-a-diligent-so-h2r9iBVNRxSZtklCmNxIvg-ttKKgwsMSMiXKW_uQ3Nemg-150x150.jpeg 150w, https:\/\/voltacademie.fr\/wp-content\/uploads\/2024\/06\/a-stunning-3d-render-illustration-of-a-diligent-so-h2r9iBVNRxSZtklCmNxIvg-ttKKgwsMSMiXKW_uQ3Nemg-768x768.jpeg 768w\" sizes=\"auto, (max-width: 1024px) 100vw, 1024px\" \/><\/figure>\n\n\n\n<p class=\"has-text-align-center\">La formation et le passage d\u2019examen de l\u2019habilitation \u00e9lectrique, tous niveaux, pour pouvoir travailler sur ou \u00e0 proximit\u00e9 de l\u2019\u00e9lectricit\u00e9 en s\u00e9curit\u00e9.<br>H0 H0V B0 B1 B2 B1V B2V BS BR BC \u2013 HF BF \u2013 B0L B1L B2L B1XL B2XL BEL BRL B1VL B2VL BCL \u2013 BP BR Photovolta\u00efque<br>Formation initiale ou recyclage<\/p>\n\n\n\n<p class=\"has-text-align-center\"><a href=\"https:\/\/voltacademie.fr\/?page_id=64\" data-type=\"page\" data-id=\"64\">Habilitations Electriques &#8211; description et g\u00e9n\u00e9ralit\u00e9s<\/a><\/p>\n\n\n\n<p class=\"has-text-align-center\"><a href=\"https:\/\/voltacademie.fr\/?page_id=83\" data-type=\"page\" data-id=\"83\">Habilitation Electrique &#8211; H0V B0 BS<\/a><\/p>\n\n\n\n<div class=\"wp-block-group is-layout-constrained wp-block-group-is-layout-constrained\">\n<h2 class=\"wp-block-heading has-text-align-center\"><strong>AIPR<\/strong><\/h2>\n<\/div>\n\n\n\n<figure class=\"wp-block-image aligncenter size-full is-resized is-style-rounded\"><img loading=\"lazy\" decoding=\"async\" width=\"1024\" height=\"1024\" src=\"http:\/\/voltacademie.fr\/wp-content\/uploads\/2024\/06\/K5Y5yJTcT7e8ngowlnqmqQ.png\" alt=\"\" class=\"wp-image-44\" style=\"width:400px\" srcset=\"https:\/\/voltacademie.fr\/wp-content\/uploads\/2024\/06\/K5Y5yJTcT7e8ngowlnqmqQ.png 1024w, https:\/\/voltacademie.fr\/wp-content\/uploads\/2024\/06\/K5Y5yJTcT7e8ngowlnqmqQ-300x300.png 300w, https:\/\/voltacademie.fr\/wp-content\/uploads\/2024\/06\/K5Y5yJTcT7e8ngowlnqmqQ-150x150.png 150w, https:\/\/voltacademie.fr\/wp-content\/uploads\/2024\/06\/K5Y5yJTcT7e8ngowlnqmqQ-768x768.png 768w\" sizes=\"auto, (max-width: 1024px) 100vw, 1024px\" \/><\/figure>\n\n\n\n<p class=\"has-text-align-center\">La formation et le passage d\u2019examen de l\u2019AIPR, Autorisation d\u2019Intervention \u00e0 Proximit\u00e9 des R\u00e9seaux, tous niveaux, pour pouvoir travailler en s\u00e9curit\u00e9 sur ou \u00e0 proximit\u00e9 des r\u00e9seaux, quels qu\u2019en soient leurs contenus.<br>Op\u00e9rateur, Encadrant, Concepteur<\/p>\n\n\n\n<div class=\"wp-block-group is-layout-constrained wp-block-group-is-layout-constrained\">\n<h2 class=\"wp-block-heading has-text-align-center\"><strong>Photovolta\u00efque<\/strong><\/h2>\n<\/div>\n\n\n\n<figure class=\"wp-block-image aligncenter size-large is-resized is-style-rounded\"><img loading=\"lazy\" decoding=\"async\" width=\"768\" height=\"1024\" src=\"http:\/\/voltacademie.fr\/wp-content\/uploads\/2024\/06\/bloc-03-768x1024.jpg\" alt=\"\" class=\"wp-image-42\" style=\"width:400px\" srcset=\"https:\/\/voltacademie.fr\/wp-content\/uploads\/2024\/06\/bloc-03-768x1024.jpg 768w, https:\/\/voltacademie.fr\/wp-content\/uploads\/2024\/06\/bloc-03-225x300.jpg 225w, https:\/\/voltacademie.fr\/wp-content\/uploads\/2024\/06\/bloc-03.jpg 1000w\" sizes=\"auto, (max-width: 768px) 100vw, 768px\" \/><\/figure>\n\n\n\n<p class=\"has-text-align-center\">La formation compl\u00e8te th\u00e9orique et pratique de <strong>Monteur de Panneaux Photovolta\u00efques<\/strong>, pour acqu\u00e9rir les bases de m\u00e9thodes de travail pour l\u2019activit\u00e9 de pose de panneaux photovolta\u00efques et obtenir les certifications obligatoires personnelles. Cette formation est un compl\u00e9ment \u00e0 Quali\u2019PV.<\/p>\n\n\n\n<p class=\"has-text-align-center\">La <strong>pr\u00e9paration Quali&rsquo;PV 36<\/strong>, pour \u00eatre mieux arm\u00e9 avant de passer la certification Quali&rsquo;PV 36 : comprend l&rsquo;habilitation \u00e9lectrique BR BP PV, une remise \u00e0 niveau sur les bases de l&rsquo;\u00e9lectricit\u00e9, et une initiation th\u00e9orique au photovolta\u00efque. Cette formation est une pr\u00e9paration au passage de Quali&rsquo;PV.<\/p>\n\n\n\n<p class=\"has-text-align-center\">L&rsquo;<strong>habilitation \u00e9lectrique BR<\/strong> (\u00e9lectricien) ou <strong>BP <\/strong>(couvreur) <strong>Photovolta\u00efque<\/strong>, pour travailler sur ou \u00e0 proximit\u00e9 de l&rsquo;\u00e9lectricit\u00e9, sur l&rsquo;activit\u00e9 Photovolta\u00efque.<\/p>\n\n\n\n<p class=\"has-text-align-center\">La formation et le passage d\u2019examen pour l\u2019habilitation <strong>Travail en hauteur, port des EPI<\/strong>, pour pouvoir travailler en s\u00e9curit\u00e9 en hauteur sur l\u2019activit\u00e9 <strong>Photovolta\u00efque<\/strong>.<\/p>\n","protected":false},"excerpt":{"rendered":"<p>Habilitations Electriques La formation et le passage d\u2019examen de l\u2019habilitation \u00e9lectrique, tous niveaux, pour pouvoir travailler sur ou \u00e0 proximit\u00e9 de l\u2019\u00e9lectricit\u00e9 en s\u00e9curit\u00e9.H0 H0V B0 B1 B2 B1V B2V BS BR BC \u2013 HF BF \u2013 B0L B1L B2L B1XL B2XL BEL BRL B1VL B2VL BCL \u2013 BP BR Photovolta\u00efqueFormation initiale ou recyclage Habilitations [&hellip;]<\/p>\n","protected":false},"author":1,"featured_media":0,"parent":0,"menu_order":0,"comment_status":"closed","ping_status":"closed","template":"","meta":{"footnotes":""},"class_list":["post-15","page","type-page","status-publish","hentry"],"blocksy_meta":[],"yoast_head":"<!-- This site is optimized with the Yoast SEO plugin v27.1.1 - https:\/\/yoast.com\/product\/yoast-seo-wordpress\/ -->\n<title>Nos formations - VOLT Acad\u00e9mie<\/title>\n<meta name=\"robots\" content=\"index, follow, max-snippet:-1, max-image-preview:large, max-video-preview:-1\" \/>\n<link rel=\"canonical\" href=\"https:\/\/voltacademie.fr\/?page_id=15\" \/>\n<meta property=\"og:locale\" content=\"fr_FR\" \/>\n<meta property=\"og:type\" content=\"article\" \/>\n<meta property=\"og:title\" content=\"Nos formations - VOLT Acad\u00e9mie\" \/>\n<meta property=\"og:description\" content=\"Habilitations Electriques La formation et le passage d\u2019examen de l\u2019habilitation \u00e9lectrique, tous niveaux, pour pouvoir travailler sur ou \u00e0 proximit\u00e9 de l\u2019\u00e9lectricit\u00e9 en s\u00e9curit\u00e9.H0 H0V B0 B1 B2 B1V B2V BS BR BC \u2013 HF BF \u2013 B0L B1L B2L B1XL B2XL BEL BRL B1VL B2VL BCL \u2013 BP BR Photovolta\u00efqueFormation initiale ou recyclage Habilitations [&hellip;]\" \/>\n<meta property=\"og:url\" content=\"https:\/\/voltacademie.fr\/?page_id=15\" \/>\n<meta property=\"og:site_name\" content=\"VOLT Acad\u00e9mie\" \/>\n<meta property=\"article:publisher\" content=\"https:\/\/www.facebook.com\/IpFibreAcademie\" \/>\n<meta property=\"article:modified_time\" content=\"2024-06-17T15:44:21+00:00\" \/>\n<meta property=\"og:image\" content=\"http:\/\/voltacademie.fr\/wp-content\/uploads\/2024\/06\/a-stunning-3d-render-illustration-of-a-diligent-so-h2r9iBVNRxSZtklCmNxIvg-ttKKgwsMSMiXKW_uQ3Nemg.jpeg\" \/>\n<meta name=\"twitter:card\" content=\"summary_large_image\" \/>\n<meta name=\"twitter:label1\" content=\"Dur\u00e9e de lecture estim\u00e9e\" \/>\n\t<meta name=\"twitter:data1\" content=\"1 minute\" \/>\n<script type=\"application\/ld+json\" class=\"yoast-schema-graph\">{\"@context\":\"https:\/\/schema.org\",\"@graph\":[{\"@type\":\"WebPage\",\"@id\":\"https:\/\/voltacademie.fr\/?page_id=15\",\"url\":\"https:\/\/voltacademie.fr\/?page_id=15\",\"name\":\"Nos formations - VOLT Acad\u00e9mie\",\"isPartOf\":{\"@id\":\"https:\/\/voltacademie.fr\/#website\"},\"primaryImageOfPage\":{\"@id\":\"https:\/\/voltacademie.fr\/?page_id=15#primaryimage\"},\"image\":{\"@id\":\"https:\/\/voltacademie.fr\/?page_id=15#primaryimage\"},\"thumbnailUrl\":\"http:\/\/voltacademie.fr\/wp-content\/uploads\/2024\/06\/a-stunning-3d-render-illustration-of-a-diligent-so-h2r9iBVNRxSZtklCmNxIvg-ttKKgwsMSMiXKW_uQ3Nemg.jpeg\",\"datePublished\":\"2024-06-13T14:23:18+00:00\",\"dateModified\":\"2024-06-17T15:44:21+00:00\",\"breadcrumb\":{\"@id\":\"https:\/\/voltacademie.fr\/?page_id=15#breadcrumb\"},\"inLanguage\":\"fr-FR\",\"potentialAction\":[{\"@type\":\"ReadAction\",\"target\":[\"https:\/\/voltacademie.fr\/?page_id=15\"]}]},{\"@type\":\"ImageObject\",\"inLanguage\":\"fr-FR\",\"@id\":\"https:\/\/voltacademie.fr\/?page_id=15#primaryimage\",\"url\":\"https:\/\/voltacademie.fr\/wp-content\/uploads\/2024\/06\/a-stunning-3d-render-illustration-of-a-diligent-so-h2r9iBVNRxSZtklCmNxIvg-ttKKgwsMSMiXKW_uQ3Nemg.jpeg\",\"contentUrl\":\"https:\/\/voltacademie.fr\/wp-content\/uploads\/2024\/06\/a-stunning-3d-render-illustration-of-a-diligent-so-h2r9iBVNRxSZtklCmNxIvg-ttKKgwsMSMiXKW_uQ3Nemg.jpeg\",\"width\":1024,\"height\":1024},{\"@type\":\"BreadcrumbList\",\"@id\":\"https:\/\/voltacademie.fr\/?page_id=15#breadcrumb\",\"itemListElement\":[{\"@type\":\"ListItem\",\"position\":1,\"name\":\"Accueil\",\"item\":\"https:\/\/voltacademie.fr\/\"},{\"@type\":\"ListItem\",\"position\":2,\"name\":\"Nos formations\"}]},{\"@type\":\"WebSite\",\"@id\":\"https:\/\/voltacademie.fr\/#website\",\"url\":\"https:\/\/voltacademie.fr\/\",\"name\":\"VOLT Acad\u00e9mie\",\"description\":\"Centre de formation - S\u00e9curit\u00e9 Electricit\u00e9 IRVE Photovolta\u00efque AIPR Hablitations Electriques - Pertuis - Aix - Marseille - Nice - PACA\",\"publisher\":{\"@id\":\"https:\/\/voltacademie.fr\/#organization\"},\"potentialAction\":[{\"@type\":\"SearchAction\",\"target\":{\"@type\":\"EntryPoint\",\"urlTemplate\":\"https:\/\/voltacademie.fr\/?s={search_term_string}\"},\"query-input\":{\"@type\":\"PropertyValueSpecification\",\"valueRequired\":true,\"valueName\":\"search_term_string\"}}],\"inLanguage\":\"fr-FR\"},{\"@type\":\"Organization\",\"@id\":\"https:\/\/voltacademie.fr\/#organization\",\"name\":\"VOLT Acad\u00e9mie\",\"url\":\"https:\/\/voltacademie.fr\/\",\"logo\":{\"@type\":\"ImageObject\",\"inLanguage\":\"fr-FR\",\"@id\":\"https:\/\/voltacademie.fr\/#\/schema\/logo\/image\/\",\"url\":\"https:\/\/voltacademie.fr\/wp-content\/uploads\/2024\/06\/cropped-cropped-ySrmBZ4JSla_GJpKTBpLMg-1.webp\",\"contentUrl\":\"https:\/\/voltacademie.fr\/wp-content\/uploads\/2024\/06\/cropped-cropped-ySrmBZ4JSla_GJpKTBpLMg-1.webp\",\"width\":512,\"height\":384,\"caption\":\"VOLT Acad\u00e9mie\"},\"image\":{\"@id\":\"https:\/\/voltacademie.fr\/#\/schema\/logo\/image\/\"},\"sameAs\":[\"https:\/\/www.facebook.com\/IpFibreAcademie\",\"https:\/\/www.linkedin.com\/company\/ip-fibre-academie\/\"]}]}<\/script>\n<!-- \/ Yoast SEO plugin. -->","yoast_head_json":{"title":"Nos formations - VOLT Acad\u00e9mie","robots":{"index":"index","follow":"follow","max-snippet":"max-snippet:-1","max-image-preview":"max-image-preview:large","max-video-preview":"max-video-preview:-1"},"canonical":"https:\/\/voltacademie.fr\/?page_id=15","og_locale":"fr_FR","og_type":"article","og_title":"Nos formations - VOLT Acad\u00e9mie","og_description":"Habilitations Electriques La formation et le passage d\u2019examen de l\u2019habilitation \u00e9lectrique, tous niveaux, pour pouvoir travailler sur ou \u00e0 proximit\u00e9 de l\u2019\u00e9lectricit\u00e9 en s\u00e9curit\u00e9.H0 H0V B0 B1 B2 B1V B2V BS BR BC \u2013 HF BF \u2013 B0L B1L B2L B1XL B2XL BEL BRL B1VL B2VL BCL \u2013 BP BR Photovolta\u00efqueFormation initiale ou recyclage Habilitations [&hellip;]","og_url":"https:\/\/voltacademie.fr\/?page_id=15","og_site_name":"VOLT Acad\u00e9mie","article_publisher":"https:\/\/www.facebook.com\/IpFibreAcademie","article_modified_time":"2024-06-17T15:44:21+00:00","og_image":[{"url":"http:\/\/voltacademie.fr\/wp-content\/uploads\/2024\/06\/a-stunning-3d-render-illustration-of-a-diligent-so-h2r9iBVNRxSZtklCmNxIvg-ttKKgwsMSMiXKW_uQ3Nemg.jpeg","type":"","width":"","height":""}],"twitter_card":"summary_large_image","twitter_misc":{"Dur\u00e9e de lecture estim\u00e9e":"1 minute"},"schema":{"@context":"https:\/\/schema.org","@graph":[{"@type":"WebPage","@id":"https:\/\/voltacademie.fr\/?page_id=15","url":"https:\/\/voltacademie.fr\/?page_id=15","name":"Nos formations - VOLT Acad\u00e9mie","isPartOf":{"@id":"https:\/\/voltacademie.fr\/#website"},"primaryImageOfPage":{"@id":"https:\/\/voltacademie.fr\/?page_id=15#primaryimage"},"image":{"@id":"https:\/\/voltacademie.fr\/?page_id=15#primaryimage"},"thumbnailUrl":"http:\/\/voltacademie.fr\/wp-content\/uploads\/2024\/06\/a-stunning-3d-render-illustration-of-a-diligent-so-h2r9iBVNRxSZtklCmNxIvg-ttKKgwsMSMiXKW_uQ3Nemg.jpeg","datePublished":"2024-06-13T14:23:18+00:00","dateModified":"2024-06-17T15:44:21+00:00","breadcrumb":{"@id":"https:\/\/voltacademie.fr\/?page_id=15#breadcrumb"},"inLanguage":"fr-FR","potentialAction":[{"@type":"ReadAction","target":["https:\/\/voltacademie.fr\/?page_id=15"]}]},{"@type":"ImageObject","inLanguage":"fr-FR","@id":"https:\/\/voltacademie.fr\/?page_id=15#primaryimage","url":"https:\/\/voltacademie.fr\/wp-content\/uploads\/2024\/06\/a-stunning-3d-render-illustration-of-a-diligent-so-h2r9iBVNRxSZtklCmNxIvg-ttKKgwsMSMiXKW_uQ3Nemg.jpeg","contentUrl":"https:\/\/voltacademie.fr\/wp-content\/uploads\/2024\/06\/a-stunning-3d-render-illustration-of-a-diligent-so-h2r9iBVNRxSZtklCmNxIvg-ttKKgwsMSMiXKW_uQ3Nemg.jpeg","width":1024,"height":1024},{"@type":"BreadcrumbList","@id":"https:\/\/voltacademie.fr\/?page_id=15#breadcrumb","itemListElement":[{"@type":"ListItem","position":1,"name":"Accueil","item":"https:\/\/voltacademie.fr\/"},{"@type":"ListItem","position":2,"name":"Nos formations"}]},{"@type":"WebSite","@id":"https:\/\/voltacademie.fr\/#website","url":"https:\/\/voltacademie.fr\/","name":"VOLT Acad\u00e9mie","description":"Centre de formation - S\u00e9curit\u00e9 Electricit\u00e9 IRVE Photovolta\u00efque AIPR Hablitations Electriques - Pertuis - Aix - Marseille - Nice - PACA","publisher":{"@id":"https:\/\/voltacademie.fr\/#organization"},"potentialAction":[{"@type":"SearchAction","target":{"@type":"EntryPoint","urlTemplate":"https:\/\/voltacademie.fr\/?s={search_term_string}"},"query-input":{"@type":"PropertyValueSpecification","valueRequired":true,"valueName":"search_term_string"}}],"inLanguage":"fr-FR"},{"@type":"Organization","@id":"https:\/\/voltacademie.fr\/#organization","name":"VOLT Acad\u00e9mie","url":"https:\/\/voltacademie.fr\/","logo":{"@type":"ImageObject","inLanguage":"fr-FR","@id":"https:\/\/voltacademie.fr\/#\/schema\/logo\/image\/","url":"https:\/\/voltacademie.fr\/wp-content\/uploads\/2024\/06\/cropped-cropped-ySrmBZ4JSla_GJpKTBpLMg-1.webp","contentUrl":"https:\/\/voltacademie.fr\/wp-content\/uploads\/2024\/06\/cropped-cropped-ySrmBZ4JSla_GJpKTBpLMg-1.webp","width":512,"height":384,"caption":"VOLT Acad\u00e9mie"},"image":{"@id":"https:\/\/voltacademie.fr\/#\/schema\/logo\/image\/"},"sameAs":["https:\/\/www.facebook.com\/IpFibreAcademie","https:\/\/www.linkedin.com\/company\/ip-fibre-academie\/"]}]}},"_links":{"self":[{"href":"https:\/\/voltacademie.fr\/index.php?rest_route=\/wp\/v2\/pages\/15","targetHints":{"allow":["GET"]}}],"collection":[{"href":"https:\/\/voltacademie.fr\/index.php?rest_route=\/wp\/v2\/pages"}],"about":[{"href":"https:\/\/voltacademie.fr\/index.php?rest_route=\/wp\/v2\/types\/page"}],"author":[{"embeddable":true,"href":"https:\/\/voltacademie.fr\/index.php?rest_route=\/wp\/v2\/users\/1"}],"replies":[{"embeddable":true,"href":"https:\/\/voltacademie.fr\/index.php?rest_route=%2Fwp%2Fv2%2Fcomments&post=15"}],"version-history":[{"count":15,"href":"https:\/\/voltacademie.fr\/index.php?rest_route=\/wp\/v2\/pages\/15\/revisions"}],"predecessor-version":[{"id":130,"href":"https:\/\/voltacademie.fr\/index.php?rest_route=\/wp\/v2\/pages\/15\/revisions\/130"}],"wp:attachment":[{"href":"https:\/\/voltacademie.fr\/index.php?rest_route=%2Fwp%2Fv2%2Fmedia&parent=15"}],"curies":[{"name":"wp","href":"https:\/\/api.w.org\/{rel}","templated":true}]}}