{"id":123,"date":"2024-06-17T17:31:13","date_gmt":"2024-06-17T15:31:13","guid":{"rendered":"https:\/\/voltacademie.fr\/?page_id=123"},"modified":"2024-06-17T21:48:57","modified_gmt":"2024-06-17T19:48:57","slug":"bienvenue","status":"publish","type":"page","link":"https:\/\/voltacademie.fr\/?page_id=123","title":{"rendered":"Actualit\u00e9s"},"content":{"rendered":"\n<figure class=\"wp-block-image aligncenter size-full is-resized\"><img loading=\"lazy\" decoding=\"async\" width=\"512\" height=\"512\" src=\"http:\/\/voltacademie.fr\/wp-content\/uploads\/2024\/06\/cropped-ySrmBZ4JSla_GJpKTBpLMg-1.webp\" alt=\"\" class=\"wp-image-24\" style=\"width:234px;height:auto\" srcset=\"https:\/\/voltacademie.fr\/wp-content\/uploads\/2024\/06\/cropped-ySrmBZ4JSla_GJpKTBpLMg-1.webp 512w, https:\/\/voltacademie.fr\/wp-content\/uploads\/2024\/06\/cropped-ySrmBZ4JSla_GJpKTBpLMg-1-300x300.webp 300w, https:\/\/voltacademie.fr\/wp-content\/uploads\/2024\/06\/cropped-ySrmBZ4JSla_GJpKTBpLMg-1-150x150.webp 150w, https:\/\/voltacademie.fr\/wp-content\/uploads\/2024\/06\/cropped-ySrmBZ4JSla_GJpKTBpLMg-1-270x270.webp 270w, https:\/\/voltacademie.fr\/wp-content\/uploads\/2024\/06\/cropped-ySrmBZ4JSla_GJpKTBpLMg-1-192x192.webp 192w, https:\/\/voltacademie.fr\/wp-content\/uploads\/2024\/06\/cropped-ySrmBZ4JSla_GJpKTBpLMg-1-180x180.webp 180w, https:\/\/voltacademie.fr\/wp-content\/uploads\/2024\/06\/cropped-ySrmBZ4JSla_GJpKTBpLMg-1-32x32.webp 32w\" sizes=\"auto, (max-width: 512px) 100vw, 512px\" \/><\/figure>\n\n\n<ul class=\"wp-block-latest-posts__list is-grid columns-3 wp-block-latest-posts\"><li><a class=\"wp-block-latest-posts__post-title\" href=\"https:\/\/voltacademie.fr\/?p=358\">VOLT Acad\u00e9mie renouvelle son certificat Qualiopi pour la 4\u1d49 ann\u00e9e cons\u00e9cutive !<\/a><\/li>\n<li><a class=\"wp-block-latest-posts__post-title\" href=\"https:\/\/voltacademie.fr\/?p=240\">VOLT Acad\u00e9mie est certifi\u00e9 Qualiopi<\/a><\/li>\n<li><a class=\"wp-block-latest-posts__post-title\" href=\"https:\/\/voltacademie.fr\/?p=235\">C&rsquo;est la rentr\u00e9e !<\/a><\/li>\n<li><a class=\"wp-block-latest-posts__post-title\" href=\"https:\/\/voltacademie.fr\/?p=178\">Session de formation MONTEURS PANNEAUX PHOTOVOLTAIQUES<\/a><\/li>\n<li><a class=\"wp-block-latest-posts__post-title\" href=\"https:\/\/voltacademie.fr\/?p=147\">IP FIBRE Acad\u00e9mie change de nom pour VOLT Acad\u00e9mie !<\/a><\/li>\n<\/ul>\n\n<div class=\"wp-block-calendar\"><table id=\"wp-calendar\" class=\"wp-calendar-table\">\n\t<caption>mai 2026<\/caption>\n\t<thead>\n\t<tr>\n\t\t<th scope=\"col\" aria-label=\"lundi\">L<\/th>\n\t\t<th scope=\"col\" aria-label=\"mardi\">M<\/th>\n\t\t<th scope=\"col\" aria-label=\"mercredi\">M<\/th>\n\t\t<th scope=\"col\" aria-label=\"jeudi\">J<\/th>\n\t\t<th scope=\"col\" aria-label=\"vendredi\">V<\/th>\n\t\t<th scope=\"col\" aria-label=\"samedi\">S<\/th>\n\t\t<th scope=\"col\" aria-label=\"dimanche\">D<\/th>\n\t<\/tr>\n\t<\/thead>\n\t<tbody>\n\t<tr>\n\t\t<td colspan=\"4\" class=\"pad\">&nbsp;<\/td><td>1<\/td><td>2<\/td><td>3<\/td>\n\t<\/tr>\n\t<tr>\n\t\t<td>4<\/td><td>5<\/td><td id=\"today\">6<\/td><td>7<\/td><td>8<\/td><td>9<\/td><td>10<\/td>\n\t<\/tr>\n\t<tr>\n\t\t<td>11<\/td><td>12<\/td><td>13<\/td><td>14<\/td><td>15<\/td><td>16<\/td><td>17<\/td>\n\t<\/tr>\n\t<tr>\n\t\t<td>18<\/td><td>19<\/td><td>20<\/td><td>21<\/td><td>22<\/td><td>23<\/td><td>24<\/td>\n\t<\/tr>\n\t<tr>\n\t\t<td>25<\/td><td>26<\/td><td>27<\/td><td>28<\/td><td>29<\/td><td>30<\/td><td>31<\/td>\n\t<\/tr>\n\t<\/tbody>\n\t<\/table><nav aria-label=\"Mois pr\u00e9c\u00e9dents et suivants\" class=\"wp-calendar-nav\">\n\t\t<span class=\"wp-calendar-nav-prev\"><a href=\"https:\/\/voltacademie.fr\/?m=202501\">&laquo; Jan<\/a><\/span>\n\t\t<span class=\"pad\">&nbsp;<\/span>\n\t\t<span class=\"wp-calendar-nav-next\">&nbsp;<\/span>\n\t<\/nav><\/div>","protected":false},"excerpt":{"rendered":"","protected":false},"author":1,"featured_media":0,"parent":0,"menu_order":0,"comment_status":"closed","ping_status":"closed","template":"","meta":{"footnotes":""},"class_list":["post-123","page","type-page","status-publish","hentry"],"blocksy_meta":[],"yoast_head":"<!-- This site is optimized with the Yoast SEO plugin v27.1.1 - https:\/\/yoast.com\/product\/yoast-seo-wordpress\/ -->\n<title>Actualit\u00e9s - VOLT Acad\u00e9mie<\/title>\n<meta name=\"robots\" content=\"index, follow, max-snippet:-1, max-image-preview:large, max-video-preview:-1\" \/>\n<link rel=\"canonical\" href=\"https:\/\/voltacademie.fr\/?page_id=123\" \/>\n<meta property=\"og:locale\" content=\"fr_FR\" \/>\n<meta property=\"og:type\" content=\"article\" \/>\n<meta property=\"og:title\" content=\"Actualit\u00e9s - VOLT Acad\u00e9mie\" \/>\n<meta property=\"og:url\" content=\"https:\/\/voltacademie.fr\/?page_id=123\" \/>\n<meta property=\"og:site_name\" content=\"VOLT Acad\u00e9mie\" \/>\n<meta property=\"article:publisher\" content=\"https:\/\/www.facebook.com\/IpFibreAcademie\" \/>\n<meta property=\"article:modified_time\" content=\"2024-06-17T19:48:57+00:00\" \/>\n<meta property=\"og:image\" content=\"http:\/\/voltacademie.fr\/wp-content\/uploads\/2024\/06\/cropped-ySrmBZ4JSla_GJpKTBpLMg-1.webp\" \/>\n<meta name=\"twitter:card\" content=\"summary_large_image\" \/>\n<script type=\"application\/ld+json\" class=\"yoast-schema-graph\">{\"@context\":\"https:\/\/schema.org\",\"@graph\":[{\"@type\":\"WebPage\",\"@id\":\"https:\/\/voltacademie.fr\/?page_id=123\",\"url\":\"https:\/\/voltacademie.fr\/?page_id=123\",\"name\":\"Actualit\u00e9s - VOLT Acad\u00e9mie\",\"isPartOf\":{\"@id\":\"https:\/\/voltacademie.fr\/#website\"},\"primaryImageOfPage\":{\"@id\":\"https:\/\/voltacademie.fr\/?page_id=123#primaryimage\"},\"image\":{\"@id\":\"https:\/\/voltacademie.fr\/?page_id=123#primaryimage\"},\"thumbnailUrl\":\"http:\/\/voltacademie.fr\/wp-content\/uploads\/2024\/06\/cropped-ySrmBZ4JSla_GJpKTBpLMg-1.webp\",\"datePublished\":\"2024-06-17T15:31:13+00:00\",\"dateModified\":\"2024-06-17T19:48:57+00:00\",\"breadcrumb\":{\"@id\":\"https:\/\/voltacademie.fr\/?page_id=123#breadcrumb\"},\"inLanguage\":\"fr-FR\",\"potentialAction\":[{\"@type\":\"ReadAction\",\"target\":[\"https:\/\/voltacademie.fr\/?page_id=123\"]}]},{\"@type\":\"ImageObject\",\"inLanguage\":\"fr-FR\",\"@id\":\"https:\/\/voltacademie.fr\/?page_id=123#primaryimage\",\"url\":\"https:\/\/voltacademie.fr\/wp-content\/uploads\/2024\/06\/cropped-ySrmBZ4JSla_GJpKTBpLMg-1.webp\",\"contentUrl\":\"https:\/\/voltacademie.fr\/wp-content\/uploads\/2024\/06\/cropped-ySrmBZ4JSla_GJpKTBpLMg-1.webp\",\"width\":512,\"height\":512},{\"@type\":\"BreadcrumbList\",\"@id\":\"https:\/\/voltacademie.fr\/?page_id=123#breadcrumb\",\"itemListElement\":[{\"@type\":\"ListItem\",\"position\":1,\"name\":\"Accueil\",\"item\":\"https:\/\/voltacademie.fr\/\"},{\"@type\":\"ListItem\",\"position\":2,\"name\":\"Actualit\u00e9s\"}]},{\"@type\":\"WebSite\",\"@id\":\"https:\/\/voltacademie.fr\/#website\",\"url\":\"https:\/\/voltacademie.fr\/\",\"name\":\"VOLT Acad\u00e9mie\",\"description\":\"Centre de formation - S\u00e9curit\u00e9 Electricit\u00e9 IRVE Photovolta\u00efque AIPR Hablitations Electriques - Pertuis - Aix - Marseille - Nice - PACA\",\"publisher\":{\"@id\":\"https:\/\/voltacademie.fr\/#organization\"},\"potentialAction\":[{\"@type\":\"SearchAction\",\"target\":{\"@type\":\"EntryPoint\",\"urlTemplate\":\"https:\/\/voltacademie.fr\/?s={search_term_string}\"},\"query-input\":{\"@type\":\"PropertyValueSpecification\",\"valueRequired\":true,\"valueName\":\"search_term_string\"}}],\"inLanguage\":\"fr-FR\"},{\"@type\":\"Organization\",\"@id\":\"https:\/\/voltacademie.fr\/#organization\",\"name\":\"VOLT Acad\u00e9mie\",\"url\":\"https:\/\/voltacademie.fr\/\",\"logo\":{\"@type\":\"ImageObject\",\"inLanguage\":\"fr-FR\",\"@id\":\"https:\/\/voltacademie.fr\/#\/schema\/logo\/image\/\",\"url\":\"https:\/\/voltacademie.fr\/wp-content\/uploads\/2024\/06\/cropped-cropped-ySrmBZ4JSla_GJpKTBpLMg-1.webp\",\"contentUrl\":\"https:\/\/voltacademie.fr\/wp-content\/uploads\/2024\/06\/cropped-cropped-ySrmBZ4JSla_GJpKTBpLMg-1.webp\",\"width\":512,\"height\":384,\"caption\":\"VOLT Acad\u00e9mie\"},\"image\":{\"@id\":\"https:\/\/voltacademie.fr\/#\/schema\/logo\/image\/\"},\"sameAs\":[\"https:\/\/www.facebook.com\/IpFibreAcademie\",\"https:\/\/www.linkedin.com\/company\/ip-fibre-academie\/\"]}]}<\/script>\n<!-- \/ Yoast SEO plugin. -->","yoast_head_json":{"title":"Actualit\u00e9s - VOLT Acad\u00e9mie","robots":{"index":"index","follow":"follow","max-snippet":"max-snippet:-1","max-image-preview":"max-image-preview:large","max-video-preview":"max-video-preview:-1"},"canonical":"https:\/\/voltacademie.fr\/?page_id=123","og_locale":"fr_FR","og_type":"article","og_title":"Actualit\u00e9s - VOLT Acad\u00e9mie","og_url":"https:\/\/voltacademie.fr\/?page_id=123","og_site_name":"VOLT Acad\u00e9mie","article_publisher":"https:\/\/www.facebook.com\/IpFibreAcademie","article_modified_time":"2024-06-17T19:48:57+00:00","og_image":[{"url":"http:\/\/voltacademie.fr\/wp-content\/uploads\/2024\/06\/cropped-ySrmBZ4JSla_GJpKTBpLMg-1.webp","type":"","width":"","height":""}],"twitter_card":"summary_large_image","schema":{"@context":"https:\/\/schema.org","@graph":[{"@type":"WebPage","@id":"https:\/\/voltacademie.fr\/?page_id=123","url":"https:\/\/voltacademie.fr\/?page_id=123","name":"Actualit\u00e9s - VOLT Acad\u00e9mie","isPartOf":{"@id":"https:\/\/voltacademie.fr\/#website"},"primaryImageOfPage":{"@id":"https:\/\/voltacademie.fr\/?page_id=123#primaryimage"},"image":{"@id":"https:\/\/voltacademie.fr\/?page_id=123#primaryimage"},"thumbnailUrl":"http:\/\/voltacademie.fr\/wp-content\/uploads\/2024\/06\/cropped-ySrmBZ4JSla_GJpKTBpLMg-1.webp","datePublished":"2024-06-17T15:31:13+00:00","dateModified":"2024-06-17T19:48:57+00:00","breadcrumb":{"@id":"https:\/\/voltacademie.fr\/?page_id=123#breadcrumb"},"inLanguage":"fr-FR","potentialAction":[{"@type":"ReadAction","target":["https:\/\/voltacademie.fr\/?page_id=123"]}]},{"@type":"ImageObject","inLanguage":"fr-FR","@id":"https:\/\/voltacademie.fr\/?page_id=123#primaryimage","url":"https:\/\/voltacademie.fr\/wp-content\/uploads\/2024\/06\/cropped-ySrmBZ4JSla_GJpKTBpLMg-1.webp","contentUrl":"https:\/\/voltacademie.fr\/wp-content\/uploads\/2024\/06\/cropped-ySrmBZ4JSla_GJpKTBpLMg-1.webp","width":512,"height":512},{"@type":"BreadcrumbList","@id":"https:\/\/voltacademie.fr\/?page_id=123#breadcrumb","itemListElement":[{"@type":"ListItem","position":1,"name":"Accueil","item":"https:\/\/voltacademie.fr\/"},{"@type":"ListItem","position":2,"name":"Actualit\u00e9s"}]},{"@type":"WebSite","@id":"https:\/\/voltacademie.fr\/#website","url":"https:\/\/voltacademie.fr\/","name":"VOLT Acad\u00e9mie","description":"Centre de formation - S\u00e9curit\u00e9 Electricit\u00e9 IRVE Photovolta\u00efque AIPR Hablitations Electriques - Pertuis - Aix - Marseille - Nice - PACA","publisher":{"@id":"https:\/\/voltacademie.fr\/#organization"},"potentialAction":[{"@type":"SearchAction","target":{"@type":"EntryPoint","urlTemplate":"https:\/\/voltacademie.fr\/?s={search_term_string}"},"query-input":{"@type":"PropertyValueSpecification","valueRequired":true,"valueName":"search_term_string"}}],"inLanguage":"fr-FR"},{"@type":"Organization","@id":"https:\/\/voltacademie.fr\/#organization","name":"VOLT Acad\u00e9mie","url":"https:\/\/voltacademie.fr\/","logo":{"@type":"ImageObject","inLanguage":"fr-FR","@id":"https:\/\/voltacademie.fr\/#\/schema\/logo\/image\/","url":"https:\/\/voltacademie.fr\/wp-content\/uploads\/2024\/06\/cropped-cropped-ySrmBZ4JSla_GJpKTBpLMg-1.webp","contentUrl":"https:\/\/voltacademie.fr\/wp-content\/uploads\/2024\/06\/cropped-cropped-ySrmBZ4JSla_GJpKTBpLMg-1.webp","width":512,"height":384,"caption":"VOLT Acad\u00e9mie"},"image":{"@id":"https:\/\/voltacademie.fr\/#\/schema\/logo\/image\/"},"sameAs":["https:\/\/www.facebook.com\/IpFibreAcademie","https:\/\/www.linkedin.com\/company\/ip-fibre-academie\/"]}]}},"_links":{"self":[{"href":"https:\/\/voltacademie.fr\/index.php?rest_route=\/wp\/v2\/pages\/123","targetHints":{"allow":["GET"]}}],"collection":[{"href":"https:\/\/voltacademie.fr\/index.php?rest_route=\/wp\/v2\/pages"}],"about":[{"href":"https:\/\/voltacademie.fr\/index.php?rest_route=\/wp\/v2\/types\/page"}],"author":[{"embeddable":true,"href":"https:\/\/voltacademie.fr\/index.php?rest_route=\/wp\/v2\/users\/1"}],"replies":[{"embeddable":true,"href":"https:\/\/voltacademie.fr\/index.php?rest_route=%2Fwp%2Fv2%2Fcomments&post=123"}],"version-history":[{"count":4,"href":"https:\/\/voltacademie.fr\/index.php?rest_route=\/wp\/v2\/pages\/123\/revisions"}],"predecessor-version":[{"id":158,"href":"https:\/\/voltacademie.fr\/index.php?rest_route=\/wp\/v2\/pages\/123\/revisions\/158"}],"wp:attachment":[{"href":"https:\/\/voltacademie.fr\/index.php?rest_route=%2Fwp%2Fv2%2Fmedia&parent=123"}],"curies":[{"name":"wp","href":"https:\/\/api.w.org\/{rel}","templated":true}]}}